{"id":5367101,"date":"2024-06-06T14:19:42","date_gmt":"2024-06-06T14:19:42","guid":{"rendered":"https:\/\/theinvisiblecollection.com\/?post_type=product&#038;p=5367101"},"modified":"2026-05-01T07:37:36","modified_gmt":"2026-05-01T07:37:36","slug":"galerie-mcde-pierre-chareau-applique-triple-bloc-auvent","status":"publish","type":"product","link":"https:\/\/theinvisiblecollection.com\/fr\/produit\/galerie-mcde-pierre-chareau-applique-triple-bloc-auvent\/","title":{"rendered":"Applique Triple Bloc Auvent"},"content":{"rendered":"<p style=\"text-align: justify;\">Cr\u00e9\u00e9e en 1923, l&#8217;Applique Double Bloc Auvent pr\u00e9sente \u00e0 la fois une g\u00e9om\u00e9trie rigoureuse et un volume simple permettant de r\u00e9v\u00e9ler la nature min\u00e9rale de l\u2019alb\u00e2tre et le choix minimaliste de Pierre Chareau renforc\u00e9 par l\u2019opposition m\u00e9tal (noir) et alb\u00e2tre (blanc).<\/p>\n","protected":false},"excerpt":{"rendered":"<p>Cr\u00e9\u00e9e en 1923, l&#8217;Applique Double Bloc Auvent pr\u00e9sente \u00e0 la fois une g\u00e9om\u00e9trie rigoureuse et un volume simple permettant de r\u00e9v\u00e9ler la nature min\u00e9rale de l\u2019alb\u00e2tre et le choix minimaliste de Pierre Chareau renforc\u00e9 par l\u2019opposition m\u00e9tal (noir) et alb\u00e2tre (blanc).<\/p>\n","protected":false},"featured_media":5375255,"template":"","meta":{"_acf_changed":false,"content-type":"","_themeisle_gutenberg_block_has_review":false},"product_brand":[],"product_cat":[8975,12507],"product_tag":[9048,9200,10400,11235,14926,22680,22681,22682,22683,22790,31474],"product_designer":[10239,13455],"comfabric":[],"manufacturer":[20718],"reporting_designer":[37389],"samplecomfabric":[],"designer_clubroom":[],"class_list":{"0":"post-5367101","1":"product","2":"type-product","3":"status-publish","4":"has-post-thumbnail","6":"product_cat-appliques-murales","7":"product_cat-luminaires","8":"product_tag-lampe","9":"product_tag-luminaire-fr-2","10":"product_tag-pierre-chareau-fr","11":"product_tag-reedition-fr-fr","12":"product_tag-hplstfav-fr","13":"product_tag-applique-murale-fr","14":"product_tag-applique-fr-2","15":"product_tag-galerie-mcde-fr","16":"product_tag-mouche-fr","17":"product_tag-disponible-immediatement","18":"product_tag-co-white-fr","19":"pa_size-grand-tba-115","20":"pa_size-moyen-tba-114","21":"pa_size-petit-tba-110","22":"product_designer-pierre-chareau-fr","23":"product_designer-galerie-mcde-fr","24":"manufacturer-manufacture-zanzibar-fr","25":"reporting_designer-pierre-chareau","26":"exhibitions-los-angeles-fr","28":"first","29":"instock","30":"taxable","31":"shipping-taxable","32":"purchasable","33":"product-type-variable"},"acf":[],"_links":{"self":[{"href":"https:\/\/theinvisiblecollection.com\/fr\/wp-json\/wp\/v2\/product\/5367101","targetHints":{"allow":["GET"]}}],"collection":[{"href":"https:\/\/theinvisiblecollection.com\/fr\/wp-json\/wp\/v2\/product"}],"about":[{"href":"https:\/\/theinvisiblecollection.com\/fr\/wp-json\/wp\/v2\/types\/product"}],"wp:featuredmedia":[{"embeddable":true,"href":"https:\/\/theinvisiblecollection.com\/fr\/wp-json\/wp\/v2\/media\/5375255"}],"wp:attachment":[{"href":"https:\/\/theinvisiblecollection.com\/fr\/wp-json\/wp\/v2\/media?parent=5367101"}],"wp:term":[{"taxonomy":"product_brand","embeddable":true,"href":"https:\/\/theinvisiblecollection.com\/fr\/wp-json\/wp\/v2\/product_brand?post=5367101"},{"taxonomy":"product_cat","embeddable":true,"href":"https:\/\/theinvisiblecollection.com\/fr\/wp-json\/wp\/v2\/product_cat?post=5367101"},{"taxonomy":"product_tag","embeddable":true,"href":"https:\/\/theinvisiblecollection.com\/fr\/wp-json\/wp\/v2\/product_tag?post=5367101"},{"taxonomy":"product_designer","embeddable":true,"href":"https:\/\/theinvisiblecollection.com\/fr\/wp-json\/wp\/v2\/product_designer?post=5367101"},{"taxonomy":"comfabric","embeddable":true,"href":"https:\/\/theinvisiblecollection.com\/fr\/wp-json\/wp\/v2\/comfabric?post=5367101"},{"taxonomy":"manufacturer","embeddable":true,"href":"https:\/\/theinvisiblecollection.com\/fr\/wp-json\/wp\/v2\/manufacturer?post=5367101"},{"taxonomy":"reporting_designer","embeddable":true,"href":"https:\/\/theinvisiblecollection.com\/fr\/wp-json\/wp\/v2\/reporting_designer?post=5367101"},{"taxonomy":"samplecomfabric","embeddable":true,"href":"https:\/\/theinvisiblecollection.com\/fr\/wp-json\/wp\/v2\/samplecomfabric?post=5367101"},{"taxonomy":"clubroom_product_designer","embeddable":true,"href":"https:\/\/theinvisiblecollection.com\/fr\/wp-json\/wp\/v2\/designer_clubroom?post=5367101"}],"curies":[{"name":"wp","href":"https:\/\/api.w.org\/{rel}","templated":true}]}}