{"id":5368164,"date":"2024-06-10T08:27:25","date_gmt":"2024-06-10T08:27:25","guid":{"rendered":"https:\/\/theinvisiblecollection.com\/?post_type=product&#038;p=5368164"},"modified":"2026-05-01T07:37:36","modified_gmt":"2026-05-01T07:37:36","slug":"marion-stora-etagere-lita","status":"publish","type":"product","link":"https:\/\/theinvisiblecollection.com\/fr\/produit\/marion-stora-etagere-lita\/","title":{"rendered":"\u00c9tag\u00e8re Lita"},"content":{"rendered":"<p style=\"text-align: justify;\"><span class=\"TextRun SCXW228067328 BCX8\" lang=\"FR\" xml:lang=\"FR\" data-contrast=\"auto\"><span class=\"NormalTextRun SCXW228067328 BCX8\" data-ccp-parastyle=\"No Spacing\">La console Lita de Marion Stora, cannel\u00e9e en noyer massif, est fabriqu\u00e9e \u00e0 la main par des artisans fran\u00e7ais. Disponible en diff\u00e9rentes essences de bois et tailles, elle se d\u00e9finit par la douceur de ses courbes et sa l\u00e9g\u00e8ret\u00e9. <\/span><\/span>Cette console est fabriqu\u00e9e en bois massif, une mati\u00e8re naturelle qui r\u00e9agit aux changements de temp\u00e9rature et d\u2019humidit\u00e9 en se dilatant et en se contractant. Les variations de veinage, de couleur et de texture sont inh\u00e9rentes et naturelles.<\/p>\n","protected":false},"excerpt":{"rendered":"<p>La console Lita de Marion Stora, cannel\u00e9e en noyer massif, est fabriqu\u00e9e \u00e0 la main par des artisans fran\u00e7ais. Disponible en diff\u00e9rentes essences de bois et tailles, elle se d\u00e9finit par la douceur de ses courbes et sa l\u00e9g\u00e8ret\u00e9. Cette console est fabriqu\u00e9e en bois massif, une mati\u00e8re naturelle qui r\u00e9agit aux changements de temp\u00e9rature [&hellip;]<\/p>\n","protected":false},"featured_media":5368160,"template":"","meta":{"_acf_changed":false,"content-type":"","_themeisle_gutenberg_block_has_review":false},"product_brand":[],"product_cat":[7675,12503],"product_tag":[9302,35206],"product_designer":[26993],"comfabric":[],"manufacturer":[28442],"reporting_designer":[37809],"samplecomfabric":[],"designer_clubroom":[],"class_list":{"0":"post-5368164","1":"product","2":"type-product","3":"status-publish","4":"has-post-thumbnail","6":"product_cat-consoles-fr","7":"product_cat-tables-fr","8":"product_tag-etagere-fr","9":"product_tag-exclusive-fr","10":"product_designer-marion-stora-fr","11":"manufacturer-laval-pick-up-marion-stora-fr","12":"reporting_designer-marion-stora","14":"first","15":"instock","16":"taxable","17":"shipping-taxable","18":"purchasable","19":"product-type-variable"},"acf":[],"_links":{"self":[{"href":"https:\/\/theinvisiblecollection.com\/fr\/wp-json\/wp\/v2\/product\/5368164","targetHints":{"allow":["GET"]}}],"collection":[{"href":"https:\/\/theinvisiblecollection.com\/fr\/wp-json\/wp\/v2\/product"}],"about":[{"href":"https:\/\/theinvisiblecollection.com\/fr\/wp-json\/wp\/v2\/types\/product"}],"wp:featuredmedia":[{"embeddable":true,"href":"https:\/\/theinvisiblecollection.com\/fr\/wp-json\/wp\/v2\/media\/5368160"}],"wp:attachment":[{"href":"https:\/\/theinvisiblecollection.com\/fr\/wp-json\/wp\/v2\/media?parent=5368164"}],"wp:term":[{"taxonomy":"product_brand","embeddable":true,"href":"https:\/\/theinvisiblecollection.com\/fr\/wp-json\/wp\/v2\/product_brand?post=5368164"},{"taxonomy":"product_cat","embeddable":true,"href":"https:\/\/theinvisiblecollection.com\/fr\/wp-json\/wp\/v2\/product_cat?post=5368164"},{"taxonomy":"product_tag","embeddable":true,"href":"https:\/\/theinvisiblecollection.com\/fr\/wp-json\/wp\/v2\/product_tag?post=5368164"},{"taxonomy":"product_designer","embeddable":true,"href":"https:\/\/theinvisiblecollection.com\/fr\/wp-json\/wp\/v2\/product_designer?post=5368164"},{"taxonomy":"comfabric","embeddable":true,"href":"https:\/\/theinvisiblecollection.com\/fr\/wp-json\/wp\/v2\/comfabric?post=5368164"},{"taxonomy":"manufacturer","embeddable":true,"href":"https:\/\/theinvisiblecollection.com\/fr\/wp-json\/wp\/v2\/manufacturer?post=5368164"},{"taxonomy":"reporting_designer","embeddable":true,"href":"https:\/\/theinvisiblecollection.com\/fr\/wp-json\/wp\/v2\/reporting_designer?post=5368164"},{"taxonomy":"samplecomfabric","embeddable":true,"href":"https:\/\/theinvisiblecollection.com\/fr\/wp-json\/wp\/v2\/samplecomfabric?post=5368164"},{"taxonomy":"clubroom_product_designer","embeddable":true,"href":"https:\/\/theinvisiblecollection.com\/fr\/wp-json\/wp\/v2\/designer_clubroom?post=5368164"}],"curies":[{"name":"wp","href":"https:\/\/api.w.org\/{rel}","templated":true}]}}