{"id":5368184,"date":"2024-06-10T08:47:29","date_gmt":"2024-06-10T08:47:29","guid":{"rendered":"https:\/\/theinvisiblecollection.com\/?post_type=product&#038;p=5368184"},"modified":"2026-05-08T04:38:54","modified_gmt":"2026-05-08T04:38:54","slug":"marion-stora-commode-romance","status":"publish","type":"product","link":"https:\/\/theinvisiblecollection.com\/fr\/produit\/marion-stora-commode-romance\/","title":{"rendered":"Commode Romance"},"content":{"rendered":"<p style=\"text-align: justify;\"><span class=\"TextRun SCXW50076009 BCX8\" lang=\"FR\" xml:lang=\"FR\" data-contrast=\"auto\"><span class=\"NormalTextRun SCXW50076009 BCX8\" data-ccp-parastyle=\"No Spacing\">\u00c9l\u00e9gante et intemporelle, la commode Romance de Marion Stora est en fr\u00eane olivier. Ses poign\u00e9es en laiton vieilli soulignent la simplicit\u00e9 et la puret\u00e9 de ses lignes.\u00a0<\/span><\/span><span class=\"EOP SCXW50076009 BCX8\" data-ccp-props=\"{&quot;201341983&quot;:0,&quot;335559739&quot;:0,&quot;335559740&quot;:240}\">\u00a0<\/span><\/p>\n","protected":false},"excerpt":{"rendered":"<p>\u00c9l\u00e9gante et intemporelle, la commode Romance de Marion Stora est en fr\u00eane olivier. Ses poign\u00e9es en laiton vieilli soulignent la simplicit\u00e9 et la puret\u00e9 de ses lignes.\u00a0\u00a0<\/p>\n","protected":false},"featured_media":5368183,"template":"","meta":{"_acf_changed":false,"content-type":"","_themeisle_gutenberg_block_has_review":false},"product_brand":[],"product_cat":[8957,12505],"product_tag":[35206],"product_designer":[26993],"comfabric":[],"manufacturer":[28442],"reporting_designer":[37809],"samplecomfabric":[],"designer_clubroom":[],"class_list":{"0":"post-5368184","1":"product","2":"type-product","3":"status-publish","4":"has-post-thumbnail","6":"product_cat-commodes","7":"product_cat-rangements","8":"product_tag-exclusive-fr","9":"product_designer-marion-stora-fr","10":"manufacturer-laval-pick-up-marion-stora-fr","11":"reporting_designer-marion-stora","13":"first","14":"instock","15":"taxable","16":"shipping-taxable","17":"purchasable","18":"product-type-variable"},"acf":[],"_links":{"self":[{"href":"https:\/\/theinvisiblecollection.com\/fr\/wp-json\/wp\/v2\/product\/5368184","targetHints":{"allow":["GET"]}}],"collection":[{"href":"https:\/\/theinvisiblecollection.com\/fr\/wp-json\/wp\/v2\/product"}],"about":[{"href":"https:\/\/theinvisiblecollection.com\/fr\/wp-json\/wp\/v2\/types\/product"}],"wp:featuredmedia":[{"embeddable":true,"href":"https:\/\/theinvisiblecollection.com\/fr\/wp-json\/wp\/v2\/media\/5368183"}],"wp:attachment":[{"href":"https:\/\/theinvisiblecollection.com\/fr\/wp-json\/wp\/v2\/media?parent=5368184"}],"wp:term":[{"taxonomy":"product_brand","embeddable":true,"href":"https:\/\/theinvisiblecollection.com\/fr\/wp-json\/wp\/v2\/product_brand?post=5368184"},{"taxonomy":"product_cat","embeddable":true,"href":"https:\/\/theinvisiblecollection.com\/fr\/wp-json\/wp\/v2\/product_cat?post=5368184"},{"taxonomy":"product_tag","embeddable":true,"href":"https:\/\/theinvisiblecollection.com\/fr\/wp-json\/wp\/v2\/product_tag?post=5368184"},{"taxonomy":"product_designer","embeddable":true,"href":"https:\/\/theinvisiblecollection.com\/fr\/wp-json\/wp\/v2\/product_designer?post=5368184"},{"taxonomy":"comfabric","embeddable":true,"href":"https:\/\/theinvisiblecollection.com\/fr\/wp-json\/wp\/v2\/comfabric?post=5368184"},{"taxonomy":"manufacturer","embeddable":true,"href":"https:\/\/theinvisiblecollection.com\/fr\/wp-json\/wp\/v2\/manufacturer?post=5368184"},{"taxonomy":"reporting_designer","embeddable":true,"href":"https:\/\/theinvisiblecollection.com\/fr\/wp-json\/wp\/v2\/reporting_designer?post=5368184"},{"taxonomy":"samplecomfabric","embeddable":true,"href":"https:\/\/theinvisiblecollection.com\/fr\/wp-json\/wp\/v2\/samplecomfabric?post=5368184"},{"taxonomy":"clubroom_product_designer","embeddable":true,"href":"https:\/\/theinvisiblecollection.com\/fr\/wp-json\/wp\/v2\/designer_clubroom?post=5368184"}],"curies":[{"name":"wp","href":"https:\/\/api.w.org\/{rel}","templated":true}]}}