{"id":5368202,"date":"2024-06-10T08:57:31","date_gmt":"2024-06-10T08:57:31","guid":{"rendered":"https:\/\/theinvisiblecollection.com\/?post_type=product&#038;p=5368202"},"modified":"2026-05-01T07:37:36","modified_gmt":"2026-05-01T07:37:36","slug":"marion-stora-enfilade-wo-wo-wo","status":"publish","type":"product","link":"https:\/\/theinvisiblecollection.com\/fr\/produit\/marion-stora-enfilade-wo-wo-wo\/","title":{"rendered":"Enfilade Wo Wo Wo"},"content":{"rendered":"<p style=\"text-align: justify;\"><span class=\"NormalTextRun SCXW116727021 BCX8\" data-ccp-parastyle=\"No Spacing\">L\u2019enfilade <\/span><span class=\"NormalTextRun SpellingErrorV2Themed SCXW116727021 BCX8\" data-ccp-parastyle=\"No Spacing\">Wo<\/span> <span class=\"NormalTextRun SpellingErrorV2Themed SCXW116727021 BCX8\" data-ccp-parastyle=\"No Spacing\">Wo<\/span> <span class=\"NormalTextRun SpellingErrorV2Themed SCXW116727021 BCX8\" data-ccp-parastyle=\"No Spacing\">Wo<\/span><span class=\"NormalTextRun SCXW116727021 BCX8\" data-ccp-parastyle=\"No Spacing\"> de Marion Stora est r\u00e9alis\u00e9e en noyer. Ses tiroirs en noyer massif sculpt\u00e9 affirment sa personnalit\u00e9. Elle conjugue des lignes droites et des arrondis chaleureux, ce qui en fait un meuble aussi beau que fonctionnel.<\/span><\/p>\n","protected":false},"excerpt":{"rendered":"<p>L\u2019enfilade Wo Wo Wo de Marion Stora est r\u00e9alis\u00e9e en noyer. Ses tiroirs en noyer massif sculpt\u00e9 affirment sa personnalit\u00e9. Elle conjugue des lignes droites et des arrondis chaleureux, ce qui en fait un meuble aussi beau que fonctionnel.<\/p>\n","protected":false},"featured_media":5368201,"template":"","meta":{"_acf_changed":false,"content-type":"","_themeisle_gutenberg_block_has_review":false},"product_brand":[],"product_cat":[8957,12505],"product_tag":[35206],"product_designer":[26993],"comfabric":[],"manufacturer":[28442],"reporting_designer":[37809],"samplecomfabric":[],"designer_clubroom":[],"class_list":{"0":"post-5368202","1":"product","2":"type-product","3":"status-publish","4":"has-post-thumbnail","6":"product_cat-commodes","7":"product_cat-rangements","8":"product_tag-exclusive-fr","9":"product_designer-marion-stora-fr","10":"manufacturer-laval-pick-up-marion-stora-fr","11":"reporting_designer-marion-stora","13":"first","14":"instock","15":"taxable","16":"shipping-taxable","17":"purchasable","18":"product-type-variable"},"acf":[],"_links":{"self":[{"href":"https:\/\/theinvisiblecollection.com\/fr\/wp-json\/wp\/v2\/product\/5368202","targetHints":{"allow":["GET"]}}],"collection":[{"href":"https:\/\/theinvisiblecollection.com\/fr\/wp-json\/wp\/v2\/product"}],"about":[{"href":"https:\/\/theinvisiblecollection.com\/fr\/wp-json\/wp\/v2\/types\/product"}],"wp:featuredmedia":[{"embeddable":true,"href":"https:\/\/theinvisiblecollection.com\/fr\/wp-json\/wp\/v2\/media\/5368201"}],"wp:attachment":[{"href":"https:\/\/theinvisiblecollection.com\/fr\/wp-json\/wp\/v2\/media?parent=5368202"}],"wp:term":[{"taxonomy":"product_brand","embeddable":true,"href":"https:\/\/theinvisiblecollection.com\/fr\/wp-json\/wp\/v2\/product_brand?post=5368202"},{"taxonomy":"product_cat","embeddable":true,"href":"https:\/\/theinvisiblecollection.com\/fr\/wp-json\/wp\/v2\/product_cat?post=5368202"},{"taxonomy":"product_tag","embeddable":true,"href":"https:\/\/theinvisiblecollection.com\/fr\/wp-json\/wp\/v2\/product_tag?post=5368202"},{"taxonomy":"product_designer","embeddable":true,"href":"https:\/\/theinvisiblecollection.com\/fr\/wp-json\/wp\/v2\/product_designer?post=5368202"},{"taxonomy":"comfabric","embeddable":true,"href":"https:\/\/theinvisiblecollection.com\/fr\/wp-json\/wp\/v2\/comfabric?post=5368202"},{"taxonomy":"manufacturer","embeddable":true,"href":"https:\/\/theinvisiblecollection.com\/fr\/wp-json\/wp\/v2\/manufacturer?post=5368202"},{"taxonomy":"reporting_designer","embeddable":true,"href":"https:\/\/theinvisiblecollection.com\/fr\/wp-json\/wp\/v2\/reporting_designer?post=5368202"},{"taxonomy":"samplecomfabric","embeddable":true,"href":"https:\/\/theinvisiblecollection.com\/fr\/wp-json\/wp\/v2\/samplecomfabric?post=5368202"},{"taxonomy":"clubroom_product_designer","embeddable":true,"href":"https:\/\/theinvisiblecollection.com\/fr\/wp-json\/wp\/v2\/designer_clubroom?post=5368202"}],"curies":[{"name":"wp","href":"https:\/\/api.w.org\/{rel}","templated":true}]}}