{"id":5368276,"date":"2024-06-10T09:26:03","date_gmt":"2024-06-10T09:26:03","guid":{"rendered":"https:\/\/theinvisiblecollection.com\/?post_type=product&#038;p=5368276"},"modified":"2026-05-01T07:37:36","modified_gmt":"2026-05-01T07:37:36","slug":"marion-stora-tabouret-little-drummer","status":"publish","type":"product","link":"https:\/\/theinvisiblecollection.com\/fr\/produit\/marion-stora-tabouret-little-drummer\/","title":{"rendered":"Tabouret Little Drummer"},"content":{"rendered":"<p style=\"text-align: justify;\"><span class=\"NormalTextRun SCXW216462188 BCX8\" data-ccp-parastyle=\"No Spacing\">Initialement con\u00e7u pour compl\u00e9ter l\u2019enfilade <\/span><span class=\"NormalTextRun SpellingErrorV2Themed SCXW216462188 BCX8\" data-ccp-parastyle=\"No Spacing\">Wo<\/span> <span class=\"NormalTextRun SpellingErrorV2Themed SCXW216462188 BCX8\" data-ccp-parastyle=\"No Spacing\">Wo<\/span> <span class=\"NormalTextRun SpellingErrorV2Themed SCXW216462188 BCX8\" data-ccp-parastyle=\"No Spacing\">Wo<\/span> <span class=\"NormalTextRun SpellingErrorV2Themed SCXW216462188 BCX8\" data-ccp-parastyle=\"No Spacing\">Wo<\/span><span class=\"NormalTextRun SCXW216462188 BCX8\" data-ccp-parastyle=\"No Spacing\">, le tabouret Little Drummer de Marion Stora est enti\u00e8rement recouvert de cuir, ne laissant appara\u00eetre que ses pieds en noyer massif. Sa simplicit\u00e9 et l\u2019\u00e9quilibre de ses proportions en font un meuble tr\u00e8s s\u00e9duisant.<\/span><\/p>\n","protected":false},"excerpt":{"rendered":"<p>Initialement con\u00e7u pour compl\u00e9ter l\u2019enfilade Wo Wo Wo Wo, le tabouret Little Drummer de Marion Stora est enti\u00e8rement recouvert de cuir, ne laissant appara\u00eetre que ses pieds en noyer massif. Sa simplicit\u00e9 et l\u2019\u00e9quilibre de ses proportions en font un meuble tr\u00e8s s\u00e9duisant.<\/p>\n","protected":false},"featured_media":5372790,"template":"","meta":{"_acf_changed":false,"content-type":"","_themeisle_gutenberg_block_has_review":false},"product_brand":[],"product_cat":[8969,12499],"product_tag":[35206],"product_designer":[26993],"comfabric":[],"manufacturer":[28442],"reporting_designer":[37809],"samplecomfabric":[],"designer_clubroom":[],"class_list":{"0":"post-5368276","1":"product","2":"type-product","3":"status-publish","4":"has-post-thumbnail","6":"product_cat-ottomans-tabourets","7":"product_cat-assises","8":"product_tag-exclusive-fr","9":"product_designer-marion-stora-fr","10":"manufacturer-laval-pick-up-marion-stora-fr","11":"reporting_designer-marion-stora","13":"first","14":"instock","15":"taxable","16":"shipping-taxable","17":"purchasable","18":"product-type-variable"},"acf":[],"_links":{"self":[{"href":"https:\/\/theinvisiblecollection.com\/fr\/wp-json\/wp\/v2\/product\/5368276","targetHints":{"allow":["GET"]}}],"collection":[{"href":"https:\/\/theinvisiblecollection.com\/fr\/wp-json\/wp\/v2\/product"}],"about":[{"href":"https:\/\/theinvisiblecollection.com\/fr\/wp-json\/wp\/v2\/types\/product"}],"wp:featuredmedia":[{"embeddable":true,"href":"https:\/\/theinvisiblecollection.com\/fr\/wp-json\/wp\/v2\/media\/5372790"}],"wp:attachment":[{"href":"https:\/\/theinvisiblecollection.com\/fr\/wp-json\/wp\/v2\/media?parent=5368276"}],"wp:term":[{"taxonomy":"product_brand","embeddable":true,"href":"https:\/\/theinvisiblecollection.com\/fr\/wp-json\/wp\/v2\/product_brand?post=5368276"},{"taxonomy":"product_cat","embeddable":true,"href":"https:\/\/theinvisiblecollection.com\/fr\/wp-json\/wp\/v2\/product_cat?post=5368276"},{"taxonomy":"product_tag","embeddable":true,"href":"https:\/\/theinvisiblecollection.com\/fr\/wp-json\/wp\/v2\/product_tag?post=5368276"},{"taxonomy":"product_designer","embeddable":true,"href":"https:\/\/theinvisiblecollection.com\/fr\/wp-json\/wp\/v2\/product_designer?post=5368276"},{"taxonomy":"comfabric","embeddable":true,"href":"https:\/\/theinvisiblecollection.com\/fr\/wp-json\/wp\/v2\/comfabric?post=5368276"},{"taxonomy":"manufacturer","embeddable":true,"href":"https:\/\/theinvisiblecollection.com\/fr\/wp-json\/wp\/v2\/manufacturer?post=5368276"},{"taxonomy":"reporting_designer","embeddable":true,"href":"https:\/\/theinvisiblecollection.com\/fr\/wp-json\/wp\/v2\/reporting_designer?post=5368276"},{"taxonomy":"samplecomfabric","embeddable":true,"href":"https:\/\/theinvisiblecollection.com\/fr\/wp-json\/wp\/v2\/samplecomfabric?post=5368276"},{"taxonomy":"clubroom_product_designer","embeddable":true,"href":"https:\/\/theinvisiblecollection.com\/fr\/wp-json\/wp\/v2\/designer_clubroom?post=5368276"}],"curies":[{"name":"wp","href":"https:\/\/api.w.org\/{rel}","templated":true}]}}