{"id":5368324,"date":"2024-06-10T09:50:40","date_gmt":"2024-06-10T09:50:40","guid":{"rendered":"https:\/\/theinvisiblecollection.com\/?post_type=product&#038;p=5368324"},"modified":"2026-05-01T07:37:36","modified_gmt":"2026-05-01T07:37:36","slug":"marion-stora-table-la-mona","status":"publish","type":"product","link":"https:\/\/theinvisiblecollection.com\/fr\/produit\/marion-stora-table-la-mona\/","title":{"rendered":"Table La Mona"},"content":{"rendered":"<p style=\"text-align: justify;\"><span class=\"NormalTextRun SCXW163615292 BCX8\" data-ccp-parastyle=\"No Spacing\">La table Mona de Marion Stora est une pi\u00e8ce au style chaleureux et accueillant. La r\u00e9flexion de d\u00e9part vient de l\u2019id\u00e9e de deux troncs d&#8217;arbre traversant un plateau de table. Marion Stora souhaitait marquer une empreinte esth\u00e9tique forte et pour cela a fait appel \u00e0 deux artistes de talent qui s&#8217;inspirent des \u00e9l\u00e9ments de la nature et qui ont donn\u00e9 \u00e0 la table Mona son caract\u00e8re unique. Ainsi, cette table \u00e9tonnante associe un pied sculpt\u00e9 en bois d&#8217;Albizia de l\u2019artiste Mauro Mori au plateau unique fa\u00e7onn\u00e9 par Pierre <\/span><span class=\"NormalTextRun SpellingErrorV2Themed SCXW163615292 BCX8\" data-ccp-parastyle=\"No Spacing\">Bonnefille<\/span><span class=\"NormalTextRun SCXW163615292 BCX8\" data-ccp-parastyle=\"No Spacing\">, compos\u00e9 de poudres min\u00e9rales et m\u00e9talliques et de pigments naturels.<\/span><\/p>\n","protected":false},"excerpt":{"rendered":"<p>La table Mona de Marion Stora est une pi\u00e8ce au style chaleureux et accueillant. La r\u00e9flexion de d\u00e9part vient de l\u2019id\u00e9e de deux troncs d&#8217;arbre traversant un plateau de table. Marion Stora souhaitait marquer une empreinte esth\u00e9tique forte et pour cela a fait appel \u00e0 deux artistes de talent qui s&#8217;inspirent des \u00e9l\u00e9ments de la [&hellip;]<\/p>\n","protected":false},"featured_media":5368323,"template":"","meta":{"_acf_changed":false,"content-type":"","_themeisle_gutenberg_block_has_review":false},"product_brand":[],"product_cat":[8977,12503],"product_tag":[8855,33319,35206],"product_designer":[26993],"comfabric":[],"manufacturer":[28442],"reporting_designer":[37809],"samplecomfabric":[],"designer_clubroom":[],"class_list":{"0":"post-5368324","1":"product","2":"type-product","3":"status-publish","4":"has-post-thumbnail","6":"product_cat-tables-salle-a-manger","7":"product_cat-tables-fr","8":"product_tag-table-fr-3","9":"product_tag-edition-limitee","10":"product_tag-exclusive-fr","11":"product_designer-marion-stora-fr","12":"manufacturer-laval-pick-up-marion-stora-fr","13":"reporting_designer-marion-stora","15":"first","16":"instock","17":"taxable","18":"shipping-taxable","19":"purchasable","20":"product-type-simple"},"acf":[],"_links":{"self":[{"href":"https:\/\/theinvisiblecollection.com\/fr\/wp-json\/wp\/v2\/product\/5368324","targetHints":{"allow":["GET"]}}],"collection":[{"href":"https:\/\/theinvisiblecollection.com\/fr\/wp-json\/wp\/v2\/product"}],"about":[{"href":"https:\/\/theinvisiblecollection.com\/fr\/wp-json\/wp\/v2\/types\/product"}],"wp:featuredmedia":[{"embeddable":true,"href":"https:\/\/theinvisiblecollection.com\/fr\/wp-json\/wp\/v2\/media\/5368323"}],"wp:attachment":[{"href":"https:\/\/theinvisiblecollection.com\/fr\/wp-json\/wp\/v2\/media?parent=5368324"}],"wp:term":[{"taxonomy":"product_brand","embeddable":true,"href":"https:\/\/theinvisiblecollection.com\/fr\/wp-json\/wp\/v2\/product_brand?post=5368324"},{"taxonomy":"product_cat","embeddable":true,"href":"https:\/\/theinvisiblecollection.com\/fr\/wp-json\/wp\/v2\/product_cat?post=5368324"},{"taxonomy":"product_tag","embeddable":true,"href":"https:\/\/theinvisiblecollection.com\/fr\/wp-json\/wp\/v2\/product_tag?post=5368324"},{"taxonomy":"product_designer","embeddable":true,"href":"https:\/\/theinvisiblecollection.com\/fr\/wp-json\/wp\/v2\/product_designer?post=5368324"},{"taxonomy":"comfabric","embeddable":true,"href":"https:\/\/theinvisiblecollection.com\/fr\/wp-json\/wp\/v2\/comfabric?post=5368324"},{"taxonomy":"manufacturer","embeddable":true,"href":"https:\/\/theinvisiblecollection.com\/fr\/wp-json\/wp\/v2\/manufacturer?post=5368324"},{"taxonomy":"reporting_designer","embeddable":true,"href":"https:\/\/theinvisiblecollection.com\/fr\/wp-json\/wp\/v2\/reporting_designer?post=5368324"},{"taxonomy":"samplecomfabric","embeddable":true,"href":"https:\/\/theinvisiblecollection.com\/fr\/wp-json\/wp\/v2\/samplecomfabric?post=5368324"},{"taxonomy":"clubroom_product_designer","embeddable":true,"href":"https:\/\/theinvisiblecollection.com\/fr\/wp-json\/wp\/v2\/designer_clubroom?post=5368324"}],"curies":[{"name":"wp","href":"https:\/\/api.w.org\/{rel}","templated":true}]}}