{"id":5369239,"date":"2024-06-12T15:31:02","date_gmt":"2024-06-12T15:31:02","guid":{"rendered":"https:\/\/theinvisiblecollection.com\/?post_type=product&#038;p=5369239"},"modified":"2026-05-01T07:37:36","modified_gmt":"2026-05-01T07:37:36","slug":"marion-stora-canape-chatty","status":"publish","type":"product","link":"https:\/\/theinvisiblecollection.com\/fr\/produit\/marion-stora-canape-chatty\/","title":{"rendered":"Canap\u00e9 Chatty"},"content":{"rendered":"<p style=\"text-align: justify;\"><span class=\"NormalTextRun SCXW263843900 BCX8\" data-ccp-parastyle=\"No Spacing\">La banquette <\/span><span class=\"NormalTextRun SpellingErrorV2Themed SCXW263843900 BCX8\" data-ccp-parastyle=\"No Spacing\">Chatty<\/span><span class=\"NormalTextRun SCXW263843900 BCX8\" data-ccp-parastyle=\"No Spacing\"> de Marion Stora poss\u00e8de une ligne courbe et ondulante qui \u00e9pouse celle d&#8217;une table \u00e0 manger confortable. Fabriqu\u00e9e en ch\u00eane massif bross\u00e9, elle est \u00e0 l&#8217;origine recouverte de nubuck couleur Jade. La banquette <\/span><span class=\"NormalTextRun SpellingErrorV2Themed SCXW263843900 BCX8\" data-ccp-parastyle=\"No Spacing\">Chatty<\/span><span class=\"NormalTextRun SCXW263843900 BCX8\" data-ccp-parastyle=\"No Spacing\"> peut \u00eatre personnalis\u00e9e en une it\u00e9ration lin\u00e9aire dans diff\u00e9rentes tailles et une vari\u00e9t\u00e9 de rev\u00eatements en tissu mais aussi en cuir ou en nubuck.<\/span><\/p>\n","protected":false},"excerpt":{"rendered":"<p>La banquette Chatty de Marion Stora poss\u00e8de une ligne courbe et ondulante qui \u00e9pouse celle d&#8217;une table \u00e0 manger confortable. Fabriqu\u00e9e en ch\u00eane massif bross\u00e9, elle est \u00e0 l&#8217;origine recouverte de nubuck couleur Jade. La banquette Chatty peut \u00eatre personnalis\u00e9e en une it\u00e9ration lin\u00e9aire dans diff\u00e9rentes tailles et une vari\u00e9t\u00e9 de rev\u00eatements en tissu mais [&hellip;]<\/p>\n","protected":false},"featured_media":5370908,"template":"","meta":{"_acf_changed":false,"content-type":"","_themeisle_gutenberg_block_has_review":false},"product_brand":[],"product_cat":[8976,12499],"product_tag":[8942,35206],"product_designer":[26993],"comfabric":[],"manufacturer":[28442],"reporting_designer":[37809],"samplecomfabric":[],"designer_clubroom":[],"class_list":{"0":"post-5369239","1":"product","2":"type-product","3":"status-publish","4":"has-post-thumbnail","6":"product_cat-canapes","7":"product_cat-assises","8":"product_tag-assise","9":"product_tag-exclusive-fr","10":"product_designer-marion-stora-fr","11":"manufacturer-laval-pick-up-marion-stora-fr","12":"reporting_designer-marion-stora","14":"first","15":"instock","16":"taxable","17":"shipping-taxable","18":"purchasable","19":"product-type-variable"},"acf":[],"_links":{"self":[{"href":"https:\/\/theinvisiblecollection.com\/fr\/wp-json\/wp\/v2\/product\/5369239","targetHints":{"allow":["GET"]}}],"collection":[{"href":"https:\/\/theinvisiblecollection.com\/fr\/wp-json\/wp\/v2\/product"}],"about":[{"href":"https:\/\/theinvisiblecollection.com\/fr\/wp-json\/wp\/v2\/types\/product"}],"wp:featuredmedia":[{"embeddable":true,"href":"https:\/\/theinvisiblecollection.com\/fr\/wp-json\/wp\/v2\/media\/5370908"}],"wp:attachment":[{"href":"https:\/\/theinvisiblecollection.com\/fr\/wp-json\/wp\/v2\/media?parent=5369239"}],"wp:term":[{"taxonomy":"product_brand","embeddable":true,"href":"https:\/\/theinvisiblecollection.com\/fr\/wp-json\/wp\/v2\/product_brand?post=5369239"},{"taxonomy":"product_cat","embeddable":true,"href":"https:\/\/theinvisiblecollection.com\/fr\/wp-json\/wp\/v2\/product_cat?post=5369239"},{"taxonomy":"product_tag","embeddable":true,"href":"https:\/\/theinvisiblecollection.com\/fr\/wp-json\/wp\/v2\/product_tag?post=5369239"},{"taxonomy":"product_designer","embeddable":true,"href":"https:\/\/theinvisiblecollection.com\/fr\/wp-json\/wp\/v2\/product_designer?post=5369239"},{"taxonomy":"comfabric","embeddable":true,"href":"https:\/\/theinvisiblecollection.com\/fr\/wp-json\/wp\/v2\/comfabric?post=5369239"},{"taxonomy":"manufacturer","embeddable":true,"href":"https:\/\/theinvisiblecollection.com\/fr\/wp-json\/wp\/v2\/manufacturer?post=5369239"},{"taxonomy":"reporting_designer","embeddable":true,"href":"https:\/\/theinvisiblecollection.com\/fr\/wp-json\/wp\/v2\/reporting_designer?post=5369239"},{"taxonomy":"samplecomfabric","embeddable":true,"href":"https:\/\/theinvisiblecollection.com\/fr\/wp-json\/wp\/v2\/samplecomfabric?post=5369239"},{"taxonomy":"clubroom_product_designer","embeddable":true,"href":"https:\/\/theinvisiblecollection.com\/fr\/wp-json\/wp\/v2\/designer_clubroom?post=5369239"}],"curies":[{"name":"wp","href":"https:\/\/api.w.org\/{rel}","templated":true}]}}