{"id":5369341,"date":"2024-06-12T16:09:48","date_gmt":"2024-06-12T16:09:48","guid":{"rendered":"https:\/\/theinvisiblecollection.com\/?post_type=product&#038;p=5369341"},"modified":"2026-05-01T07:37:36","modified_gmt":"2026-05-01T07:37:36","slug":"marion-stora-tabouret-tina","status":"publish","type":"product","link":"https:\/\/theinvisiblecollection.com\/fr\/produit\/marion-stora-tabouret-tina\/","title":{"rendered":"Tabouret Tina"},"content":{"rendered":"<p style=\"text-align: justify;\"><span class=\"TextRun SCXW100228403 BCX8\" lang=\"FR\" xml:lang=\"FR\" data-contrast=\"auto\"><span class=\"NormalTextRun SCXW100228403 BCX8\" data-ccp-parastyle=\"No Spacing\">Le tabouret Tina de Marion Stora est n\u00e9 de la volont\u00e9 de cr\u00e9er un tabouret de piano qui s&#8217;harmonise \u00e0 la fois avec votre int\u00e9rieur et avec l&#8217;essence de bois de votre piano. Il est con\u00e7u pour \u00eatre fonctionnel, avec une hauteur d&#8217;assise r\u00e9glable par vis, confortable et esth\u00e9tique, gr\u00e2ce au choix du rev\u00eatement. Les pieds sont en noyer massif. Tina peut \u00eatre fabriqu\u00e9 dans une vari\u00e9t\u00e9 de bois et rev\u00eatu de cuir ou de tissu.<\/span><\/span><span class=\"EOP SCXW100228403 BCX8\" data-ccp-props=\"{&quot;201341983&quot;:0,&quot;335559739&quot;:0,&quot;335559740&quot;:240}\">\u00a0<\/span><\/p>\n","protected":false},"excerpt":{"rendered":"<p>Le tabouret Tina de Marion Stora est n\u00e9 de la volont\u00e9 de cr\u00e9er un tabouret de piano qui s&#8217;harmonise \u00e0 la fois avec votre int\u00e9rieur et avec l&#8217;essence de bois de votre piano. Il est con\u00e7u pour \u00eatre fonctionnel, avec une hauteur d&#8217;assise r\u00e9glable par vis, confortable et esth\u00e9tique, gr\u00e2ce au choix du rev\u00eatement. Les [&hellip;]<\/p>\n","protected":false},"featured_media":5372786,"template":"","meta":{"_acf_changed":false,"content-type":"","_themeisle_gutenberg_block_has_review":false},"product_brand":[],"product_cat":[8969,12499],"product_tag":[35206],"product_designer":[26993],"comfabric":[],"manufacturer":[28442],"reporting_designer":[37809],"samplecomfabric":[],"designer_clubroom":[],"class_list":{"0":"post-5369341","1":"product","2":"type-product","3":"status-publish","4":"has-post-thumbnail","6":"product_cat-ottomans-tabourets","7":"product_cat-assises","8":"product_tag-exclusive-fr","9":"pa_fabric-en-blanc-sans-tissu-fr","10":"pa_fabric-tissu-tel-que-photographie","11":"product_designer-marion-stora-fr","12":"manufacturer-laval-pick-up-marion-stora-fr","13":"reporting_designer-marion-stora","15":"first","16":"instock","17":"taxable","18":"shipping-taxable","19":"purchasable","20":"product-type-variable"},"acf":[],"_links":{"self":[{"href":"https:\/\/theinvisiblecollection.com\/fr\/wp-json\/wp\/v2\/product\/5369341","targetHints":{"allow":["GET"]}}],"collection":[{"href":"https:\/\/theinvisiblecollection.com\/fr\/wp-json\/wp\/v2\/product"}],"about":[{"href":"https:\/\/theinvisiblecollection.com\/fr\/wp-json\/wp\/v2\/types\/product"}],"wp:featuredmedia":[{"embeddable":true,"href":"https:\/\/theinvisiblecollection.com\/fr\/wp-json\/wp\/v2\/media\/5372786"}],"wp:attachment":[{"href":"https:\/\/theinvisiblecollection.com\/fr\/wp-json\/wp\/v2\/media?parent=5369341"}],"wp:term":[{"taxonomy":"product_brand","embeddable":true,"href":"https:\/\/theinvisiblecollection.com\/fr\/wp-json\/wp\/v2\/product_brand?post=5369341"},{"taxonomy":"product_cat","embeddable":true,"href":"https:\/\/theinvisiblecollection.com\/fr\/wp-json\/wp\/v2\/product_cat?post=5369341"},{"taxonomy":"product_tag","embeddable":true,"href":"https:\/\/theinvisiblecollection.com\/fr\/wp-json\/wp\/v2\/product_tag?post=5369341"},{"taxonomy":"product_designer","embeddable":true,"href":"https:\/\/theinvisiblecollection.com\/fr\/wp-json\/wp\/v2\/product_designer?post=5369341"},{"taxonomy":"comfabric","embeddable":true,"href":"https:\/\/theinvisiblecollection.com\/fr\/wp-json\/wp\/v2\/comfabric?post=5369341"},{"taxonomy":"manufacturer","embeddable":true,"href":"https:\/\/theinvisiblecollection.com\/fr\/wp-json\/wp\/v2\/manufacturer?post=5369341"},{"taxonomy":"reporting_designer","embeddable":true,"href":"https:\/\/theinvisiblecollection.com\/fr\/wp-json\/wp\/v2\/reporting_designer?post=5369341"},{"taxonomy":"samplecomfabric","embeddable":true,"href":"https:\/\/theinvisiblecollection.com\/fr\/wp-json\/wp\/v2\/samplecomfabric?post=5369341"},{"taxonomy":"clubroom_product_designer","embeddable":true,"href":"https:\/\/theinvisiblecollection.com\/fr\/wp-json\/wp\/v2\/designer_clubroom?post=5369341"}],"curies":[{"name":"wp","href":"https:\/\/api.w.org\/{rel}","templated":true}]}}