{"id":5372344,"date":"2024-06-19T09:08:21","date_gmt":"2024-06-19T09:08:21","guid":{"rendered":"https:\/\/theinvisiblecollection.com\/?post_type=product&#038;p=5372344"},"modified":"2026-05-01T07:37:36","modified_gmt":"2026-05-01T07:37:36","slug":"hugo-drubay-miroir-aux-arbres-or-m","status":"publish","type":"product","link":"https:\/\/theinvisiblecollection.com\/fr\/produit\/hugo-drubay-miroir-aux-arbres-or-m\/","title":{"rendered":"Miroir Aux Arbres Or M"},"content":{"rendered":"<p style=\"text-align: justify;\">La collection de meubles &#8220;Aux Arbres&#8221; c\u00e9l\u00e8bre la nature, en particulier le mystique qui \u00e9mane lorsque nous nous trouvons en for\u00eat. Son nom est inspir\u00e9 du po\u00e8me de Victor Hugo, &#8220;Aux Arbres&#8221;, qui repr\u00e9sente l&#8217;intention cr\u00e9ative de Hugo Drubay. Il cherche \u00e0 capturer la v\u00e9rit\u00e9 de la nature \u00e0 travers la sculpture et le mystique des arbres.<\/p>\n<p style=\"text-align: justify;\">Hugo Drubay veut mettre en avant l&#8217;art de la tradition de la sculpture sur bois dans le mobilier. Il s&#8217;inspire \u00e0 la fois du mobilier Louis XV, comme les consoles murales dor\u00e9es \u00e0 la feuille, et de l&#8217;Art Nouveau, notamment l&#8217;\u0153uvre de l&#8217;\u00e9b\u00e9niste Louis Majorelle.<\/p>\n<p style=\"text-align: justify;\">Dans ses miroirs, Hugo Drubay souhaite repr\u00e9senter l&#8217;id\u00e9e des perc\u00e9es de lumi\u00e8re filtrant \u00e0 travers les branches d&#8217;arbres en for\u00eat. C&#8217;est comme si un faisceau de lumi\u00e8re dor\u00e9e et douce illuminait la beaut\u00e9 des formes sinueuses et l&#8217;harmonie qui se d\u00e9gage de cette sc\u00e8ne.<\/p>\n","protected":false},"excerpt":{"rendered":"<p>La collection de meubles &#8220;Aux Arbres&#8221; c\u00e9l\u00e8bre la nature, en particulier le mystique qui \u00e9mane lorsque nous nous trouvons en for\u00eat. Son nom est inspir\u00e9 du po\u00e8me de Victor Hugo, &#8220;Aux Arbres&#8221;, qui repr\u00e9sente l&#8217;intention cr\u00e9ative de Hugo Drubay. Il cherche \u00e0 capturer la v\u00e9rit\u00e9 de la nature \u00e0 travers la sculpture et le mystique [&hellip;]<\/p>\n","protected":false},"featured_media":5373754,"template":"","meta":{"_acf_changed":false,"content-type":"","_themeisle_gutenberg_block_has_review":false},"product_brand":[],"product_cat":[8225,7517],"product_tag":[33319,7435],"product_designer":[16972],"comfabric":[],"manufacturer":[34016],"reporting_designer":[37289],"samplecomfabric":[],"designer_clubroom":[],"class_list":{"0":"post-5372344","1":"product","2":"type-product","3":"status-publish","4":"has-post-thumbnail","6":"product_cat-miroirs-fr","7":"product_cat-deco-fr","8":"product_tag-edition-limitee","9":"product_tag-new-in-fr","10":"product_designer-hugo-drubay-fr","11":"manufacturer-hugo-drubay-atelier-perucca-peronino-fr","12":"reporting_designer-hugo-drubay","14":"first","15":"instock","16":"taxable","17":"shipping-taxable","18":"purchasable","19":"product-type-variable"},"acf":[],"_links":{"self":[{"href":"https:\/\/theinvisiblecollection.com\/fr\/wp-json\/wp\/v2\/product\/5372344","targetHints":{"allow":["GET"]}}],"collection":[{"href":"https:\/\/theinvisiblecollection.com\/fr\/wp-json\/wp\/v2\/product"}],"about":[{"href":"https:\/\/theinvisiblecollection.com\/fr\/wp-json\/wp\/v2\/types\/product"}],"wp:featuredmedia":[{"embeddable":true,"href":"https:\/\/theinvisiblecollection.com\/fr\/wp-json\/wp\/v2\/media\/5373754"}],"wp:attachment":[{"href":"https:\/\/theinvisiblecollection.com\/fr\/wp-json\/wp\/v2\/media?parent=5372344"}],"wp:term":[{"taxonomy":"product_brand","embeddable":true,"href":"https:\/\/theinvisiblecollection.com\/fr\/wp-json\/wp\/v2\/product_brand?post=5372344"},{"taxonomy":"product_cat","embeddable":true,"href":"https:\/\/theinvisiblecollection.com\/fr\/wp-json\/wp\/v2\/product_cat?post=5372344"},{"taxonomy":"product_tag","embeddable":true,"href":"https:\/\/theinvisiblecollection.com\/fr\/wp-json\/wp\/v2\/product_tag?post=5372344"},{"taxonomy":"product_designer","embeddable":true,"href":"https:\/\/theinvisiblecollection.com\/fr\/wp-json\/wp\/v2\/product_designer?post=5372344"},{"taxonomy":"comfabric","embeddable":true,"href":"https:\/\/theinvisiblecollection.com\/fr\/wp-json\/wp\/v2\/comfabric?post=5372344"},{"taxonomy":"manufacturer","embeddable":true,"href":"https:\/\/theinvisiblecollection.com\/fr\/wp-json\/wp\/v2\/manufacturer?post=5372344"},{"taxonomy":"reporting_designer","embeddable":true,"href":"https:\/\/theinvisiblecollection.com\/fr\/wp-json\/wp\/v2\/reporting_designer?post=5372344"},{"taxonomy":"samplecomfabric","embeddable":true,"href":"https:\/\/theinvisiblecollection.com\/fr\/wp-json\/wp\/v2\/samplecomfabric?post=5372344"},{"taxonomy":"clubroom_product_designer","embeddable":true,"href":"https:\/\/theinvisiblecollection.com\/fr\/wp-json\/wp\/v2\/designer_clubroom?post=5372344"}],"curies":[{"name":"wp","href":"https:\/\/api.w.org\/{rel}","templated":true}]}}