{"id":5376381,"date":"2024-06-27T12:44:45","date_gmt":"2024-06-27T12:44:45","guid":{"rendered":"https:\/\/theinvisiblecollection.com\/?post_type=product&#038;p=5376381"},"modified":"2026-05-08T04:38:51","modified_gmt":"2026-05-08T04:38:51","slug":"galerie-mcde-pierre-chareau-suspension-boule","status":"publish","type":"product","link":"https:\/\/theinvisiblecollection.com\/fr\/produit\/galerie-mcde-pierre-chareau-suspension-boule\/","title":{"rendered":"Suspension Boule"},"content":{"rendered":"<p><span class=\"TextRun SCXW190343176 BCX0\" lang=\"EN-GB\" xml:lang=\"EN-GB\" data-contrast=\"auto\"><span class=\"NormalTextRun SCXW190343176 BCX0\">Cr\u00e9\u00e9e<\/span> <span class=\"NormalTextRun SCXW190343176 BCX0\">en<\/span><span class=\"NormalTextRun SCXW190343176 BCX0\"> 1925. \u00c0 travers le design de <\/span><span class=\"NormalTextRun SCXW190343176 BCX0\">ce<\/span> <span class=\"NormalTextRun SCXW190343176 BCX0\">plafonnier<\/span><span class=\"NormalTextRun SCXW190343176 BCX0\">, Pierre <\/span><span class=\"NormalTextRun SCXW190343176 BCX0\">Chareau<\/span> <span class=\"NormalTextRun SCXW190343176 BCX0\">exprime<\/span> <span class=\"NormalTextRun SCXW190343176 BCX0\">sa<\/span> <span class=\"NormalTextRun SCXW190343176 BCX0\">qu\u00eate<\/span> <span class=\"NormalTextRun SCXW190343176 BCX0\">d&#8217;\u00e9l\u00e9gance<\/span><span class=\"NormalTextRun SCXW190343176 BCX0\"> et de <\/span><span class=\"NormalTextRun SCXW190343176 BCX0\">qualit\u00e9<\/span><span class=\"NormalTextRun SCXW190343176 BCX0\"> de lumi\u00e8re. Au bout d&#8217;un bras, les <\/span><span class=\"NormalTextRun SCXW190343176 BCX0\">panneaux<\/span> <span class=\"NormalTextRun SCXW190343176 BCX0\">d&#8217;alb\u00e2tre<\/span> <span class=\"NormalTextRun SCXW190343176 BCX0\">forment<\/span> <span class=\"NormalTextRun SCXW190343176 BCX0\">une<\/span><span class=\"NormalTextRun SCXW190343176 BCX0\"> fleur <\/span><span class=\"NormalTextRun SCXW190343176 BCX0\">invers\u00e9e<\/span><span class=\"NormalTextRun SCXW190343176 BCX0\"> qui se <\/span><span class=\"NormalTextRun SCXW190343176 BCX0\">refl\u00e8te<\/span><span class=\"NormalTextRun SCXW190343176 BCX0\"> au plafond sous la <\/span><span class=\"NormalTextRun SCXW190343176 BCX0\">forme<\/span> <span class=\"NormalTextRun SCXW190343176 BCX0\">d&#8217;une<\/span><span class=\"NormalTextRun SCXW190343176 BCX0\"> \u00e9toile&#8230;<\/span><\/span><span class=\"EOP SCXW190343176 BCX0\" data-ccp-props=\"{&quot;335551550&quot;:2,&quot;335551620&quot;:2}\">\u00a0<\/span><\/p>\n","protected":false},"excerpt":{"rendered":"<p>Cr\u00e9\u00e9e en 1925. \u00c0 travers le design de ce plafonnier, Pierre Chareau exprime sa qu\u00eate d&#8217;\u00e9l\u00e9gance et de qualit\u00e9 de lumi\u00e8re. Au bout d&#8217;un bras, les panneaux d&#8217;alb\u00e2tre forment une fleur invers\u00e9e qui se refl\u00e8te au plafond sous la forme d&#8217;une \u00e9toile&#8230;\u00a0<\/p>\n","protected":false},"featured_media":5376395,"template":"","meta":{"_acf_changed":false,"content-type":"","_themeisle_gutenberg_block_has_review":false},"product_brand":[],"product_cat":[8961,12507],"product_tag":[7435,11235,22790],"product_designer":[10239,13455],"comfabric":[],"manufacturer":[34907],"reporting_designer":[37389],"samplecomfabric":[],"designer_clubroom":[],"class_list":{"0":"post-5376381","1":"product","2":"type-product","3":"status-publish","4":"has-post-thumbnail","6":"product_cat-suspensions","7":"product_cat-luminaires","8":"product_tag-new-in-fr","9":"product_tag-reedition-fr-fr","10":"product_tag-disponible-immediatement","11":"pa_size-grand-sus-101b","12":"pa_size-petit-sus-101a","13":"product_designer-pierre-chareau-fr","14":"product_designer-galerie-mcde-fr","15":"manufacturer-sefec-galerie-mcde-fr","16":"reporting_designer-pierre-chareau","18":"first","19":"instock","20":"taxable","21":"shipping-taxable","22":"purchasable","23":"product-type-variable"},"acf":[],"_links":{"self":[{"href":"https:\/\/theinvisiblecollection.com\/fr\/wp-json\/wp\/v2\/product\/5376381","targetHints":{"allow":["GET"]}}],"collection":[{"href":"https:\/\/theinvisiblecollection.com\/fr\/wp-json\/wp\/v2\/product"}],"about":[{"href":"https:\/\/theinvisiblecollection.com\/fr\/wp-json\/wp\/v2\/types\/product"}],"wp:featuredmedia":[{"embeddable":true,"href":"https:\/\/theinvisiblecollection.com\/fr\/wp-json\/wp\/v2\/media\/5376395"}],"wp:attachment":[{"href":"https:\/\/theinvisiblecollection.com\/fr\/wp-json\/wp\/v2\/media?parent=5376381"}],"wp:term":[{"taxonomy":"product_brand","embeddable":true,"href":"https:\/\/theinvisiblecollection.com\/fr\/wp-json\/wp\/v2\/product_brand?post=5376381"},{"taxonomy":"product_cat","embeddable":true,"href":"https:\/\/theinvisiblecollection.com\/fr\/wp-json\/wp\/v2\/product_cat?post=5376381"},{"taxonomy":"product_tag","embeddable":true,"href":"https:\/\/theinvisiblecollection.com\/fr\/wp-json\/wp\/v2\/product_tag?post=5376381"},{"taxonomy":"product_designer","embeddable":true,"href":"https:\/\/theinvisiblecollection.com\/fr\/wp-json\/wp\/v2\/product_designer?post=5376381"},{"taxonomy":"comfabric","embeddable":true,"href":"https:\/\/theinvisiblecollection.com\/fr\/wp-json\/wp\/v2\/comfabric?post=5376381"},{"taxonomy":"manufacturer","embeddable":true,"href":"https:\/\/theinvisiblecollection.com\/fr\/wp-json\/wp\/v2\/manufacturer?post=5376381"},{"taxonomy":"reporting_designer","embeddable":true,"href":"https:\/\/theinvisiblecollection.com\/fr\/wp-json\/wp\/v2\/reporting_designer?post=5376381"},{"taxonomy":"samplecomfabric","embeddable":true,"href":"https:\/\/theinvisiblecollection.com\/fr\/wp-json\/wp\/v2\/samplecomfabric?post=5376381"},{"taxonomy":"clubroom_product_designer","embeddable":true,"href":"https:\/\/theinvisiblecollection.com\/fr\/wp-json\/wp\/v2\/designer_clubroom?post=5376381"}],"curies":[{"name":"wp","href":"https:\/\/api.w.org\/{rel}","templated":true}]}}