{"id":5376456,"date":"2024-06-27T13:14:23","date_gmt":"2024-06-27T13:14:23","guid":{"rendered":"https:\/\/theinvisiblecollection.com\/?post_type=product&#038;p=5376456"},"modified":"2026-05-01T07:37:36","modified_gmt":"2026-05-01T07:37:36","slug":"galerie-mcde-pierre-chareau-applique-quart-de-rond","status":"publish","type":"product","link":"https:\/\/theinvisiblecollection.com\/fr\/produit\/galerie-mcde-pierre-chareau-applique-quart-de-rond\/","title":{"rendered":"Applique Quart De Rond"},"content":{"rendered":"<p><span class=\"TextRun SCXW237332978 BCX0\" lang=\"EN-GB\" xml:lang=\"EN-GB\" data-contrast=\"auto\"><span class=\"NormalTextRun SCXW237332978 BCX0\">Con\u00e7ue<\/span> <span class=\"NormalTextRun SCXW237332978 BCX0\">en<\/span><span class=\"NormalTextRun SCXW237332978 BCX0\"> 1922, <\/span><span class=\"NormalTextRun SCXW237332978 BCX0\">cette<\/span> <span class=\"NormalTextRun SCXW237332978 BCX0\">lampe<\/span> <span class=\"NormalTextRun SCXW237332978 BCX0\">pivotante<\/span> <span class=\"NormalTextRun SCXW237332978 BCX0\">est<\/span> <span class=\"NormalTextRun SCXW237332978 BCX0\">embl\u00e9matique<\/span><span class=\"NormalTextRun SCXW237332978 BCX0\"> de <\/span><span class=\"NormalTextRun SCXW237332978 BCX0\">l&#8217;inspiration<\/span> <span class=\"NormalTextRun SCXW237332978 BCX0\">cubiste<\/span><span class=\"NormalTextRun SCXW237332978 BCX0\"> de Pierre <\/span><span class=\"NormalTextRun SCXW237332978 BCX0\">Chareau<\/span><span class=\"NormalTextRun SCXW237332978 BCX0\">. Telle <\/span><span class=\"NormalTextRun SCXW237332978 BCX0\">une<\/span><span class=\"NormalTextRun SCXW237332978 BCX0\"> statue, <\/span><span class=\"NormalTextRun SCXW237332978 BCX0\">elle<\/span> <span class=\"NormalTextRun SCXW237332978 BCX0\">regarde<\/span><span class=\"NormalTextRun SCXW237332978 BCX0\"> \u00e0 travers les deux <\/span><span class=\"NormalTextRun SCXW237332978 BCX0\">panneaux<\/span> <span class=\"NormalTextRun SCXW237332978 BCX0\">d&#8217;alb\u00e2tre<\/span><span class=\"NormalTextRun SCXW237332978 BCX0\"> formant le visage, le <\/span><span class=\"NormalTextRun SCXW237332978 BCX0\">m\u00e9tal<\/span> <span class=\"NormalTextRun SCXW237332978 BCX0\">constituant<\/span><span class=\"NormalTextRun SCXW237332978 BCX0\"> le corps.<\/span><\/span><span class=\"EOP SCXW237332978 BCX0\" data-ccp-props=\"{&quot;335551550&quot;:2,&quot;335551620&quot;:2}\">\u00a0<\/span><\/p>\n","protected":false},"excerpt":{"rendered":"<p>Con\u00e7ue en 1922, cette lampe pivotante est embl\u00e9matique de l&#8217;inspiration cubiste de Pierre Chareau. Telle une statue, elle regarde \u00e0 travers les deux panneaux d&#8217;alb\u00e2tre formant le visage, le m\u00e9tal constituant le corps.\u00a0<\/p>\n","protected":false},"featured_media":5376471,"template":"","meta":{"_acf_changed":false,"content-type":"","_themeisle_gutenberg_block_has_review":false},"product_brand":[],"product_cat":[8975,12507],"product_tag":[7435,11235],"product_designer":[10239,13455],"comfabric":[],"manufacturer":[20718],"reporting_designer":[37389],"samplecomfabric":[],"designer_clubroom":[],"class_list":{"0":"post-5376456","1":"product","2":"type-product","3":"status-publish","4":"has-post-thumbnail","6":"product_cat-appliques-murales","7":"product_cat-luminaires","8":"product_tag-new-in-fr","9":"product_tag-reedition-fr-fr","10":"product_designer-pierre-chareau-fr","11":"product_designer-galerie-mcde-fr","12":"manufacturer-manufacture-zanzibar-fr","13":"reporting_designer-pierre-chareau","15":"first","16":"instock","17":"taxable","18":"shipping-taxable","19":"purchasable","20":"product-type-variable"},"acf":[],"_links":{"self":[{"href":"https:\/\/theinvisiblecollection.com\/fr\/wp-json\/wp\/v2\/product\/5376456","targetHints":{"allow":["GET"]}}],"collection":[{"href":"https:\/\/theinvisiblecollection.com\/fr\/wp-json\/wp\/v2\/product"}],"about":[{"href":"https:\/\/theinvisiblecollection.com\/fr\/wp-json\/wp\/v2\/types\/product"}],"wp:featuredmedia":[{"embeddable":true,"href":"https:\/\/theinvisiblecollection.com\/fr\/wp-json\/wp\/v2\/media\/5376471"}],"wp:attachment":[{"href":"https:\/\/theinvisiblecollection.com\/fr\/wp-json\/wp\/v2\/media?parent=5376456"}],"wp:term":[{"taxonomy":"product_brand","embeddable":true,"href":"https:\/\/theinvisiblecollection.com\/fr\/wp-json\/wp\/v2\/product_brand?post=5376456"},{"taxonomy":"product_cat","embeddable":true,"href":"https:\/\/theinvisiblecollection.com\/fr\/wp-json\/wp\/v2\/product_cat?post=5376456"},{"taxonomy":"product_tag","embeddable":true,"href":"https:\/\/theinvisiblecollection.com\/fr\/wp-json\/wp\/v2\/product_tag?post=5376456"},{"taxonomy":"product_designer","embeddable":true,"href":"https:\/\/theinvisiblecollection.com\/fr\/wp-json\/wp\/v2\/product_designer?post=5376456"},{"taxonomy":"comfabric","embeddable":true,"href":"https:\/\/theinvisiblecollection.com\/fr\/wp-json\/wp\/v2\/comfabric?post=5376456"},{"taxonomy":"manufacturer","embeddable":true,"href":"https:\/\/theinvisiblecollection.com\/fr\/wp-json\/wp\/v2\/manufacturer?post=5376456"},{"taxonomy":"reporting_designer","embeddable":true,"href":"https:\/\/theinvisiblecollection.com\/fr\/wp-json\/wp\/v2\/reporting_designer?post=5376456"},{"taxonomy":"samplecomfabric","embeddable":true,"href":"https:\/\/theinvisiblecollection.com\/fr\/wp-json\/wp\/v2\/samplecomfabric?post=5376456"},{"taxonomy":"clubroom_product_designer","embeddable":true,"href":"https:\/\/theinvisiblecollection.com\/fr\/wp-json\/wp\/v2\/designer_clubroom?post=5376456"}],"curies":[{"name":"wp","href":"https:\/\/api.w.org\/{rel}","templated":true}]}}