{"id":5379456,"date":"2024-07-04T07:56:16","date_gmt":"2024-07-04T07:56:16","guid":{"rendered":"https:\/\/theinvisiblecollection.com\/?post_type=product&#038;p=5379456"},"modified":"2026-05-01T07:37:36","modified_gmt":"2026-05-01T07:37:36","slug":"jerome-bugara-fauteuil-baine","status":"publish","type":"product","link":"https:\/\/theinvisiblecollection.com\/fr\/produit\/jerome-bugara-fauteuil-baine\/","title":{"rendered":"Fauteuil Baine"},"content":{"rendered":"<p><span data-contrast=\"none\">Ba\u00efne, un mot secret, myst\u00e9rieux, qui cache sous sa douceur une force imp\u00e9tueuse, comme ces \u00e9tendues d\u2019eau apparemment paisibles, o\u00f9 les courants invisibles de l\u2019Atlantique r\u00e9v\u00e8lent une nature insoup\u00e7onn\u00e9e.<\/span><span data-ccp-props=\"{&quot;134233117&quot;:false,&quot;134233118&quot;:false,&quot;335551550&quot;:6,&quot;335551620&quot;:6,&quot;335559738&quot;:0,&quot;335559739&quot;:0}\">\u00a0<\/span><\/p>\n<p><span data-contrast=\"none\">Dans cette collection, J\u00e9r\u00f4me et Maygane nous invitent \u00e0 plonger dans le paradoxe fascinant d\u2019une beaut\u00e9 et d\u2019une puissance secr\u00e8tes, cette rencontre de la douceur et de la temp\u00eate, de l\u2019harmonie et du danger.<\/span><span data-ccp-props=\"{&quot;134233117&quot;:false,&quot;134233118&quot;:false,&quot;335551550&quot;:6,&quot;335551620&quot;:6,&quot;335559738&quot;:0,&quot;335559739&quot;:0}\">\u00a0<\/span><\/p>\n<p><span data-contrast=\"none\">Ba\u00efne \u00e9voque l\u2019oc\u00e9an Atlantique cher \u00e0 Maygane, les plages infinies du sud-ouest, o\u00f9 l\u2019horizon se fond dans les eaux translucides.<\/span><span data-ccp-props=\"{&quot;134233117&quot;:false,&quot;134233118&quot;:false,&quot;335551550&quot;:6,&quot;335551620&quot;:6,&quot;335559738&quot;:0,&quot;335559739&quot;:0}\">\u00a0<\/span><\/p>\n<p><span data-contrast=\"none\">Mais derri\u00e8re cette splendeur se cache une v\u00e9rit\u00e9 plus sombre, celle de la mer, capricieuse et insaisissable, qui guide cette cr\u00e9ation avec une force tranquille, \u00e0 l\u2019image de l\u2019eau claire qui envo\u00fbte sans jamais tout \u00e0 fait se livrer.<\/span><span data-ccp-props=\"{&quot;134233117&quot;:false,&quot;134233118&quot;:false,&quot;335551550&quot;:6,&quot;335551620&quot;:6,&quot;335559738&quot;:0,&quot;335559739&quot;:0}\">\u00a0<\/span><\/p>\n<p><span data-contrast=\"none\">Les canap\u00e9s et m\u00e9ridiennes de la collection Ba\u00efne portent en eux cette dualit\u00e9 : l\u2019alliance de la s\u00e9r\u00e9nit\u00e9 et du mouvement, le confort d\u2019une assise profonde, enveloppante, et l\u2019\u00e9l\u00e9gance d\u2019une forme pure, presque intemporelle.<\/span><span data-ccp-props=\"{&quot;134233117&quot;:false,&quot;134233118&quot;:false,&quot;335551550&quot;:6,&quot;335551620&quot;:6,&quot;335559738&quot;:0,&quot;335559739&quot;:0}\">\u00a0<\/span><\/p>\n<p><span data-contrast=\"none\">Chaque ligne, chaque courbe, chaque tissu, t\u00e9moigne de ce paradoxe. Un appel \u00e0 la d\u00e9tente, mais aussi une invitation \u00e0 d\u00e9couvrir la beaut\u00e9 cach\u00e9e, celle qui, tout en douceur, nous rappelle la puissance de ce qui se cache sous la surface.<\/span><span data-ccp-props=\"{&quot;134233117&quot;:false,&quot;134233118&quot;:false,&quot;335551550&quot;:6,&quot;335551620&quot;:6,&quot;335559738&quot;:0,&quot;335559739&quot;:0}\">\u00a0<\/span><\/p>\n<p style=\"text-align: justify;\"><span class=\"EOP SCXW260085999 BCX0\" data-ccp-props=\"{&quot;134233117&quot;:false,&quot;134233118&quot;:false,&quot;201341983&quot;:0,&quot;335551550&quot;:2,&quot;335551620&quot;:2,&quot;335559738&quot;:0,&quot;335559739&quot;:0,&quot;335559740&quot;:279}\">\u00a0<\/span><\/p>\n","protected":false},"excerpt":{"rendered":"<p>Ba\u00efne, un mot secret, myst\u00e9rieux, qui cache sous sa douceur une force imp\u00e9tueuse, comme ces \u00e9tendues d\u2019eau apparemment paisibles, o\u00f9 les courants invisibles de l\u2019Atlantique r\u00e9v\u00e8lent une nature insoup\u00e7onn\u00e9e.\u00a0 Dans cette collection, J\u00e9r\u00f4me et Maygane nous invitent \u00e0 plonger dans le paradoxe fascinant d\u2019une beaut\u00e9 et d\u2019une puissance secr\u00e8tes, cette rencontre de la douceur et [&hellip;]<\/p>\n","protected":false},"featured_media":5379462,"template":"","meta":{"_acf_changed":false,"content-type":"","_themeisle_gutenberg_block_has_review":false},"product_brand":[],"product_cat":[8945,12499],"product_tag":[],"product_designer":[28363],"comfabric":[],"manufacturer":[31561],"reporting_designer":[37651],"samplecomfabric":[],"designer_clubroom":[],"class_list":{"0":"post-5379456","1":"product","2":"type-product","3":"status-publish","4":"has-post-thumbnail","6":"product_cat-fauteuils","7":"product_cat-assises","8":"product_designer-jerome-bugara-fr","9":"manufacturer-trend-design-pick-up-jerome-bugara-fr","10":"reporting_designer-jerome-bugara","12":"first","13":"instock","14":"taxable","15":"shipping-taxable","16":"purchasable","17":"product-type-variable"},"acf":[],"_links":{"self":[{"href":"https:\/\/theinvisiblecollection.com\/fr\/wp-json\/wp\/v2\/product\/5379456","targetHints":{"allow":["GET"]}}],"collection":[{"href":"https:\/\/theinvisiblecollection.com\/fr\/wp-json\/wp\/v2\/product"}],"about":[{"href":"https:\/\/theinvisiblecollection.com\/fr\/wp-json\/wp\/v2\/types\/product"}],"wp:featuredmedia":[{"embeddable":true,"href":"https:\/\/theinvisiblecollection.com\/fr\/wp-json\/wp\/v2\/media\/5379462"}],"wp:attachment":[{"href":"https:\/\/theinvisiblecollection.com\/fr\/wp-json\/wp\/v2\/media?parent=5379456"}],"wp:term":[{"taxonomy":"product_brand","embeddable":true,"href":"https:\/\/theinvisiblecollection.com\/fr\/wp-json\/wp\/v2\/product_brand?post=5379456"},{"taxonomy":"product_cat","embeddable":true,"href":"https:\/\/theinvisiblecollection.com\/fr\/wp-json\/wp\/v2\/product_cat?post=5379456"},{"taxonomy":"product_tag","embeddable":true,"href":"https:\/\/theinvisiblecollection.com\/fr\/wp-json\/wp\/v2\/product_tag?post=5379456"},{"taxonomy":"product_designer","embeddable":true,"href":"https:\/\/theinvisiblecollection.com\/fr\/wp-json\/wp\/v2\/product_designer?post=5379456"},{"taxonomy":"comfabric","embeddable":true,"href":"https:\/\/theinvisiblecollection.com\/fr\/wp-json\/wp\/v2\/comfabric?post=5379456"},{"taxonomy":"manufacturer","embeddable":true,"href":"https:\/\/theinvisiblecollection.com\/fr\/wp-json\/wp\/v2\/manufacturer?post=5379456"},{"taxonomy":"reporting_designer","embeddable":true,"href":"https:\/\/theinvisiblecollection.com\/fr\/wp-json\/wp\/v2\/reporting_designer?post=5379456"},{"taxonomy":"samplecomfabric","embeddable":true,"href":"https:\/\/theinvisiblecollection.com\/fr\/wp-json\/wp\/v2\/samplecomfabric?post=5379456"},{"taxonomy":"clubroom_product_designer","embeddable":true,"href":"https:\/\/theinvisiblecollection.com\/fr\/wp-json\/wp\/v2\/designer_clubroom?post=5379456"}],"curies":[{"name":"wp","href":"https:\/\/api.w.org\/{rel}","templated":true}]}}