{"id":5379473,"date":"2024-07-04T08:08:23","date_gmt":"2024-07-04T08:08:23","guid":{"rendered":"https:\/\/theinvisiblecollection.com\/?post_type=product&#038;p=5379473"},"modified":"2026-05-01T07:37:36","modified_gmt":"2026-05-01T07:37:36","slug":"jerome-bugara-canape-butterfly-curve-3-places","status":"publish","type":"product","link":"https:\/\/theinvisiblecollection.com\/fr\/produit\/jerome-bugara-canape-butterfly-curve-3-places\/","title":{"rendered":"Canap\u00e9 Butterfly Curve 3 Places"},"content":{"rendered":"<p><span class=\"TextRun SCXW169190515 BCX8\" lang=\"FR-FR\" xml:lang=\"FR-FR\" data-contrast=\"none\"><span class=\"NormalTextRun SCXW169190515 BCX8\">N\u00e9e du souffle d\u2019une renaissance, la Collection Butterfly est un <\/span><span class=\"NormalTextRun SCXW169190515 BCX8\">hommage<\/span><span class=\"NormalTextRun SCXW169190515 BCX8\"> \u00e0 la d\u00e9licatesse et \u00e0 l\u2019espoir, un symbole vivant d\u2019une <\/span><span class=\"NormalTextRun SCXW169190515 BCX8\">m\u00e9tamorphose<\/span><span class=\"NormalTextRun SCXW169190515 BCX8\">. Comme l&#8217;\u00e9crivait Lamartine, elle \u00e9voque la tendresse d\u2019une caresse <\/span><span class=\"NormalTextRun SCXW169190515 BCX8\">amoureuse<\/span><span class=\"NormalTextRun SCXW169190515 BCX8\">, douce et <\/span><span class=\"NormalTextRun SpellingErrorV2Themed SCXW169190515 BCX8\">effleurante<\/span><span class=\"NormalTextRun SCXW169190515 BCX8\">, <\/span><span class=\"NormalTextRun SCXW169190515 BCX8\">et<\/span><span class=\"NormalTextRun SCXW169190515 BCX8\"> l\u2019\u00e9clat fragile d\u2019un destin enchant\u00e9, port\u00e9 par la promesse d\u2019un <\/span><span class=\"NormalTextRun SCXW169190515 BCX8\">renouveau<\/span><span class=\"NormalTextRun SCXW169190515 BCX8\">. Dans chaque courbe, chaque pli, chaque d\u00e9tail, <\/span><span class=\"NormalTextRun SCXW169190515 BCX8\">le<\/span><span class=\"NormalTextRun SCXW169190515 BCX8\"> canap\u00e9 Butterfly incarne l\u2019\u00e9l\u00e9gance d\u2019une po\u00e9sie silencieuse, <\/span><span class=\"NormalTextRun SCXW169190515 BCX8\">o\u00f9<\/span><span class=\"NormalTextRun SCXW169190515 BCX8\"> la l\u00e9g\u00e8ret\u00e9 des formes \u00e9pouse l\u2019air et invite \u00e0 la r\u00eaverie. Un voyage au c\u0153ur de l\u2019intime, une invitation au confort, \u00e0 l\u2019abandon, <\/span><span class=\"NormalTextRun SCXW169190515 BCX8\">tout<\/span><span class=\"NormalTextRun SCXW169190515 BCX8\"> en finesse et en douceur, dans l\u2019\u00e9crin du luxe le plus pur. Cette premi\u00e8re collection exclusive avec Invisible Collection s\u2019\u00e9panouit <\/span><span class=\"NormalTextRun SCXW169190515 BCX8\">dans<\/span><span class=\"NormalTextRun SCXW169190515 BCX8\"> une harmonie subtile,<\/span> <span class=\"NormalTextRun SCXW169190515 BCX8\">comme<\/span><span class=\"NormalTextRun SCXW169190515 BCX8\"> un papillon qui d\u00e9ploie ses ailes dans un ciel de velours,<\/span> <span class=\"NormalTextRun SCXW169190515 BCX8\">un<\/span><span class=\"NormalTextRun SCXW169190515 BCX8\"> souffle d\u2019air frais, un \u00e9lan de gr\u00e2ce suspendu entre r\u00eave et r\u00e9alit\u00e9,<\/span> <span class=\"NormalTextRun SCXW169190515 BCX8\">o\u00f9<\/span><span class=\"NormalTextRun SCXW169190515 BCX8\"> chaque moment pass\u00e9 sur ce canap\u00e9 devient une promesse de<\/span> <span class=\"NormalTextRun SCXW169190515 BCX8\">calme<\/span><span class=\"NormalTextRun SCXW169190515 BCX8\"> et de beaut\u00e9 infinie.<\/span><\/span><span class=\"EOP SCXW169190515 BCX8\" data-ccp-props=\"{&quot;134233117&quot;:false,&quot;134233118&quot;:false,&quot;335551550&quot;:2,&quot;335551620&quot;:2,&quot;335559738&quot;:209,&quot;335559739&quot;:209}\">\u00a0<\/span><\/p>\n","protected":false},"excerpt":{"rendered":"<p>N\u00e9e du souffle d\u2019une renaissance, la Collection Butterfly est un hommage \u00e0 la d\u00e9licatesse et \u00e0 l\u2019espoir, un symbole vivant d\u2019une m\u00e9tamorphose. Comme l&#8217;\u00e9crivait Lamartine, elle \u00e9voque la tendresse d\u2019une caresse amoureuse, douce et effleurante, et l\u2019\u00e9clat fragile d\u2019un destin enchant\u00e9, port\u00e9 par la promesse d\u2019un renouveau. Dans chaque courbe, chaque pli, chaque d\u00e9tail, le [&hellip;]<\/p>\n","protected":false},"featured_media":5379491,"template":"","meta":{"_acf_changed":false,"content-type":"","_themeisle_gutenberg_block_has_review":false},"product_brand":[],"product_cat":[8976,12499],"product_tag":[33319,35206],"product_designer":[28363],"comfabric":[],"manufacturer":[31561],"reporting_designer":[37651],"samplecomfabric":[],"designer_clubroom":[],"class_list":{"0":"post-5379473","1":"product","2":"type-product","3":"status-publish","4":"has-post-thumbnail","6":"product_cat-canapes","7":"product_cat-assises","8":"product_tag-edition-limitee","9":"product_tag-exclusive-fr","10":"product_designer-jerome-bugara-fr","11":"manufacturer-trend-design-pick-up-jerome-bugara-fr","12":"reporting_designer-jerome-bugara","14":"first","15":"instock","16":"taxable","17":"shipping-taxable","18":"purchasable","19":"product-type-variable"},"acf":[],"_links":{"self":[{"href":"https:\/\/theinvisiblecollection.com\/fr\/wp-json\/wp\/v2\/product\/5379473","targetHints":{"allow":["GET"]}}],"collection":[{"href":"https:\/\/theinvisiblecollection.com\/fr\/wp-json\/wp\/v2\/product"}],"about":[{"href":"https:\/\/theinvisiblecollection.com\/fr\/wp-json\/wp\/v2\/types\/product"}],"wp:featuredmedia":[{"embeddable":true,"href":"https:\/\/theinvisiblecollection.com\/fr\/wp-json\/wp\/v2\/media\/5379491"}],"wp:attachment":[{"href":"https:\/\/theinvisiblecollection.com\/fr\/wp-json\/wp\/v2\/media?parent=5379473"}],"wp:term":[{"taxonomy":"product_brand","embeddable":true,"href":"https:\/\/theinvisiblecollection.com\/fr\/wp-json\/wp\/v2\/product_brand?post=5379473"},{"taxonomy":"product_cat","embeddable":true,"href":"https:\/\/theinvisiblecollection.com\/fr\/wp-json\/wp\/v2\/product_cat?post=5379473"},{"taxonomy":"product_tag","embeddable":true,"href":"https:\/\/theinvisiblecollection.com\/fr\/wp-json\/wp\/v2\/product_tag?post=5379473"},{"taxonomy":"product_designer","embeddable":true,"href":"https:\/\/theinvisiblecollection.com\/fr\/wp-json\/wp\/v2\/product_designer?post=5379473"},{"taxonomy":"comfabric","embeddable":true,"href":"https:\/\/theinvisiblecollection.com\/fr\/wp-json\/wp\/v2\/comfabric?post=5379473"},{"taxonomy":"manufacturer","embeddable":true,"href":"https:\/\/theinvisiblecollection.com\/fr\/wp-json\/wp\/v2\/manufacturer?post=5379473"},{"taxonomy":"reporting_designer","embeddable":true,"href":"https:\/\/theinvisiblecollection.com\/fr\/wp-json\/wp\/v2\/reporting_designer?post=5379473"},{"taxonomy":"samplecomfabric","embeddable":true,"href":"https:\/\/theinvisiblecollection.com\/fr\/wp-json\/wp\/v2\/samplecomfabric?post=5379473"},{"taxonomy":"clubroom_product_designer","embeddable":true,"href":"https:\/\/theinvisiblecollection.com\/fr\/wp-json\/wp\/v2\/designer_clubroom?post=5379473"}],"curies":[{"name":"wp","href":"https:\/\/api.w.org\/{rel}","templated":true}]}}