{"id":5380271,"date":"2024-07-17T10:02:03","date_gmt":"2024-07-17T10:02:03","guid":{"rendered":"https:\/\/theinvisiblecollection.com\/?post_type=product&#038;p=5380271"},"modified":"2026-05-08T04:38:51","modified_gmt":"2026-05-08T04:38:51","slug":"franc-genser-applique-cube-solo","status":"publish","type":"product","link":"https:\/\/theinvisiblecollection.com\/fr\/produit\/franc-genser-applique-cube-solo\/","title":{"rendered":"Applique Cube Solo"},"content":{"rendered":"<p>Dessin\u00e9e par Franck Genser, 1 Cube est une applique murale en alb\u00e2tre qui apporte une source de lumi\u00e8re intime et chaleureuse dans un int\u00e9rieur. Un esprit contemporain synonyme d\u2019une \u00e9criture intemporelle et \u00e9l\u00e9gante. Chaque pi\u00e8ce est unique en raison de sa nature artisanale, les dimensions, les veines et les teintes de l&#8217;alb\u00e2tre varient l\u00e9g\u00e8rement.<\/p>\n","protected":false},"excerpt":{"rendered":"<p>Dessin\u00e9e par Franck Genser, 1 Cube est une applique murale en alb\u00e2tre qui apporte une source de lumi\u00e8re intime et chaleureuse dans un int\u00e9rieur. Un esprit contemporain synonyme d\u2019une \u00e9criture intemporelle et \u00e9l\u00e9gante. Chaque pi\u00e8ce est unique en raison de sa nature artisanale, les dimensions, les veines et les teintes de l&#8217;alb\u00e2tre varient l\u00e9g\u00e8rement.<\/p>\n","protected":false},"featured_media":5868258,"template":"","meta":{"_acf_changed":false,"content-type":"","_themeisle_gutenberg_block_has_review":false},"product_brand":[],"product_cat":[8975,12507],"product_tag":[7435,8990],"product_designer":[28369],"comfabric":[],"manufacturer":[28367],"reporting_designer":[37310],"samplecomfabric":[],"designer_clubroom":[],"class_list":{"0":"post-5380271","1":"product","2":"type-product","3":"status-publish","4":"has-post-thumbnail","6":"product_cat-appliques-murales","7":"product_cat-luminaires","8":"product_tag-new-in-fr","9":"product_tag-applique-murale","10":"product_designer-franck-genser-fr","11":"manufacturer-franck-genser-fr","12":"reporting_designer-franck-genser","14":"first","15":"instock","16":"taxable","17":"shipping-taxable","18":"product-type-variable"},"acf":[],"_links":{"self":[{"href":"https:\/\/theinvisiblecollection.com\/fr\/wp-json\/wp\/v2\/product\/5380271","targetHints":{"allow":["GET"]}}],"collection":[{"href":"https:\/\/theinvisiblecollection.com\/fr\/wp-json\/wp\/v2\/product"}],"about":[{"href":"https:\/\/theinvisiblecollection.com\/fr\/wp-json\/wp\/v2\/types\/product"}],"wp:featuredmedia":[{"embeddable":true,"href":"https:\/\/theinvisiblecollection.com\/fr\/wp-json\/wp\/v2\/media\/5868258"}],"wp:attachment":[{"href":"https:\/\/theinvisiblecollection.com\/fr\/wp-json\/wp\/v2\/media?parent=5380271"}],"wp:term":[{"taxonomy":"product_brand","embeddable":true,"href":"https:\/\/theinvisiblecollection.com\/fr\/wp-json\/wp\/v2\/product_brand?post=5380271"},{"taxonomy":"product_cat","embeddable":true,"href":"https:\/\/theinvisiblecollection.com\/fr\/wp-json\/wp\/v2\/product_cat?post=5380271"},{"taxonomy":"product_tag","embeddable":true,"href":"https:\/\/theinvisiblecollection.com\/fr\/wp-json\/wp\/v2\/product_tag?post=5380271"},{"taxonomy":"product_designer","embeddable":true,"href":"https:\/\/theinvisiblecollection.com\/fr\/wp-json\/wp\/v2\/product_designer?post=5380271"},{"taxonomy":"comfabric","embeddable":true,"href":"https:\/\/theinvisiblecollection.com\/fr\/wp-json\/wp\/v2\/comfabric?post=5380271"},{"taxonomy":"manufacturer","embeddable":true,"href":"https:\/\/theinvisiblecollection.com\/fr\/wp-json\/wp\/v2\/manufacturer?post=5380271"},{"taxonomy":"reporting_designer","embeddable":true,"href":"https:\/\/theinvisiblecollection.com\/fr\/wp-json\/wp\/v2\/reporting_designer?post=5380271"},{"taxonomy":"samplecomfabric","embeddable":true,"href":"https:\/\/theinvisiblecollection.com\/fr\/wp-json\/wp\/v2\/samplecomfabric?post=5380271"},{"taxonomy":"clubroom_product_designer","embeddable":true,"href":"https:\/\/theinvisiblecollection.com\/fr\/wp-json\/wp\/v2\/designer_clubroom?post=5380271"}],"curies":[{"name":"wp","href":"https:\/\/api.w.org\/{rel}","templated":true}]}}