{"id":5381495,"date":"2024-07-17T10:04:13","date_gmt":"2024-07-17T10:04:13","guid":{"rendered":"https:\/\/theinvisiblecollection.com\/?post_type=product&#038;p=5381495"},"modified":"2026-05-08T04:38:51","modified_gmt":"2026-05-08T04:38:51","slug":"franck-genser-bureau-chumtak","status":"publish","type":"product","link":"https:\/\/theinvisiblecollection.com\/fr\/produit\/franck-genser-bureau-chumtak\/","title":{"rendered":"Bureau Chumtak"},"content":{"rendered":"<p>Le bureau Chumtak, dessin\u00e9 par Franck Genser, est une pi\u00e8ce spectaculaire de la collection Pouvoir, incarnant \u00e0 la fois puissance et s\u00e9r\u00e9nit\u00e9. Son pi\u00e9tement en noyer am\u00e9ricain soutient un plateau en laque sfumato. Dot\u00e9 de deux tiroirs int\u00e9rieurs gain\u00e9s en veau plong\u00e9 bleu, ce bureau allie \u00e9l\u00e9gance et fonctionnalit\u00e9. Le bureau Chumtak a \u00e9t\u00e9 r\u00e9alis\u00e9 en seulement 7 exemplaires, soulignant son exclusivit\u00e9 et son caract\u00e8re unique.<\/p>\n","protected":false},"excerpt":{"rendered":"<p>Le bureau Chumtak, dessin\u00e9 par Franck Genser, est une pi\u00e8ce spectaculaire de la collection Pouvoir, incarnant \u00e0 la fois puissance et s\u00e9r\u00e9nit\u00e9. Son pi\u00e9tement en noyer am\u00e9ricain soutient un plateau en laque sfumato. Dot\u00e9 de deux tiroirs int\u00e9rieurs gain\u00e9s en veau plong\u00e9 bleu, ce bureau allie \u00e9l\u00e9gance et fonctionnalit\u00e9. Le bureau Chumtak a \u00e9t\u00e9 r\u00e9alis\u00e9 [&hellip;]<\/p>\n","protected":false},"featured_media":5381484,"template":"","meta":{"_acf_changed":false,"content-type":"","_themeisle_gutenberg_block_has_review":false},"product_brand":[],"product_cat":[7704,12503],"product_tag":[7435,33319],"product_designer":[28369],"comfabric":[],"manufacturer":[28367],"reporting_designer":[37310],"samplecomfabric":[],"designer_clubroom":[],"class_list":{"0":"post-5381495","1":"product","2":"type-product","3":"status-publish","4":"has-post-thumbnail","6":"product_cat-bureaux-fr","7":"product_cat-tables-fr","8":"product_tag-new-in-fr","9":"product_tag-edition-limitee","10":"product_designer-franck-genser-fr","11":"manufacturer-franck-genser-fr","12":"reporting_designer-franck-genser","14":"first","15":"instock","16":"taxable","17":"shipping-taxable","18":"purchasable","19":"product-type-simple"},"acf":[],"_links":{"self":[{"href":"https:\/\/theinvisiblecollection.com\/fr\/wp-json\/wp\/v2\/product\/5381495","targetHints":{"allow":["GET"]}}],"collection":[{"href":"https:\/\/theinvisiblecollection.com\/fr\/wp-json\/wp\/v2\/product"}],"about":[{"href":"https:\/\/theinvisiblecollection.com\/fr\/wp-json\/wp\/v2\/types\/product"}],"wp:featuredmedia":[{"embeddable":true,"href":"https:\/\/theinvisiblecollection.com\/fr\/wp-json\/wp\/v2\/media\/5381484"}],"wp:attachment":[{"href":"https:\/\/theinvisiblecollection.com\/fr\/wp-json\/wp\/v2\/media?parent=5381495"}],"wp:term":[{"taxonomy":"product_brand","embeddable":true,"href":"https:\/\/theinvisiblecollection.com\/fr\/wp-json\/wp\/v2\/product_brand?post=5381495"},{"taxonomy":"product_cat","embeddable":true,"href":"https:\/\/theinvisiblecollection.com\/fr\/wp-json\/wp\/v2\/product_cat?post=5381495"},{"taxonomy":"product_tag","embeddable":true,"href":"https:\/\/theinvisiblecollection.com\/fr\/wp-json\/wp\/v2\/product_tag?post=5381495"},{"taxonomy":"product_designer","embeddable":true,"href":"https:\/\/theinvisiblecollection.com\/fr\/wp-json\/wp\/v2\/product_designer?post=5381495"},{"taxonomy":"comfabric","embeddable":true,"href":"https:\/\/theinvisiblecollection.com\/fr\/wp-json\/wp\/v2\/comfabric?post=5381495"},{"taxonomy":"manufacturer","embeddable":true,"href":"https:\/\/theinvisiblecollection.com\/fr\/wp-json\/wp\/v2\/manufacturer?post=5381495"},{"taxonomy":"reporting_designer","embeddable":true,"href":"https:\/\/theinvisiblecollection.com\/fr\/wp-json\/wp\/v2\/reporting_designer?post=5381495"},{"taxonomy":"samplecomfabric","embeddable":true,"href":"https:\/\/theinvisiblecollection.com\/fr\/wp-json\/wp\/v2\/samplecomfabric?post=5381495"},{"taxonomy":"clubroom_product_designer","embeddable":true,"href":"https:\/\/theinvisiblecollection.com\/fr\/wp-json\/wp\/v2\/designer_clubroom?post=5381495"}],"curies":[{"name":"wp","href":"https:\/\/api.w.org\/{rel}","templated":true}]}}