{"id":5381517,"date":"2024-07-17T09:59:43","date_gmt":"2024-07-17T09:59:43","guid":{"rendered":"https:\/\/theinvisiblecollection.com\/?post_type=product&#038;p=5381517"},"modified":"2026-05-08T04:38:51","modified_gmt":"2026-05-08T04:38:51","slug":"franck-genser-suspension-cascade","status":"publish","type":"product","link":"https:\/\/theinvisiblecollection.com\/fr\/produit\/franck-genser-suspension-cascade\/","title":{"rendered":"Suspension Cascade"},"content":{"rendered":"<p style=\"text-align: justify;\">Inspir\u00e9e par les goutti\u00e8res japonaises et les arts d\u00e9coratifs, la collection Cascade de Franck Genser se compose de divers chapelets de c\u00f4nes en alb\u00e2tre. Cette applique rectiligne diffuse une lumi\u00e8re douce \u00e0 travers l&#8217;alb\u00e2tre tout en offrant un \u00e9clairage directionnel vers le haut. La configuration peut \u00eatre personnalis\u00e9e selon vos besoins en multiples impairs &#8211; 1, 3, 5, 7, 9. Chaque pi\u00e8ce est unique en raison de sa nature artisanale, les dimensions, les veines et les teintes de l&#8217;alb\u00e2tre varient l\u00e9g\u00e8rement.<\/p>\n","protected":false},"excerpt":{"rendered":"<p>Inspir\u00e9e par les goutti\u00e8res japonaises et les arts d\u00e9coratifs, la collection Cascade de Franck Genser se compose de divers chapelets de c\u00f4nes en alb\u00e2tre. Cette applique rectiligne diffuse une lumi\u00e8re douce \u00e0 travers l&#8217;alb\u00e2tre tout en offrant un \u00e9clairage directionnel vers le haut. La configuration peut \u00eatre personnalis\u00e9e selon vos besoins en multiples impairs &#8211; [&hellip;]<\/p>\n","protected":false},"featured_media":5868293,"template":"","meta":{"_acf_changed":false,"content-type":"","_themeisle_gutenberg_block_has_review":false},"product_brand":[],"product_cat":[8961,12507],"product_tag":[7435],"product_designer":[28369],"comfabric":[],"manufacturer":[28367],"reporting_designer":[37310],"samplecomfabric":[],"designer_clubroom":[],"class_list":{"0":"post-5381517","1":"product","2":"type-product","3":"status-publish","4":"has-post-thumbnail","6":"product_cat-suspensions","7":"product_cat-luminaires","8":"product_tag-new-in-fr","9":"product_designer-franck-genser-fr","10":"manufacturer-franck-genser-fr","11":"reporting_designer-franck-genser","13":"first","14":"instock","15":"taxable","16":"shipping-taxable","17":"purchasable","18":"product-type-variable"},"acf":[],"_links":{"self":[{"href":"https:\/\/theinvisiblecollection.com\/fr\/wp-json\/wp\/v2\/product\/5381517","targetHints":{"allow":["GET"]}}],"collection":[{"href":"https:\/\/theinvisiblecollection.com\/fr\/wp-json\/wp\/v2\/product"}],"about":[{"href":"https:\/\/theinvisiblecollection.com\/fr\/wp-json\/wp\/v2\/types\/product"}],"wp:featuredmedia":[{"embeddable":true,"href":"https:\/\/theinvisiblecollection.com\/fr\/wp-json\/wp\/v2\/media\/5868293"}],"wp:attachment":[{"href":"https:\/\/theinvisiblecollection.com\/fr\/wp-json\/wp\/v2\/media?parent=5381517"}],"wp:term":[{"taxonomy":"product_brand","embeddable":true,"href":"https:\/\/theinvisiblecollection.com\/fr\/wp-json\/wp\/v2\/product_brand?post=5381517"},{"taxonomy":"product_cat","embeddable":true,"href":"https:\/\/theinvisiblecollection.com\/fr\/wp-json\/wp\/v2\/product_cat?post=5381517"},{"taxonomy":"product_tag","embeddable":true,"href":"https:\/\/theinvisiblecollection.com\/fr\/wp-json\/wp\/v2\/product_tag?post=5381517"},{"taxonomy":"product_designer","embeddable":true,"href":"https:\/\/theinvisiblecollection.com\/fr\/wp-json\/wp\/v2\/product_designer?post=5381517"},{"taxonomy":"comfabric","embeddable":true,"href":"https:\/\/theinvisiblecollection.com\/fr\/wp-json\/wp\/v2\/comfabric?post=5381517"},{"taxonomy":"manufacturer","embeddable":true,"href":"https:\/\/theinvisiblecollection.com\/fr\/wp-json\/wp\/v2\/manufacturer?post=5381517"},{"taxonomy":"reporting_designer","embeddable":true,"href":"https:\/\/theinvisiblecollection.com\/fr\/wp-json\/wp\/v2\/reporting_designer?post=5381517"},{"taxonomy":"samplecomfabric","embeddable":true,"href":"https:\/\/theinvisiblecollection.com\/fr\/wp-json\/wp\/v2\/samplecomfabric?post=5381517"},{"taxonomy":"clubroom_product_designer","embeddable":true,"href":"https:\/\/theinvisiblecollection.com\/fr\/wp-json\/wp\/v2\/designer_clubroom?post=5381517"}],"curies":[{"name":"wp","href":"https:\/\/api.w.org\/{rel}","templated":true}]}}