{"id":5381555,"date":"2024-07-17T10:09:52","date_gmt":"2024-07-17T10:09:52","guid":{"rendered":"https:\/\/theinvisiblecollection.com\/?post_type=product&#038;p=5381555"},"modified":"2026-05-08T04:38:51","modified_gmt":"2026-05-08T04:38:51","slug":"franck-genser-console-gouffre","status":"publish","type":"product","link":"https:\/\/theinvisiblecollection.com\/fr\/produit\/franck-genser-console-gouffre\/","title":{"rendered":"Console Gouffre"},"content":{"rendered":"<p>Console en pl\u00e2tre d\u00e9corative \u00e9voquant une chemin\u00e9e, elle saura trouver sa place dans les pi\u00e8ces de r\u00e9ception ou entr\u00e9e des int\u00e9rieurs dont l\u2019art de recevoir est primordial.<\/p>\n<p>&nbsp;<\/p>\n","protected":false},"excerpt":{"rendered":"<p>Console en pl\u00e2tre d\u00e9corative \u00e9voquant une chemin\u00e9e, elle saura trouver sa place dans les pi\u00e8ces de r\u00e9ception ou entr\u00e9e des int\u00e9rieurs dont l\u2019art de recevoir est primordial. &nbsp;<\/p>\n","protected":false},"featured_media":5381539,"template":"","meta":{"_acf_changed":false,"content-type":"","_themeisle_gutenberg_block_has_review":false},"product_brand":[],"product_cat":[7675,12503],"product_tag":[7435],"product_designer":[28369],"comfabric":[],"manufacturer":[28367],"reporting_designer":[37310],"samplecomfabric":[],"designer_clubroom":[],"class_list":{"0":"post-5381555","1":"product","2":"type-product","3":"status-publish","4":"has-post-thumbnail","6":"product_cat-consoles-fr","7":"product_cat-tables-fr","8":"product_tag-new-in-fr","9":"product_designer-franck-genser-fr","10":"manufacturer-franck-genser-fr","11":"reporting_designer-franck-genser","13":"first","14":"instock","15":"taxable","16":"shipping-taxable","17":"purchasable","18":"product-type-simple"},"acf":[],"_links":{"self":[{"href":"https:\/\/theinvisiblecollection.com\/fr\/wp-json\/wp\/v2\/product\/5381555","targetHints":{"allow":["GET"]}}],"collection":[{"href":"https:\/\/theinvisiblecollection.com\/fr\/wp-json\/wp\/v2\/product"}],"about":[{"href":"https:\/\/theinvisiblecollection.com\/fr\/wp-json\/wp\/v2\/types\/product"}],"wp:featuredmedia":[{"embeddable":true,"href":"https:\/\/theinvisiblecollection.com\/fr\/wp-json\/wp\/v2\/media\/5381539"}],"wp:attachment":[{"href":"https:\/\/theinvisiblecollection.com\/fr\/wp-json\/wp\/v2\/media?parent=5381555"}],"wp:term":[{"taxonomy":"product_brand","embeddable":true,"href":"https:\/\/theinvisiblecollection.com\/fr\/wp-json\/wp\/v2\/product_brand?post=5381555"},{"taxonomy":"product_cat","embeddable":true,"href":"https:\/\/theinvisiblecollection.com\/fr\/wp-json\/wp\/v2\/product_cat?post=5381555"},{"taxonomy":"product_tag","embeddable":true,"href":"https:\/\/theinvisiblecollection.com\/fr\/wp-json\/wp\/v2\/product_tag?post=5381555"},{"taxonomy":"product_designer","embeddable":true,"href":"https:\/\/theinvisiblecollection.com\/fr\/wp-json\/wp\/v2\/product_designer?post=5381555"},{"taxonomy":"comfabric","embeddable":true,"href":"https:\/\/theinvisiblecollection.com\/fr\/wp-json\/wp\/v2\/comfabric?post=5381555"},{"taxonomy":"manufacturer","embeddable":true,"href":"https:\/\/theinvisiblecollection.com\/fr\/wp-json\/wp\/v2\/manufacturer?post=5381555"},{"taxonomy":"reporting_designer","embeddable":true,"href":"https:\/\/theinvisiblecollection.com\/fr\/wp-json\/wp\/v2\/reporting_designer?post=5381555"},{"taxonomy":"samplecomfabric","embeddable":true,"href":"https:\/\/theinvisiblecollection.com\/fr\/wp-json\/wp\/v2\/samplecomfabric?post=5381555"},{"taxonomy":"clubroom_product_designer","embeddable":true,"href":"https:\/\/theinvisiblecollection.com\/fr\/wp-json\/wp\/v2\/designer_clubroom?post=5381555"}],"curies":[{"name":"wp","href":"https:\/\/api.w.org\/{rel}","templated":true}]}}