{"id":5381738,"date":"2024-07-17T09:48:08","date_gmt":"2024-07-17T09:48:08","guid":{"rendered":"https:\/\/theinvisiblecollection.com\/?post_type=product&#038;p=5381738"},"modified":"2026-05-08T04:38:51","modified_gmt":"2026-05-08T04:38:51","slug":"franck-genser-table-basse-piscine-iii","status":"publish","type":"product","link":"https:\/\/theinvisiblecollection.com\/fr\/produit\/franck-genser-table-basse-piscine-iii\/","title":{"rendered":"Table Basse Piscine III"},"content":{"rendered":"<p>Pi\u00e8ce de la collection Sea Side, Piscine III est une table basse qui invite \u00e0 se retrouver autour d&#8217;un verre : &#8220;let&#8217;s have a drink around the pool&#8221;. Elle incarne le mouvement &#8220;pop luxe&#8221; initi\u00e9 par Franck Genser. Les pieds, semblables \u00e0 des \u00e9chelles de bain, plongent \u00e0 travers un plateau en bronze patin\u00e9 \u00e0 chaud. La surface s&#8217;anime avec des d\u00e9grad\u00e9s de bleus uniques \u00e0 chaque pi\u00e8ce, vibrant comme la surface de l&#8217;eau.<\/p>\n<p>La s\u00e9rie &#8220;Piscine&#8221; pr\u00e9sente 5 pi\u00e8ces diff\u00e9rentes, chacune produite en \u00e9dition limit\u00e9e de 7 exemplaires.<\/p>\n","protected":false},"excerpt":{"rendered":"<p>Pi\u00e8ce de la collection Sea Side, Piscine III est une table basse qui invite \u00e0 se retrouver autour d&#8217;un verre : &#8220;let&#8217;s have a drink around the pool&#8221;. Elle incarne le mouvement &#8220;pop luxe&#8221; initi\u00e9 par Franck Genser. Les pieds, semblables \u00e0 des \u00e9chelles de bain, plongent \u00e0 travers un plateau en bronze patin\u00e9 \u00e0 [&hellip;]<\/p>\n","protected":false},"featured_media":5381735,"template":"","meta":{"_acf_changed":false,"content-type":"","_themeisle_gutenberg_block_has_review":false},"product_brand":[],"product_cat":[7509,12503],"product_tag":[7435,33319],"product_designer":[28369],"comfabric":[],"manufacturer":[28367],"reporting_designer":[37310],"samplecomfabric":[],"designer_clubroom":[],"class_list":{"0":"post-5381738","1":"product","2":"type-product","3":"status-publish","4":"has-post-thumbnail","6":"product_cat-tables-basses-dappoint","7":"product_cat-tables-fr","8":"product_tag-new-in-fr","9":"product_tag-edition-limitee","10":"product_designer-franck-genser-fr","11":"manufacturer-franck-genser-fr","12":"reporting_designer-franck-genser","14":"first","15":"instock","16":"taxable","17":"shipping-taxable","18":"purchasable","19":"product-type-simple"},"acf":[],"_links":{"self":[{"href":"https:\/\/theinvisiblecollection.com\/fr\/wp-json\/wp\/v2\/product\/5381738","targetHints":{"allow":["GET"]}}],"collection":[{"href":"https:\/\/theinvisiblecollection.com\/fr\/wp-json\/wp\/v2\/product"}],"about":[{"href":"https:\/\/theinvisiblecollection.com\/fr\/wp-json\/wp\/v2\/types\/product"}],"wp:featuredmedia":[{"embeddable":true,"href":"https:\/\/theinvisiblecollection.com\/fr\/wp-json\/wp\/v2\/media\/5381735"}],"wp:attachment":[{"href":"https:\/\/theinvisiblecollection.com\/fr\/wp-json\/wp\/v2\/media?parent=5381738"}],"wp:term":[{"taxonomy":"product_brand","embeddable":true,"href":"https:\/\/theinvisiblecollection.com\/fr\/wp-json\/wp\/v2\/product_brand?post=5381738"},{"taxonomy":"product_cat","embeddable":true,"href":"https:\/\/theinvisiblecollection.com\/fr\/wp-json\/wp\/v2\/product_cat?post=5381738"},{"taxonomy":"product_tag","embeddable":true,"href":"https:\/\/theinvisiblecollection.com\/fr\/wp-json\/wp\/v2\/product_tag?post=5381738"},{"taxonomy":"product_designer","embeddable":true,"href":"https:\/\/theinvisiblecollection.com\/fr\/wp-json\/wp\/v2\/product_designer?post=5381738"},{"taxonomy":"comfabric","embeddable":true,"href":"https:\/\/theinvisiblecollection.com\/fr\/wp-json\/wp\/v2\/comfabric?post=5381738"},{"taxonomy":"manufacturer","embeddable":true,"href":"https:\/\/theinvisiblecollection.com\/fr\/wp-json\/wp\/v2\/manufacturer?post=5381738"},{"taxonomy":"reporting_designer","embeddable":true,"href":"https:\/\/theinvisiblecollection.com\/fr\/wp-json\/wp\/v2\/reporting_designer?post=5381738"},{"taxonomy":"samplecomfabric","embeddable":true,"href":"https:\/\/theinvisiblecollection.com\/fr\/wp-json\/wp\/v2\/samplecomfabric?post=5381738"},{"taxonomy":"clubroom_product_designer","embeddable":true,"href":"https:\/\/theinvisiblecollection.com\/fr\/wp-json\/wp\/v2\/designer_clubroom?post=5381738"}],"curies":[{"name":"wp","href":"https:\/\/api.w.org\/{rel}","templated":true}]}}