{"id":5387427,"date":"2024-07-26T14:08:02","date_gmt":"2024-07-26T14:08:02","guid":{"rendered":"https:\/\/theinvisiblecollection.com\/?post_type=product&#038;p=5387427"},"modified":"2026-05-01T07:37:36","modified_gmt":"2026-05-01T07:37:36","slug":"galerie-mcde-pierre-chareau-table-eventail","status":"publish","type":"product","link":"https:\/\/theinvisiblecollection.com\/fr\/produit\/galerie-mcde-pierre-chareau-table-eventail\/","title":{"rendered":"Table Eventail"},"content":{"rendered":"<p><span class=\"TextRun SCXW102071131 BCX0\" lang=\"EN-GB\" xml:lang=\"EN-GB\" data-contrast=\"none\"><span class=\"NormalTextRun SCXW102071131 BCX0\">Con\u00e7ue<\/span><span class=\"NormalTextRun SCXW102071131 BCX0\"> pour la Maison de Verre <\/span><span class=\"NormalTextRun SCXW102071131 BCX0\">en<\/span><span class=\"NormalTextRun SCXW102071131 BCX0\"> 1929, <\/span><span class=\"NormalTextRun SCXW102071131 BCX0\">cette<\/span><span class=\"NormalTextRun SCXW102071131 BCX0\"> table <\/span><span class=\"NormalTextRun SCXW102071131 BCX0\">d\u00e9montre<\/span><span class=\"NormalTextRun SCXW102071131 BCX0\"> le <\/span><span class=\"NormalTextRun SCXW102071131 BCX0\">r\u00f4le<\/span> <span class=\"NormalTextRun SCXW102071131 BCX0\">pionnier<\/span><span class=\"NormalTextRun SCXW102071131 BCX0\"> de Pierre <\/span><span class=\"NormalTextRun SCXW102071131 BCX0\">Chareau<\/span><span class=\"NormalTextRun SCXW102071131 BCX0\"> dans <\/span><span class=\"NormalTextRun SCXW102071131 BCX0\">l&#8217;utilisation<\/span><span class=\"NormalTextRun SCXW102071131 BCX0\"> de nouveaux <\/span><span class=\"NormalTextRun SCXW102071131 BCX0\">mat\u00e9riaux<\/span> <span class=\"NormalTextRun SCXW102071131 BCX0\">comme<\/span><span class=\"NormalTextRun SCXW102071131 BCX0\"> le <\/span><span class=\"NormalTextRun SCXW102071131 BCX0\">m\u00e9tal<\/span><span class=\"NormalTextRun SCXW102071131 BCX0\">, qui <\/span><span class=\"NormalTextRun SCXW102071131 BCX0\">occupe<\/span> <span class=\"NormalTextRun SCXW102071131 BCX0\">d\u00e9sormais<\/span> <span class=\"NormalTextRun SCXW102071131 BCX0\">une<\/span><span class=\"NormalTextRun SCXW102071131 BCX0\"> place de choix.<\/span><\/span><span class=\"EOP SCXW102071131 BCX0\" data-ccp-props=\"{&quot;335551550&quot;:2,&quot;335551620&quot;:2}\">\u00a0<\/span><\/p>\n","protected":false},"excerpt":{"rendered":"<p>Con\u00e7ue pour la Maison de Verre en 1929, cette table d\u00e9montre le r\u00f4le pionnier de Pierre Chareau dans l&#8217;utilisation de nouveaux mat\u00e9riaux comme le m\u00e9tal, qui occupe d\u00e9sormais une place de choix.\u00a0<\/p>\n","protected":false},"featured_media":5387411,"template":"","meta":{"_acf_changed":false,"content-type":"","_themeisle_gutenberg_block_has_review":false},"product_brand":[],"product_cat":[12332,12503],"product_tag":[11235,22682,22790,35206],"product_designer":[10239,13455],"comfabric":[],"manufacturer":[34907],"reporting_designer":[37389],"samplecomfabric":[],"designer_clubroom":[],"class_list":{"0":"post-5387427","1":"product","2":"type-product","3":"status-publish","4":"has-post-thumbnail","6":"product_cat-tables-dappoint","7":"product_cat-tables-fr","8":"product_tag-reedition-fr-fr","9":"product_tag-galerie-mcde-fr","10":"product_tag-disponible-immediatement","11":"product_tag-exclusive-fr","12":"product_designer-pierre-chareau-fr","13":"product_designer-galerie-mcde-fr","14":"manufacturer-sefec-galerie-mcde-fr","15":"reporting_designer-pierre-chareau","16":"exhibitions-paris-fr","18":"first","19":"instock","20":"taxable","21":"shipping-taxable","22":"purchasable","23":"product-type-simple"},"acf":[],"_links":{"self":[{"href":"https:\/\/theinvisiblecollection.com\/fr\/wp-json\/wp\/v2\/product\/5387427","targetHints":{"allow":["GET"]}}],"collection":[{"href":"https:\/\/theinvisiblecollection.com\/fr\/wp-json\/wp\/v2\/product"}],"about":[{"href":"https:\/\/theinvisiblecollection.com\/fr\/wp-json\/wp\/v2\/types\/product"}],"wp:featuredmedia":[{"embeddable":true,"href":"https:\/\/theinvisiblecollection.com\/fr\/wp-json\/wp\/v2\/media\/5387411"}],"wp:attachment":[{"href":"https:\/\/theinvisiblecollection.com\/fr\/wp-json\/wp\/v2\/media?parent=5387427"}],"wp:term":[{"taxonomy":"product_brand","embeddable":true,"href":"https:\/\/theinvisiblecollection.com\/fr\/wp-json\/wp\/v2\/product_brand?post=5387427"},{"taxonomy":"product_cat","embeddable":true,"href":"https:\/\/theinvisiblecollection.com\/fr\/wp-json\/wp\/v2\/product_cat?post=5387427"},{"taxonomy":"product_tag","embeddable":true,"href":"https:\/\/theinvisiblecollection.com\/fr\/wp-json\/wp\/v2\/product_tag?post=5387427"},{"taxonomy":"product_designer","embeddable":true,"href":"https:\/\/theinvisiblecollection.com\/fr\/wp-json\/wp\/v2\/product_designer?post=5387427"},{"taxonomy":"comfabric","embeddable":true,"href":"https:\/\/theinvisiblecollection.com\/fr\/wp-json\/wp\/v2\/comfabric?post=5387427"},{"taxonomy":"manufacturer","embeddable":true,"href":"https:\/\/theinvisiblecollection.com\/fr\/wp-json\/wp\/v2\/manufacturer?post=5387427"},{"taxonomy":"reporting_designer","embeddable":true,"href":"https:\/\/theinvisiblecollection.com\/fr\/wp-json\/wp\/v2\/reporting_designer?post=5387427"},{"taxonomy":"samplecomfabric","embeddable":true,"href":"https:\/\/theinvisiblecollection.com\/fr\/wp-json\/wp\/v2\/samplecomfabric?post=5387427"},{"taxonomy":"clubroom_product_designer","embeddable":true,"href":"https:\/\/theinvisiblecollection.com\/fr\/wp-json\/wp\/v2\/designer_clubroom?post=5387427"}],"curies":[{"name":"wp","href":"https:\/\/api.w.org\/{rel}","templated":true}]}}