{"id":5390592,"date":"2024-09-02T08:52:12","date_gmt":"2024-09-02T08:52:12","guid":{"rendered":"https:\/\/theinvisiblecollection.com\/?post_type=product&#038;p=5390592"},"modified":"2026-05-01T07:37:36","modified_gmt":"2026-05-01T07:37:36","slug":"atelier-pendhapa-canape-anemos","status":"publish","type":"product","link":"https:\/\/theinvisiblecollection.com\/fr\/produit\/atelier-pendhapa-canape-anemos\/","title":{"rendered":"Canap\u00e9 Anemos"},"content":{"rendered":"<p>Les images pr\u00e9sent\u00e9es sont des visuels 3D de grande qualit\u00e9 con\u00e7us pour repr\u00e9senter notre mobilier fid\u00e8lement, bien qu\u2019ils ne puissent saisir chaque d\u00e9tail avec une pr\u00e9cision absolue<\/p>\n","protected":false},"excerpt":{"rendered":"<p>Les images pr\u00e9sent\u00e9es sont des visuels 3D de grande qualit\u00e9 con\u00e7us pour repr\u00e9senter notre mobilier fid\u00e8lement, bien qu\u2019ils ne puissent saisir chaque d\u00e9tail avec une pr\u00e9cision absolue<\/p>\n","protected":false},"featured_media":5390675,"template":"","meta":{"_acf_changed":false,"content-type":"","_themeisle_gutenberg_block_has_review":false},"product_brand":[],"product_cat":[8976,12499],"product_tag":[14925],"product_designer":[13525],"comfabric":[],"manufacturer":[23071],"reporting_designer":[37189],"samplecomfabric":[],"designer_clubroom":[],"class_list":{"0":"post-5390592","1":"product","2":"type-product","3":"status-publish","4":"has-post-thumbnail","6":"product_cat-canapes","7":"product_cat-assises","8":"product_tag-hpfav-fr","9":"pa_size-moyen","10":"pa_size-petit","11":"product_designer-atelier-pendhapa-fr","12":"manufacturer-atelier-pendhapa-pick-up-fr","13":"reporting_designer-atelier-pendhapa","15":"first","16":"instock","17":"taxable","18":"shipping-taxable","19":"purchasable","20":"product-type-variable"},"acf":[],"_links":{"self":[{"href":"https:\/\/theinvisiblecollection.com\/fr\/wp-json\/wp\/v2\/product\/5390592","targetHints":{"allow":["GET"]}}],"collection":[{"href":"https:\/\/theinvisiblecollection.com\/fr\/wp-json\/wp\/v2\/product"}],"about":[{"href":"https:\/\/theinvisiblecollection.com\/fr\/wp-json\/wp\/v2\/types\/product"}],"wp:featuredmedia":[{"embeddable":true,"href":"https:\/\/theinvisiblecollection.com\/fr\/wp-json\/wp\/v2\/media\/5390675"}],"wp:attachment":[{"href":"https:\/\/theinvisiblecollection.com\/fr\/wp-json\/wp\/v2\/media?parent=5390592"}],"wp:term":[{"taxonomy":"product_brand","embeddable":true,"href":"https:\/\/theinvisiblecollection.com\/fr\/wp-json\/wp\/v2\/product_brand?post=5390592"},{"taxonomy":"product_cat","embeddable":true,"href":"https:\/\/theinvisiblecollection.com\/fr\/wp-json\/wp\/v2\/product_cat?post=5390592"},{"taxonomy":"product_tag","embeddable":true,"href":"https:\/\/theinvisiblecollection.com\/fr\/wp-json\/wp\/v2\/product_tag?post=5390592"},{"taxonomy":"product_designer","embeddable":true,"href":"https:\/\/theinvisiblecollection.com\/fr\/wp-json\/wp\/v2\/product_designer?post=5390592"},{"taxonomy":"comfabric","embeddable":true,"href":"https:\/\/theinvisiblecollection.com\/fr\/wp-json\/wp\/v2\/comfabric?post=5390592"},{"taxonomy":"manufacturer","embeddable":true,"href":"https:\/\/theinvisiblecollection.com\/fr\/wp-json\/wp\/v2\/manufacturer?post=5390592"},{"taxonomy":"reporting_designer","embeddable":true,"href":"https:\/\/theinvisiblecollection.com\/fr\/wp-json\/wp\/v2\/reporting_designer?post=5390592"},{"taxonomy":"samplecomfabric","embeddable":true,"href":"https:\/\/theinvisiblecollection.com\/fr\/wp-json\/wp\/v2\/samplecomfabric?post=5390592"},{"taxonomy":"clubroom_product_designer","embeddable":true,"href":"https:\/\/theinvisiblecollection.com\/fr\/wp-json\/wp\/v2\/designer_clubroom?post=5390592"}],"curies":[{"name":"wp","href":"https:\/\/api.w.org\/{rel}","templated":true}]}}