{"id":5390766,"date":"2024-08-08T09:09:10","date_gmt":"2024-08-08T09:09:10","guid":{"rendered":"https:\/\/theinvisiblecollection.com\/?post_type=product&#038;p=5390766"},"modified":"2026-05-01T07:37:36","modified_gmt":"2026-05-01T07:37:36","slug":"puiforcat-timbale-a-champagne-argent-massif","status":"publish","type":"product","link":"https:\/\/theinvisiblecollection.com\/fr\/produit\/puiforcat-timbale-a-champagne-argent-massif\/","title":{"rendered":"Timbale \u00e0 Champagne &#8211; Argent Massif"},"content":{"rendered":"<p style=\"text-align: justify;\">La d\u00e9gustation du Champagne r\u00e9pond \u00e0 un rituel pr\u00e9cis que Puiforcat a souhait\u00e9 magnifier en collaborant avec Bruno Paillard, vigneron et \u0153nologue. Fruit de cette rencontre, une timbale en argent massif \u00e0 la silhouette galb\u00e9e renouvelle l\u2019exp\u00e9rience de d\u00e9gustation et exalte l\u2019effervescence de ce vin p\u00e9tillant. Un seau compl\u00e8te la collection pour conserver la fra\u00eecheur du breuvage. Le jeu de lumi\u00e8re cr\u00e9e par la finition polie miroir est \u00e9galement disponible, sur demande, en finition immersion or.<\/p>\n","protected":false},"excerpt":{"rendered":"<p>La d\u00e9gustation du Champagne r\u00e9pond \u00e0 un rituel pr\u00e9cis que Puiforcat a souhait\u00e9 magnifier en collaborant avec Bruno Paillard, vigneron et \u0153nologue. Fruit de cette rencontre, une timbale en argent massif \u00e0 la silhouette galb\u00e9e renouvelle l\u2019exp\u00e9rience de d\u00e9gustation et exalte l\u2019effervescence de ce vin p\u00e9tillant. Un seau compl\u00e8te la collection pour conserver la fra\u00eecheur [&hellip;]<\/p>\n","protected":false},"featured_media":5390760,"template":"","meta":{"_acf_changed":false,"content-type":"","_themeisle_gutenberg_block_has_review":false},"product_brand":[],"product_cat":[19981,19986],"product_tag":[31476],"product_designer":[28572],"comfabric":[],"manufacturer":[28576],"reporting_designer":[37213],"samplecomfabric":[],"designer_clubroom":[],"class_list":{"0":"post-5390766","1":"product","2":"type-product","3":"status-publish","4":"has-post-thumbnail","6":"product_cat-art-de-la-table","7":"product_cat-verres","8":"product_tag-st-collectible-fr","9":"product_designer-puiforcat-fr","10":"manufacturer-puiforcat-atelier-fr","11":"reporting_designer-puiforcat","12":"exhibitions-new-york-fr","14":"first","15":"instock","16":"taxable","17":"shipping-taxable","18":"purchasable","19":"product-type-simple"},"acf":[],"_links":{"self":[{"href":"https:\/\/theinvisiblecollection.com\/fr\/wp-json\/wp\/v2\/product\/5390766","targetHints":{"allow":["GET"]}}],"collection":[{"href":"https:\/\/theinvisiblecollection.com\/fr\/wp-json\/wp\/v2\/product"}],"about":[{"href":"https:\/\/theinvisiblecollection.com\/fr\/wp-json\/wp\/v2\/types\/product"}],"wp:featuredmedia":[{"embeddable":true,"href":"https:\/\/theinvisiblecollection.com\/fr\/wp-json\/wp\/v2\/media\/5390760"}],"wp:attachment":[{"href":"https:\/\/theinvisiblecollection.com\/fr\/wp-json\/wp\/v2\/media?parent=5390766"}],"wp:term":[{"taxonomy":"product_brand","embeddable":true,"href":"https:\/\/theinvisiblecollection.com\/fr\/wp-json\/wp\/v2\/product_brand?post=5390766"},{"taxonomy":"product_cat","embeddable":true,"href":"https:\/\/theinvisiblecollection.com\/fr\/wp-json\/wp\/v2\/product_cat?post=5390766"},{"taxonomy":"product_tag","embeddable":true,"href":"https:\/\/theinvisiblecollection.com\/fr\/wp-json\/wp\/v2\/product_tag?post=5390766"},{"taxonomy":"product_designer","embeddable":true,"href":"https:\/\/theinvisiblecollection.com\/fr\/wp-json\/wp\/v2\/product_designer?post=5390766"},{"taxonomy":"comfabric","embeddable":true,"href":"https:\/\/theinvisiblecollection.com\/fr\/wp-json\/wp\/v2\/comfabric?post=5390766"},{"taxonomy":"manufacturer","embeddable":true,"href":"https:\/\/theinvisiblecollection.com\/fr\/wp-json\/wp\/v2\/manufacturer?post=5390766"},{"taxonomy":"reporting_designer","embeddable":true,"href":"https:\/\/theinvisiblecollection.com\/fr\/wp-json\/wp\/v2\/reporting_designer?post=5390766"},{"taxonomy":"samplecomfabric","embeddable":true,"href":"https:\/\/theinvisiblecollection.com\/fr\/wp-json\/wp\/v2\/samplecomfabric?post=5390766"},{"taxonomy":"clubroom_product_designer","embeddable":true,"href":"https:\/\/theinvisiblecollection.com\/fr\/wp-json\/wp\/v2\/designer_clubroom?post=5390766"}],"curies":[{"name":"wp","href":"https:\/\/api.w.org\/{rel}","templated":true}]}}