{"id":5391158,"date":"2024-08-01T09:45:12","date_gmt":"2024-08-01T09:45:12","guid":{"rendered":"https:\/\/theinvisiblecollection.com\/?post_type=product&#038;p=5391158"},"modified":"2026-05-01T07:37:36","modified_gmt":"2026-05-01T07:37:36","slug":"puiforcat-bol-pave-petit-modele-collection-selene","status":"publish","type":"product","link":"https:\/\/theinvisiblecollection.com\/fr\/produit\/puiforcat-bol-pave-petit-modele-collection-selene\/","title":{"rendered":"Bol Pav\u00e9 &#8211; Petit Mod\u00e8le &#8211; Collection S\u00e9l\u00e9n\u00e9"},"content":{"rendered":"<p style=\"text-align: justify;\">La collection S\u00e9l\u00e9n\u00e9 a \u00e9t\u00e9 imagin\u00e9e par Alev Eb\u00fczziya Siesbye, grande figure turco-danoise de la c\u00e9ramique. Fruit d\u2019un dialogue nourri entre l\u2019artiste et les artisans de Puiforcat, les bols et les vases en argent massif qui composent la collection arborent les m\u00eales formes rondes et h\u00e9misph\u00e9riques que celles qu\u2019elle fa\u00e7onne sans rel\u00e2che depuis une soixantaine d\u2019ann\u00e9es sur son tour de potier. Reposant sur un petit pied presque invisible, elles donnent l\u2019impression, d\u2019o\u00f9 qu\u2019on les regarde, de flotter \u00e0 quelques millim\u00e8tres de leur support. Disponibles en trois formats, les objets de la collection S\u00e9l\u00e9n\u00e9 n\u2019ont pas, selon la volont\u00e9 de leur cr\u00e9atrice, de fonction ni d\u2019utilit\u00e9 pr\u00e9cises. La multiplicit\u00e9 des usages, voil\u00e0 ce qu\u2019Alev pr\u00f4ne. Chaque cr\u00e9ation est sign\u00e9e et estampill\u00e9e du poin\u00e7on de ma\u00eetre de Puiforcat.<\/p>\n","protected":false},"excerpt":{"rendered":"<p>La collection S\u00e9l\u00e9n\u00e9 a \u00e9t\u00e9 imagin\u00e9e par Alev Eb\u00fczziya Siesbye, grande figure turco-danoise de la c\u00e9ramique. Fruit d\u2019un dialogue nourri entre l\u2019artiste et les artisans de Puiforcat, les bols et les vases en argent massif qui composent la collection arborent les m\u00eales formes rondes et h\u00e9misph\u00e9riques que celles qu\u2019elle fa\u00e7onne sans rel\u00e2che depuis une soixantaine [&hellip;]<\/p>\n","protected":false},"featured_media":5391163,"template":"","meta":{"_acf_changed":false,"content-type":"","_themeisle_gutenberg_block_has_review":false},"product_brand":[],"product_cat":[19981,19983],"product_tag":[31476],"product_designer":[28572],"comfabric":[],"manufacturer":[28576],"reporting_designer":[37213],"samplecomfabric":[],"designer_clubroom":[],"class_list":{"0":"post-5391158","1":"product","2":"type-product","3":"status-publish","4":"has-post-thumbnail","6":"product_cat-art-de-la-table","7":"product_cat-bols","8":"product_tag-st-collectible-fr","9":"product_designer-puiforcat-fr","10":"manufacturer-puiforcat-atelier-fr","11":"reporting_designer-puiforcat","12":"exhibitions-new-york-fr","14":"first","15":"instock","16":"taxable","17":"shipping-taxable","18":"purchasable","19":"product-type-simple"},"acf":[],"_links":{"self":[{"href":"https:\/\/theinvisiblecollection.com\/fr\/wp-json\/wp\/v2\/product\/5391158","targetHints":{"allow":["GET"]}}],"collection":[{"href":"https:\/\/theinvisiblecollection.com\/fr\/wp-json\/wp\/v2\/product"}],"about":[{"href":"https:\/\/theinvisiblecollection.com\/fr\/wp-json\/wp\/v2\/types\/product"}],"wp:featuredmedia":[{"embeddable":true,"href":"https:\/\/theinvisiblecollection.com\/fr\/wp-json\/wp\/v2\/media\/5391163"}],"wp:attachment":[{"href":"https:\/\/theinvisiblecollection.com\/fr\/wp-json\/wp\/v2\/media?parent=5391158"}],"wp:term":[{"taxonomy":"product_brand","embeddable":true,"href":"https:\/\/theinvisiblecollection.com\/fr\/wp-json\/wp\/v2\/product_brand?post=5391158"},{"taxonomy":"product_cat","embeddable":true,"href":"https:\/\/theinvisiblecollection.com\/fr\/wp-json\/wp\/v2\/product_cat?post=5391158"},{"taxonomy":"product_tag","embeddable":true,"href":"https:\/\/theinvisiblecollection.com\/fr\/wp-json\/wp\/v2\/product_tag?post=5391158"},{"taxonomy":"product_designer","embeddable":true,"href":"https:\/\/theinvisiblecollection.com\/fr\/wp-json\/wp\/v2\/product_designer?post=5391158"},{"taxonomy":"comfabric","embeddable":true,"href":"https:\/\/theinvisiblecollection.com\/fr\/wp-json\/wp\/v2\/comfabric?post=5391158"},{"taxonomy":"manufacturer","embeddable":true,"href":"https:\/\/theinvisiblecollection.com\/fr\/wp-json\/wp\/v2\/manufacturer?post=5391158"},{"taxonomy":"reporting_designer","embeddable":true,"href":"https:\/\/theinvisiblecollection.com\/fr\/wp-json\/wp\/v2\/reporting_designer?post=5391158"},{"taxonomy":"samplecomfabric","embeddable":true,"href":"https:\/\/theinvisiblecollection.com\/fr\/wp-json\/wp\/v2\/samplecomfabric?post=5391158"},{"taxonomy":"clubroom_product_designer","embeddable":true,"href":"https:\/\/theinvisiblecollection.com\/fr\/wp-json\/wp\/v2\/designer_clubroom?post=5391158"}],"curies":[{"name":"wp","href":"https:\/\/api.w.org\/{rel}","templated":true}]}}