{"id":5392252,"date":"2024-08-02T15:26:35","date_gmt":"2024-08-02T15:26:35","guid":{"rendered":"https:\/\/theinvisiblecollection.com\/?post_type=product&#038;p=5392252"},"modified":"2026-05-01T07:37:36","modified_gmt":"2026-05-01T07:37:36","slug":"juliana-lima-vasconcellos-chaise-girafe-edition-speciale","status":"publish","type":"product","link":"https:\/\/theinvisiblecollection.com\/fr\/produit\/juliana-lima-vasconcellos-chaise-girafe-edition-speciale\/","title":{"rendered":"Chaise Girafe"},"content":{"rendered":"<p style=\"text-align: justify;\"><span class=\"TextRun SCXW84344295 BCX0\" lang=\"FR-FR\" xml:lang=\"FR-FR\" data-contrast=\"auto\"><span class=\"NormalTextRun SCXW84344295 BCX0\">La <\/span><span class=\"NormalTextRun SCXW84344295 BCX0\">seule<\/span><span class=\"NormalTextRun SCXW84344295 BCX0\"> et unique <\/span><span class=\"NormalTextRun SCXW84344295 BCX0\">girafe<\/span> <span class=\"NormalTextRun SCXW84344295 BCX0\">originaire<\/span><span class=\"NormalTextRun SCXW84344295 BCX0\"> du <\/span><span class=\"NormalTextRun SCXW84344295 BCX0\">Br\u00e9sil<\/span><span class=\"NormalTextRun SCXW84344295 BCX0\">&#8230; La chaise <\/span><span class=\"NormalTextRun SCXW84344295 BCX0\">Girafe<\/span><span class=\"NormalTextRun SCXW84344295 BCX0\"> de Juliana Lima <\/span><span class=\"NormalTextRun SpellingErrorV2Themed SCXW84344295 BCX0\">Vasconcellos<\/span> <span class=\"NormalTextRun SCXW84344295 BCX0\">s&#8217;inspire<\/span><span class=\"NormalTextRun SCXW84344295 BCX0\"> d&#8217;un dessin na\u00eff de <\/span><span class=\"NormalTextRun SCXW84344295 BCX0\">cet<\/span> <span class=\"NormalTextRun SCXW84344295 BCX0\">\u00e9l\u00e9gant<\/span><span class=\"NormalTextRun SCXW84344295 BCX0\"> animal. <\/span><span class=\"NormalTextRun SCXW84344295 BCX0\">Ses<\/span> <span class=\"NormalTextRun SCXW84344295 BCX0\">lignes<\/span> <span class=\"NormalTextRun SCXW84344295 BCX0\">\u00e9lanc\u00e9es<\/span><span class=\"NormalTextRun SCXW84344295 BCX0\"> et <\/span><span class=\"NormalTextRun SCXW84344295 BCX0\">sculpturales<\/span> <span class=\"NormalTextRun SCXW84344295 BCX0\">d\u00e9gagent<\/span> <span class=\"NormalTextRun SCXW84344295 BCX0\">confort<\/span><span class=\"NormalTextRun SCXW84344295 BCX0\"> et <\/span><span class=\"NormalTextRun SCXW84344295 BCX0\">\u00e9l\u00e9gance<\/span><span class=\"NormalTextRun SCXW84344295 BCX0\">. D\u00e9j\u00e0 <\/span><span class=\"NormalTextRun SCXW84344295 BCX0\">embl\u00e9matique<\/span><span class=\"NormalTextRun SCXW84344295 BCX0\">, <\/span><span class=\"NormalTextRun SCXW84344295 BCX0\">elle<\/span> <span class=\"NormalTextRun SCXW84344295 BCX0\">est<\/span> <span class=\"NormalTextRun SCXW84344295 BCX0\">rentr\u00e9e<\/span><span class=\"NormalTextRun SCXW84344295 BCX0\"> dans les collections <\/span><span class=\"NormalTextRun SCXW84344295 BCX0\">permanentes<\/span><span class=\"NormalTextRun SCXW84344295 BCX0\"> du MAD Museum \u00e0 New York. <\/span><span class=\"NormalTextRun SCXW84344295 BCX0\">L<\/span><span class=\"NormalTextRun SCXW84344295 BCX0\">a chaise <\/span><span class=\"NormalTextRun SCXW84344295 BCX0\">Girafe<\/span> <\/span><span class=\"TextRun SCXW84344295 BCX0\" lang=\"FR-FR\" xml:lang=\"FR-FR\" data-contrast=\"auto\"><span class=\"NormalTextRun SCXW84344295 BCX0\">est disponible dans une version exclusive<\/span><\/span><span class=\"TextRun SCXW84344295 BCX0\" lang=\"FR-FR\" xml:lang=\"FR-FR\" data-contrast=\"auto\"> <span class=\"NormalTextRun SCXW84344295 BCX0\">pour Invisible Collection<\/span><span class=\"NormalTextRun SCXW84344295 BCX0\">, fabriqu\u00e9e en ch\u00eane naturel <\/span><span class=\"NormalTextRun SCXW84344295 BCX0\">par des artisans <\/span><span class=\"NormalTextRun SCXW84344295 BCX0\">d&#8217;exception<\/span> <span class=\"NormalTextRun SCXW84344295 BCX0\">en<\/span><span class=\"NormalTextRun SCXW84344295 BCX0\"> Europe pour <\/span><span class=\"NormalTextRun SCXW84344295 BCX0\">garantir<\/span> <span class=\"NormalTextRun SCXW84344295 BCX0\">une<\/span> <span class=\"NormalTextRun SCXW84344295 BCX0\">exp\u00e9dition<\/span><span class=\"NormalTextRun SCXW84344295 BCX0\"> plus <\/span><span class=\"NormalTextRun SCXW84344295 BCX0\">rapide<\/span><span class=\"NormalTextRun SCXW84344295 BCX0\">.<\/span><\/span><span class=\"EOP SCXW84344295 BCX0\" data-ccp-props=\"{&quot;134233117&quot;:false,&quot;134233118&quot;:false,&quot;201341983&quot;:0,&quot;335551550&quot;:2,&quot;335551620&quot;:2,&quot;335559738&quot;:0,&quot;335559739&quot;:0,&quot;335559740&quot;:279}\">\u00a0<\/span><\/p>\n","protected":false},"excerpt":{"rendered":"<p>La seule et unique girafe originaire du Br\u00e9sil&#8230; La chaise Girafe de Juliana Lima Vasconcellos s&#8217;inspire d&#8217;un dessin na\u00eff de cet \u00e9l\u00e9gant animal. Ses lignes \u00e9lanc\u00e9es et sculpturales d\u00e9gagent confort et \u00e9l\u00e9gance. D\u00e9j\u00e0 embl\u00e9matique, elle est rentr\u00e9e dans les collections permanentes du MAD Museum \u00e0 New York. La chaise Girafe est disponible dans une version [&hellip;]<\/p>\n","protected":false},"featured_media":5684950,"template":"","meta":{"_acf_changed":false,"content-type":"","_themeisle_gutenberg_block_has_review":false},"product_brand":[],"product_cat":[8962,12499,13076],"product_tag":[22790,35206],"product_designer":[13829],"comfabric":[34875],"manufacturer":[34893],"reporting_designer":[37237],"samplecomfabric":[34871],"designer_clubroom":[],"class_list":{"0":"post-5392252","1":"product","2":"type-product","3":"status-publish","4":"has-post-thumbnail","6":"product_cat-chaises","7":"product_cat-assises","8":"product_cat-bureau-a-la-maison","9":"product_tag-disponible-immediatement","10":"product_tag-exclusive-fr","11":"product_designer-juliana-lima-vasconcellos-fr","12":"comfabric-invisible-collection-paris-rive-gauche-com-order-if-clients-buying-fabric-fr","13":"manufacturer-trf-transport-jlv-pickup-fr","14":"reporting_designer-juliana-lima-vasconcellos","15":"samplecomfabric-nan-wood-furniture-giraffe-pickup-fr","16":"exhibitions-paris-fr","17":"exhibitions-new-york-fr","18":"exhibitions-londres-fr","19":"exhibitions-los-angeles-fr","21":"first","22":"instock","23":"taxable","24":"shipping-taxable","25":"purchasable","26":"product-type-variable"},"acf":[],"_links":{"self":[{"href":"https:\/\/theinvisiblecollection.com\/fr\/wp-json\/wp\/v2\/product\/5392252","targetHints":{"allow":["GET"]}}],"collection":[{"href":"https:\/\/theinvisiblecollection.com\/fr\/wp-json\/wp\/v2\/product"}],"about":[{"href":"https:\/\/theinvisiblecollection.com\/fr\/wp-json\/wp\/v2\/types\/product"}],"wp:featuredmedia":[{"embeddable":true,"href":"https:\/\/theinvisiblecollection.com\/fr\/wp-json\/wp\/v2\/media\/5684950"}],"wp:attachment":[{"href":"https:\/\/theinvisiblecollection.com\/fr\/wp-json\/wp\/v2\/media?parent=5392252"}],"wp:term":[{"taxonomy":"product_brand","embeddable":true,"href":"https:\/\/theinvisiblecollection.com\/fr\/wp-json\/wp\/v2\/product_brand?post=5392252"},{"taxonomy":"product_cat","embeddable":true,"href":"https:\/\/theinvisiblecollection.com\/fr\/wp-json\/wp\/v2\/product_cat?post=5392252"},{"taxonomy":"product_tag","embeddable":true,"href":"https:\/\/theinvisiblecollection.com\/fr\/wp-json\/wp\/v2\/product_tag?post=5392252"},{"taxonomy":"product_designer","embeddable":true,"href":"https:\/\/theinvisiblecollection.com\/fr\/wp-json\/wp\/v2\/product_designer?post=5392252"},{"taxonomy":"comfabric","embeddable":true,"href":"https:\/\/theinvisiblecollection.com\/fr\/wp-json\/wp\/v2\/comfabric?post=5392252"},{"taxonomy":"manufacturer","embeddable":true,"href":"https:\/\/theinvisiblecollection.com\/fr\/wp-json\/wp\/v2\/manufacturer?post=5392252"},{"taxonomy":"reporting_designer","embeddable":true,"href":"https:\/\/theinvisiblecollection.com\/fr\/wp-json\/wp\/v2\/reporting_designer?post=5392252"},{"taxonomy":"samplecomfabric","embeddable":true,"href":"https:\/\/theinvisiblecollection.com\/fr\/wp-json\/wp\/v2\/samplecomfabric?post=5392252"},{"taxonomy":"clubroom_product_designer","embeddable":true,"href":"https:\/\/theinvisiblecollection.com\/fr\/wp-json\/wp\/v2\/designer_clubroom?post=5392252"}],"curies":[{"name":"wp","href":"https:\/\/api.w.org\/{rel}","templated":true}]}}