{"id":5392427,"date":"2024-08-07T15:12:54","date_gmt":"2024-08-07T15:12:54","guid":{"rendered":"https:\/\/theinvisiblecollection.com\/?post_type=product&#038;p=5392427"},"modified":"2026-05-01T07:37:36","modified_gmt":"2026-05-01T07:37:36","slug":"puiforcat-assiette-a-salade-dinner-service","status":"publish","type":"product","link":"https:\/\/theinvisiblecollection.com\/fr\/produit\/puiforcat-assiette-a-salade-dinner-service\/","title":{"rendered":"Assiette \u00e0 Salade &#8211; Dinner Service"},"content":{"rendered":"<p style=\"text-align: justify;\">Le service de table en argent massif Dinner Service a \u00e9t\u00e9 r\u00e9alis\u00e9 d\u2019apr\u00e8s les croquis et les plans de l&#8217;artiste am\u00e9ricain Donald Judd. C\u2019est en 1989 qu\u2019il esquisse une s\u00e9rie de formes cylindriques entrecrois\u00e9es de plans perpendiculaires pour composer assiettes, bols, et autre plat. Mais les prototypes en acier r\u00e9alis\u00e9s \u00e0 l\u2019\u00e9poque n\u2019avaient pas atteint la pr\u00e9cision souhait\u00e9e. Quelques d\u00e9cennies plus tard, les artisans de Puiforcat, en appliquant les techniques traditionnelles de l\u2019orf\u00e8vrerie pratiqu\u00e9es dans l\u2019atelier de la maison, sont parvenus au degr\u00e9 de pr\u00e9cision consid\u00e9r\u00e9 comme la norme de l\u2019\u0153uvre de Donald Judd. Sous la direction artistique du fils de l\u2019artiste, ils r\u00e9alisent cette collection constitu\u00e9e de huit pi\u00e8ces compl\u00e9mentaires \u2013 assiette \u00e0 d\u00eener, \u00e0 pain, creuse, \u00e0 salade, \u00e0 dessert, ainsi qu\u2019un plat rond, une grande assiette \u00e0 pain et un gobelet. Chaque cr\u00e9ation est num\u00e9rot\u00e9e et estampill\u00e9e du poin\u00e7on de ma\u00eetre de Puiforcat.<\/p>\n","protected":false},"excerpt":{"rendered":"<p>Le service de table en argent massif Dinner Service a \u00e9t\u00e9 r\u00e9alis\u00e9 d\u2019apr\u00e8s les croquis et les plans de l&#8217;artiste am\u00e9ricain Donald Judd. C\u2019est en 1989 qu\u2019il esquisse une s\u00e9rie de formes cylindriques entrecrois\u00e9es de plans perpendiculaires pour composer assiettes, bols, et autre plat. Mais les prototypes en acier r\u00e9alis\u00e9s \u00e0 l\u2019\u00e9poque n\u2019avaient pas atteint [&hellip;]<\/p>\n","protected":false},"featured_media":5392418,"template":"","meta":{"_acf_changed":false,"content-type":"","_themeisle_gutenberg_block_has_review":false},"product_brand":[],"product_cat":[19981,19984],"product_tag":[31476],"product_designer":[28572],"comfabric":[],"manufacturer":[28576],"reporting_designer":[37213],"samplecomfabric":[],"designer_clubroom":[],"class_list":{"0":"post-5392427","1":"product","2":"type-product","3":"status-publish","4":"has-post-thumbnail","6":"product_cat-art-de-la-table","7":"product_cat-assiettes-et-plats","8":"product_tag-st-collectible-fr","9":"product_designer-puiforcat-fr","10":"manufacturer-puiforcat-atelier-fr","11":"reporting_designer-puiforcat","12":"exhibitions-new-york-fr","14":"first","15":"instock","16":"taxable","17":"shipping-taxable","18":"purchasable","19":"product-type-simple"},"acf":[],"_links":{"self":[{"href":"https:\/\/theinvisiblecollection.com\/fr\/wp-json\/wp\/v2\/product\/5392427","targetHints":{"allow":["GET"]}}],"collection":[{"href":"https:\/\/theinvisiblecollection.com\/fr\/wp-json\/wp\/v2\/product"}],"about":[{"href":"https:\/\/theinvisiblecollection.com\/fr\/wp-json\/wp\/v2\/types\/product"}],"wp:featuredmedia":[{"embeddable":true,"href":"https:\/\/theinvisiblecollection.com\/fr\/wp-json\/wp\/v2\/media\/5392418"}],"wp:attachment":[{"href":"https:\/\/theinvisiblecollection.com\/fr\/wp-json\/wp\/v2\/media?parent=5392427"}],"wp:term":[{"taxonomy":"product_brand","embeddable":true,"href":"https:\/\/theinvisiblecollection.com\/fr\/wp-json\/wp\/v2\/product_brand?post=5392427"},{"taxonomy":"product_cat","embeddable":true,"href":"https:\/\/theinvisiblecollection.com\/fr\/wp-json\/wp\/v2\/product_cat?post=5392427"},{"taxonomy":"product_tag","embeddable":true,"href":"https:\/\/theinvisiblecollection.com\/fr\/wp-json\/wp\/v2\/product_tag?post=5392427"},{"taxonomy":"product_designer","embeddable":true,"href":"https:\/\/theinvisiblecollection.com\/fr\/wp-json\/wp\/v2\/product_designer?post=5392427"},{"taxonomy":"comfabric","embeddable":true,"href":"https:\/\/theinvisiblecollection.com\/fr\/wp-json\/wp\/v2\/comfabric?post=5392427"},{"taxonomy":"manufacturer","embeddable":true,"href":"https:\/\/theinvisiblecollection.com\/fr\/wp-json\/wp\/v2\/manufacturer?post=5392427"},{"taxonomy":"reporting_designer","embeddable":true,"href":"https:\/\/theinvisiblecollection.com\/fr\/wp-json\/wp\/v2\/reporting_designer?post=5392427"},{"taxonomy":"samplecomfabric","embeddable":true,"href":"https:\/\/theinvisiblecollection.com\/fr\/wp-json\/wp\/v2\/samplecomfabric?post=5392427"},{"taxonomy":"clubroom_product_designer","embeddable":true,"href":"https:\/\/theinvisiblecollection.com\/fr\/wp-json\/wp\/v2\/designer_clubroom?post=5392427"}],"curies":[{"name":"wp","href":"https:\/\/api.w.org\/{rel}","templated":true}]}}