{"id":5393067,"date":"2024-08-06T09:13:33","date_gmt":"2024-08-06T09:13:33","guid":{"rendered":"https:\/\/theinvisiblecollection.com\/?post_type=product&#038;p=5393067"},"modified":"2026-05-01T07:37:33","modified_gmt":"2026-05-01T07:37:33","slug":"assieds-toii-tabouret-mushroom-deja-vu-jamais","status":"publish","type":"product","link":"https:\/\/theinvisiblecollection.com\/fr\/produit\/assieds-toii-tabouret-mushroom-deja-vu-jamais\/","title":{"rendered":"Tabouret Mushroom D\u00e9j\u00e0 Vu Jamais"},"content":{"rendered":"<p style=\"text-align: justify;\"><span class=\"TextRun SCXW248695749 BCX0\" lang=\"FR\" xml:lang=\"FR\" data-contrast=\"auto\"><span class=\"NormalTextRun SCXW248695749 BCX0\">Le tabouret Mushroom d&#8217;Assieds Toii apporte une touche de vitalit\u00e9 \u00e0 tout int\u00e9rieur, d\u00e9veloppant les limites de sa fonctionnalit\u00e9 avec un style singulier. Con\u00e7ue pour rehausser le style et apporter une touche \u00e0 la fois dynamique et originale, cette cr\u00e9ation illustre la fa\u00e7on dont les cr\u00e9ateurs abordent chaque pi\u00e8ce dans le m\u00eame esprit et la m\u00eame d\u00e9marche que ceux utilis\u00e9s pour le choix d&#8217;une tenue vestimentaire. Tous les tabourets Mushroom sont fabriqu\u00e9s \u00e0 la main au Royaume-Uni, avec un m\u00e9lange de m\u00e9thodes de garnissage \u00e0 la fois traditionnelles et modernes pour une finition et un confort parfaits.<\/span><\/span><span class=\"EOP SCXW248695749 BCX0\" data-ccp-props=\"{&quot;134233117&quot;:false,&quot;134233118&quot;:false,&quot;201341983&quot;:0,&quot;335551550&quot;:6,&quot;335551620&quot;:6,&quot;335559738&quot;:0,&quot;335559739&quot;:160,&quot;335559740&quot;:276}\">\u00a0<\/span><\/p>\n","protected":false},"excerpt":{"rendered":"<p>Le tabouret Mushroom d&#8217;Assieds Toii apporte une touche de vitalit\u00e9 \u00e0 tout int\u00e9rieur, d\u00e9veloppant les limites de sa fonctionnalit\u00e9 avec un style singulier. Con\u00e7ue pour rehausser le style et apporter une touche \u00e0 la fois dynamique et originale, cette cr\u00e9ation illustre la fa\u00e7on dont les cr\u00e9ateurs abordent chaque pi\u00e8ce dans le m\u00eame esprit et la [&hellip;]<\/p>\n","protected":false},"featured_media":5393017,"template":"","meta":{"_acf_changed":false,"content-type":"","_themeisle_gutenberg_block_has_review":false},"product_brand":[],"product_cat":[8969,12499],"product_tag":[],"product_designer":[31185],"comfabric":[],"manufacturer":[31183],"reporting_designer":[37853],"samplecomfabric":[],"designer_clubroom":[],"class_list":{"0":"post-5393067","1":"product","2":"type-product","3":"status-publish","4":"has-post-thumbnail","6":"product_cat-ottomans-tabourets","7":"product_cat-assises","8":"product_designer-assieds-toii-fr","9":"manufacturer-artisan-storage-ltd-fr","10":"reporting_designer-assieds-toii","11":"exhibitions-paris-fr","12":"exhibitions-londres-fr","14":"first","15":"instock","16":"taxable","17":"shipping-taxable","18":"purchasable","19":"product-type-variable"},"acf":[],"_links":{"self":[{"href":"https:\/\/theinvisiblecollection.com\/fr\/wp-json\/wp\/v2\/product\/5393067","targetHints":{"allow":["GET"]}}],"collection":[{"href":"https:\/\/theinvisiblecollection.com\/fr\/wp-json\/wp\/v2\/product"}],"about":[{"href":"https:\/\/theinvisiblecollection.com\/fr\/wp-json\/wp\/v2\/types\/product"}],"wp:featuredmedia":[{"embeddable":true,"href":"https:\/\/theinvisiblecollection.com\/fr\/wp-json\/wp\/v2\/media\/5393017"}],"wp:attachment":[{"href":"https:\/\/theinvisiblecollection.com\/fr\/wp-json\/wp\/v2\/media?parent=5393067"}],"wp:term":[{"taxonomy":"product_brand","embeddable":true,"href":"https:\/\/theinvisiblecollection.com\/fr\/wp-json\/wp\/v2\/product_brand?post=5393067"},{"taxonomy":"product_cat","embeddable":true,"href":"https:\/\/theinvisiblecollection.com\/fr\/wp-json\/wp\/v2\/product_cat?post=5393067"},{"taxonomy":"product_tag","embeddable":true,"href":"https:\/\/theinvisiblecollection.com\/fr\/wp-json\/wp\/v2\/product_tag?post=5393067"},{"taxonomy":"product_designer","embeddable":true,"href":"https:\/\/theinvisiblecollection.com\/fr\/wp-json\/wp\/v2\/product_designer?post=5393067"},{"taxonomy":"comfabric","embeddable":true,"href":"https:\/\/theinvisiblecollection.com\/fr\/wp-json\/wp\/v2\/comfabric?post=5393067"},{"taxonomy":"manufacturer","embeddable":true,"href":"https:\/\/theinvisiblecollection.com\/fr\/wp-json\/wp\/v2\/manufacturer?post=5393067"},{"taxonomy":"reporting_designer","embeddable":true,"href":"https:\/\/theinvisiblecollection.com\/fr\/wp-json\/wp\/v2\/reporting_designer?post=5393067"},{"taxonomy":"samplecomfabric","embeddable":true,"href":"https:\/\/theinvisiblecollection.com\/fr\/wp-json\/wp\/v2\/samplecomfabric?post=5393067"},{"taxonomy":"clubroom_product_designer","embeddable":true,"href":"https:\/\/theinvisiblecollection.com\/fr\/wp-json\/wp\/v2\/designer_clubroom?post=5393067"}],"curies":[{"name":"wp","href":"https:\/\/api.w.org\/{rel}","templated":true}]}}