{"id":5396749,"date":"2024-09-10T10:50:25","date_gmt":"2024-09-10T10:50:25","guid":{"rendered":"https:\/\/theinvisiblecollection.com\/?post_type=product&#038;p=5396749"},"modified":"2026-05-01T07:37:33","modified_gmt":"2026-05-01T07:37:33","slug":"bougeoir-apc-2","status":"publish","type":"product","link":"https:\/\/theinvisiblecollection.com\/fr\/produit\/bougeoir-apc-2\/","title":{"rendered":"Bougeoir APC 2"},"content":{"rendered":"<p style=\"text-align: justify;\">Un concept n\u00e9 d&#8217;une volont\u00e9 d&#8217;associer les langages de Sophie Dries et de l&#8217;Atelier Pierre Culot, 5 formes \u00e9pur\u00e9es sign\u00e9es par le designer, termin\u00e9es par 5 types d&#8217;\u00e9maux sign\u00e9s par le c\u00e9ramiste. L&#8217;alliance d&#8217;un savoir-faire confirm\u00e9 et la transposition d&#8217;un designer, de son esth\u00e9tique et de son temps.<\/p>\n","protected":false},"excerpt":{"rendered":"<p>Un concept n\u00e9 d&#8217;une volont\u00e9 d&#8217;associer les langages de Sophie Dries et de l&#8217;Atelier Pierre Culot, 5 formes \u00e9pur\u00e9es sign\u00e9es par le designer, termin\u00e9es par 5 types d&#8217;\u00e9maux sign\u00e9s par le c\u00e9ramiste. L&#8217;alliance d&#8217;un savoir-faire confirm\u00e9 et la transposition d&#8217;un designer, de son esth\u00e9tique et de son temps.<\/p>\n","protected":false},"featured_media":5396746,"template":"","meta":{"_acf_changed":false,"content-type":"","_themeisle_gutenberg_block_has_review":false},"product_brand":[],"product_cat":[7517,12529],"product_tag":[14925,31475,31477],"product_designer":[17359],"comfabric":[],"manufacturer":[31249],"reporting_designer":[37325],"samplecomfabric":[],"designer_clubroom":[],"class_list":{"0":"post-5396749","1":"product","2":"type-product","3":"status-publish","4":"has-post-thumbnail","6":"product_cat-deco-fr","7":"product_cat-bougies-bougeoirs","8":"product_tag-hpfav-fr","9":"product_tag-st-ceramic-fr","10":"product_tag-st-curvy-fr","11":"product_designer-sophie-dries-fr","12":"manufacturer-atelier-pierre-culot-fr","13":"reporting_designer-sophie-dries","15":"first","16":"instock","17":"taxable","18":"shipping-taxable","19":"purchasable","20":"product-type-simple"},"acf":[],"_links":{"self":[{"href":"https:\/\/theinvisiblecollection.com\/fr\/wp-json\/wp\/v2\/product\/5396749","targetHints":{"allow":["GET"]}}],"collection":[{"href":"https:\/\/theinvisiblecollection.com\/fr\/wp-json\/wp\/v2\/product"}],"about":[{"href":"https:\/\/theinvisiblecollection.com\/fr\/wp-json\/wp\/v2\/types\/product"}],"wp:featuredmedia":[{"embeddable":true,"href":"https:\/\/theinvisiblecollection.com\/fr\/wp-json\/wp\/v2\/media\/5396746"}],"wp:attachment":[{"href":"https:\/\/theinvisiblecollection.com\/fr\/wp-json\/wp\/v2\/media?parent=5396749"}],"wp:term":[{"taxonomy":"product_brand","embeddable":true,"href":"https:\/\/theinvisiblecollection.com\/fr\/wp-json\/wp\/v2\/product_brand?post=5396749"},{"taxonomy":"product_cat","embeddable":true,"href":"https:\/\/theinvisiblecollection.com\/fr\/wp-json\/wp\/v2\/product_cat?post=5396749"},{"taxonomy":"product_tag","embeddable":true,"href":"https:\/\/theinvisiblecollection.com\/fr\/wp-json\/wp\/v2\/product_tag?post=5396749"},{"taxonomy":"product_designer","embeddable":true,"href":"https:\/\/theinvisiblecollection.com\/fr\/wp-json\/wp\/v2\/product_designer?post=5396749"},{"taxonomy":"comfabric","embeddable":true,"href":"https:\/\/theinvisiblecollection.com\/fr\/wp-json\/wp\/v2\/comfabric?post=5396749"},{"taxonomy":"manufacturer","embeddable":true,"href":"https:\/\/theinvisiblecollection.com\/fr\/wp-json\/wp\/v2\/manufacturer?post=5396749"},{"taxonomy":"reporting_designer","embeddable":true,"href":"https:\/\/theinvisiblecollection.com\/fr\/wp-json\/wp\/v2\/reporting_designer?post=5396749"},{"taxonomy":"samplecomfabric","embeddable":true,"href":"https:\/\/theinvisiblecollection.com\/fr\/wp-json\/wp\/v2\/samplecomfabric?post=5396749"},{"taxonomy":"clubroom_product_designer","embeddable":true,"href":"https:\/\/theinvisiblecollection.com\/fr\/wp-json\/wp\/v2\/designer_clubroom?post=5396749"}],"curies":[{"name":"wp","href":"https:\/\/api.w.org\/{rel}","templated":true}]}}