{"id":5396886,"date":"2024-08-22T09:57:41","date_gmt":"2024-08-22T09:57:41","guid":{"rendered":"https:\/\/theinvisiblecollection.com\/?post_type=product&#038;p=5396886"},"modified":"2026-05-01T07:37:33","modified_gmt":"2026-05-01T07:37:33","slug":"applique-murale-torch","status":"publish","type":"product","link":"https:\/\/theinvisiblecollection.com\/fr\/produit\/applique-murale-torch\/","title":{"rendered":"Applique Murale Torch"},"content":{"rendered":"<p style=\"text-align: justify;\">Inspir\u00e9e des torches primitives anciennes, l&#8217;applique murale Torch est fabriqu\u00e9e \u00e0 partir de s\u00e9l\u00e9nite de gypse, un bloc solide de min\u00e9ral. Cette merveille de la nature poss\u00e8de des propri\u00e9t\u00e9s curatives et brillantes. La forme minimale de la colonne en acier patin\u00e9, en laiton ou en nickel cr\u00e9e un \u00e9quilibre intemporel avec n&#8217;importe quel int\u00e9rieur.<\/p>\n","protected":false},"excerpt":{"rendered":"<p>Inspir\u00e9e des torches primitives anciennes, l&#8217;applique murale Torch est fabriqu\u00e9e \u00e0 partir de s\u00e9l\u00e9nite de gypse, un bloc solide de min\u00e9ral. Cette merveille de la nature poss\u00e8de des propri\u00e9t\u00e9s curatives et brillantes. La forme minimale de la colonne en acier patin\u00e9, en laiton ou en nickel cr\u00e9e un \u00e9quilibre intemporel avec n&#8217;importe quel int\u00e9rieur.<\/p>\n","protected":false},"featured_media":5730506,"template":"","meta":{"_acf_changed":false,"content-type":"","_themeisle_gutenberg_block_has_review":false},"product_brand":[],"product_cat":[8975,12507],"product_tag":[31477],"product_designer":[17359,25959],"comfabric":[],"manufacturer":[],"reporting_designer":[37325],"samplecomfabric":[],"designer_clubroom":[],"class_list":{"0":"post-5396886","1":"product","2":"type-product","3":"status-publish","4":"has-post-thumbnail","6":"product_cat-appliques-murales","7":"product_cat-luminaires","8":"product_tag-st-curvy-fr","9":"product_designer-sophie-dries-fr","10":"product_designer-sophie-dries-x-kaia-fr","11":"reporting_designer-sophie-dries","13":"first","14":"instock","15":"taxable","16":"shipping-taxable","17":"purchasable","18":"product-type-variable"},"acf":[],"_links":{"self":[{"href":"https:\/\/theinvisiblecollection.com\/fr\/wp-json\/wp\/v2\/product\/5396886","targetHints":{"allow":["GET"]}}],"collection":[{"href":"https:\/\/theinvisiblecollection.com\/fr\/wp-json\/wp\/v2\/product"}],"about":[{"href":"https:\/\/theinvisiblecollection.com\/fr\/wp-json\/wp\/v2\/types\/product"}],"wp:featuredmedia":[{"embeddable":true,"href":"https:\/\/theinvisiblecollection.com\/fr\/wp-json\/wp\/v2\/media\/5730506"}],"wp:attachment":[{"href":"https:\/\/theinvisiblecollection.com\/fr\/wp-json\/wp\/v2\/media?parent=5396886"}],"wp:term":[{"taxonomy":"product_brand","embeddable":true,"href":"https:\/\/theinvisiblecollection.com\/fr\/wp-json\/wp\/v2\/product_brand?post=5396886"},{"taxonomy":"product_cat","embeddable":true,"href":"https:\/\/theinvisiblecollection.com\/fr\/wp-json\/wp\/v2\/product_cat?post=5396886"},{"taxonomy":"product_tag","embeddable":true,"href":"https:\/\/theinvisiblecollection.com\/fr\/wp-json\/wp\/v2\/product_tag?post=5396886"},{"taxonomy":"product_designer","embeddable":true,"href":"https:\/\/theinvisiblecollection.com\/fr\/wp-json\/wp\/v2\/product_designer?post=5396886"},{"taxonomy":"comfabric","embeddable":true,"href":"https:\/\/theinvisiblecollection.com\/fr\/wp-json\/wp\/v2\/comfabric?post=5396886"},{"taxonomy":"manufacturer","embeddable":true,"href":"https:\/\/theinvisiblecollection.com\/fr\/wp-json\/wp\/v2\/manufacturer?post=5396886"},{"taxonomy":"reporting_designer","embeddable":true,"href":"https:\/\/theinvisiblecollection.com\/fr\/wp-json\/wp\/v2\/reporting_designer?post=5396886"},{"taxonomy":"samplecomfabric","embeddable":true,"href":"https:\/\/theinvisiblecollection.com\/fr\/wp-json\/wp\/v2\/samplecomfabric?post=5396886"},{"taxonomy":"clubroom_product_designer","embeddable":true,"href":"https:\/\/theinvisiblecollection.com\/fr\/wp-json\/wp\/v2\/designer_clubroom?post=5396886"}],"curies":[{"name":"wp","href":"https:\/\/api.w.org\/{rel}","templated":true}]}}