{"id":5398456,"date":"2024-08-30T14:05:28","date_gmt":"2024-08-30T14:05:28","guid":{"rendered":"https:\/\/theinvisiblecollection.com\/?post_type=product&#038;p=5398456"},"modified":"2026-05-01T07:37:33","modified_gmt":"2026-05-01T07:37:33","slug":"pinto-fauteuil-ipanema-2","status":"publish","type":"product","link":"https:\/\/theinvisiblecollection.com\/fr\/produit\/pinto-fauteuil-ipanema-2\/","title":{"rendered":"Fauteuil Ipanema"},"content":{"rendered":"<p>V\u00e9ritable plage de confort et de d\u00e9contraction le fauteuil Ipanema joue de la d\u00e9mesure. La profondeur de son assise invite \u00e0 s\u2019alanguir dans la douceur de son tissus, dont la chaleureuse teinte beige, s\u2019associe au miel du ch\u00eane massif vernis naturel du pi\u00e8tement, anim\u00e9 par les lignes horizontales de cocoshell.<\/p>\n","protected":false},"excerpt":{"rendered":"<p>V\u00e9ritable plage de confort et de d\u00e9contraction le fauteuil Ipanema joue de la d\u00e9mesure. La profondeur de son assise invite \u00e0 s\u2019alanguir dans la douceur de son tissus, dont la chaleureuse teinte beige, s\u2019associe au miel du ch\u00eane massif vernis naturel du pi\u00e8tement, anim\u00e9 par les lignes horizontales de cocoshell.<\/p>\n","protected":false},"featured_media":5398587,"template":"","meta":{"_acf_changed":false,"content-type":"","_themeisle_gutenberg_block_has_review":false},"product_brand":[],"product_cat":[8945,12499],"product_tag":[],"product_designer":[12292],"comfabric":[28998],"manufacturer":[37047],"reporting_designer":[37187],"samplecomfabric":[30938],"designer_clubroom":[],"class_list":{"0":"post-5398456","1":"product","2":"type-product","3":"status-publish","4":"has-post-thumbnail","6":"product_cat-fauteuils","7":"product_cat-assises","8":"pa_fabric-en-blanc-sans-tissu-fr","9":"pa_fabric-pierre-frey-shanghai-fr","10":"product_designer-pinto-fr","11":"comfabric-pinto-fr","12":"manufacturer-pinto-esi-louvres-fr","13":"reporting_designer-pinto","14":"samplecomfabric-pinto-fr","16":"first","17":"instock","18":"taxable","19":"shipping-taxable","20":"purchasable","21":"product-type-variable"},"acf":[],"_links":{"self":[{"href":"https:\/\/theinvisiblecollection.com\/fr\/wp-json\/wp\/v2\/product\/5398456","targetHints":{"allow":["GET"]}}],"collection":[{"href":"https:\/\/theinvisiblecollection.com\/fr\/wp-json\/wp\/v2\/product"}],"about":[{"href":"https:\/\/theinvisiblecollection.com\/fr\/wp-json\/wp\/v2\/types\/product"}],"wp:featuredmedia":[{"embeddable":true,"href":"https:\/\/theinvisiblecollection.com\/fr\/wp-json\/wp\/v2\/media\/5398587"}],"wp:attachment":[{"href":"https:\/\/theinvisiblecollection.com\/fr\/wp-json\/wp\/v2\/media?parent=5398456"}],"wp:term":[{"taxonomy":"product_brand","embeddable":true,"href":"https:\/\/theinvisiblecollection.com\/fr\/wp-json\/wp\/v2\/product_brand?post=5398456"},{"taxonomy":"product_cat","embeddable":true,"href":"https:\/\/theinvisiblecollection.com\/fr\/wp-json\/wp\/v2\/product_cat?post=5398456"},{"taxonomy":"product_tag","embeddable":true,"href":"https:\/\/theinvisiblecollection.com\/fr\/wp-json\/wp\/v2\/product_tag?post=5398456"},{"taxonomy":"product_designer","embeddable":true,"href":"https:\/\/theinvisiblecollection.com\/fr\/wp-json\/wp\/v2\/product_designer?post=5398456"},{"taxonomy":"comfabric","embeddable":true,"href":"https:\/\/theinvisiblecollection.com\/fr\/wp-json\/wp\/v2\/comfabric?post=5398456"},{"taxonomy":"manufacturer","embeddable":true,"href":"https:\/\/theinvisiblecollection.com\/fr\/wp-json\/wp\/v2\/manufacturer?post=5398456"},{"taxonomy":"reporting_designer","embeddable":true,"href":"https:\/\/theinvisiblecollection.com\/fr\/wp-json\/wp\/v2\/reporting_designer?post=5398456"},{"taxonomy":"samplecomfabric","embeddable":true,"href":"https:\/\/theinvisiblecollection.com\/fr\/wp-json\/wp\/v2\/samplecomfabric?post=5398456"},{"taxonomy":"clubroom_product_designer","embeddable":true,"href":"https:\/\/theinvisiblecollection.com\/fr\/wp-json\/wp\/v2\/designer_clubroom?post=5398456"}],"curies":[{"name":"wp","href":"https:\/\/api.w.org\/{rel}","templated":true}]}}