{"id":53998,"date":"2020-09-04T13:37:39","date_gmt":"2020-09-04T12:37:39","guid":{"rendered":"https:\/\/www.theinvisiblecollection.com\/?post_type=product&#038;p=53998"},"modified":"2026-05-01T07:39:35","modified_gmt":"2026-05-01T07:39:35","slug":"victoria-magniant-tabouret-daiku-2","status":"publish","type":"product","link":"https:\/\/theinvisiblecollection.com\/fr\/produit\/victoria-magniant-tabouret-daiku-2\/","title":{"rendered":"Tabouret Daiku"},"content":{"rendered":"<p style=\"text-align: justify;\">Le Tabouret Daiku est con\u00e7ue comme une calligraphie. Nos teintes sont pens\u00e9es comme une gamme d&#8217;aquarelles, \u00e0 la fois riches en pigments, pour donner de l&#8217;intensit\u00e9, et transparentes pour mettre en valeur le veinage du bois. Nous utilisons du ch\u00eane du noyer ou du fr\u00eane massif, fa\u00e7onn\u00e9s dans nos ateliers o\u00f9 savoir-faire.<\/p>\n<p>&nbsp;<\/p>\n<pre id=\"tw-target-text\" class=\"tw-data-text tw-text-large XcVN5d tw-ta\" dir=\"ltr\" data-placeholder=\"Translation\"><\/pre>\n","protected":false},"excerpt":{"rendered":"<p>Tabouret disponible en noyer ou fr\u00eane teint\u00e9 vernis<br \/>\n<a href=\"https:\/\/theinvisiblecollection.com\/wp-content\/uploads\/2022\/11\/TheInvisibleCollection_Victoria_Magniant_Wood_Selection_Daiku.pdf\" target=\"_blank\" rel=\"noopener\"><span style=\"text-decoration: underline;\">D\u00e9couvrez la s\u00e9lection de bois ici<\/span><\/a><\/p>\n<p class=\"p1\">L 44 x P 32 x H 46 cm<\/p>\n<p>Fabriqu\u00e9 \u00e0 la main en Europe<br \/>\nD\u00e9lais de fabrication : 12 &#8211; 14 semaines<\/p>\n<p><span style=\"text-decoration: underline;\"><a href=\"https:\/\/www.theinvisiblecollection.com\/fr\/demande-de-devis\/?product_id=53998\">Contactez-nous pour toute demande de devis ou de renseignement<\/a><\/span><\/p>\n","protected":false},"featured_media":1189480,"template":"","meta":{"_acf_changed":false,"content-type":"","_themeisle_gutenberg_block_has_review":false},"product_brand":[],"product_cat":[8969,12499],"product_tag":[22790,8942,8952,9275,9366,11170,11173,11236,12465],"product_designer":[11131],"comfabric":[],"manufacturer":[23410],"reporting_designer":[37391],"samplecomfabric":[],"designer_clubroom":[],"class_list":{"0":"post-53998","1":"product","2":"type-product","3":"status-publish","4":"has-post-thumbnail","6":"product_cat-ottomans-tabourets","7":"product_cat-assises","8":"product_tag-disponible-immediatement","9":"product_tag-assise","10":"product_tag-bois-fr","11":"product_tag-tabouret-fr-2","12":"product_tag-bois-de-frene-fr","13":"product_tag-frene-fr-2","14":"product_tag-victoria-magniant-fr-2","15":"product_tag-daiku-fr","16":"product_tag-walnut-fr","17":"product_designer-victoria-magniant-fr","18":"manufacturer-l-e-c-fr","19":"reporting_designer-victoria-magniant","20":"exhibitions-londres-fr","22":"first","23":"instock","24":"taxable","25":"shipping-taxable","26":"purchasable","27":"product-type-variable"},"acf":[],"_links":{"self":[{"href":"https:\/\/theinvisiblecollection.com\/fr\/wp-json\/wp\/v2\/product\/53998","targetHints":{"allow":["GET"]}}],"collection":[{"href":"https:\/\/theinvisiblecollection.com\/fr\/wp-json\/wp\/v2\/product"}],"about":[{"href":"https:\/\/theinvisiblecollection.com\/fr\/wp-json\/wp\/v2\/types\/product"}],"wp:featuredmedia":[{"embeddable":true,"href":"https:\/\/theinvisiblecollection.com\/fr\/wp-json\/wp\/v2\/media\/1189480"}],"wp:attachment":[{"href":"https:\/\/theinvisiblecollection.com\/fr\/wp-json\/wp\/v2\/media?parent=53998"}],"wp:term":[{"taxonomy":"product_brand","embeddable":true,"href":"https:\/\/theinvisiblecollection.com\/fr\/wp-json\/wp\/v2\/product_brand?post=53998"},{"taxonomy":"product_cat","embeddable":true,"href":"https:\/\/theinvisiblecollection.com\/fr\/wp-json\/wp\/v2\/product_cat?post=53998"},{"taxonomy":"product_tag","embeddable":true,"href":"https:\/\/theinvisiblecollection.com\/fr\/wp-json\/wp\/v2\/product_tag?post=53998"},{"taxonomy":"product_designer","embeddable":true,"href":"https:\/\/theinvisiblecollection.com\/fr\/wp-json\/wp\/v2\/product_designer?post=53998"},{"taxonomy":"comfabric","embeddable":true,"href":"https:\/\/theinvisiblecollection.com\/fr\/wp-json\/wp\/v2\/comfabric?post=53998"},{"taxonomy":"manufacturer","embeddable":true,"href":"https:\/\/theinvisiblecollection.com\/fr\/wp-json\/wp\/v2\/manufacturer?post=53998"},{"taxonomy":"reporting_designer","embeddable":true,"href":"https:\/\/theinvisiblecollection.com\/fr\/wp-json\/wp\/v2\/reporting_designer?post=53998"},{"taxonomy":"samplecomfabric","embeddable":true,"href":"https:\/\/theinvisiblecollection.com\/fr\/wp-json\/wp\/v2\/samplecomfabric?post=53998"},{"taxonomy":"clubroom_product_designer","embeddable":true,"href":"https:\/\/theinvisiblecollection.com\/fr\/wp-json\/wp\/v2\/designer_clubroom?post=53998"}],"curies":[{"name":"wp","href":"https:\/\/api.w.org\/{rel}","templated":true}]}}