{"id":54073,"date":"2020-09-04T11:40:05","date_gmt":"2020-09-04T10:40:05","guid":{"rendered":"https:\/\/www.theinvisiblecollection.com\/?post_type=product&#038;p=54073"},"modified":"2026-05-01T07:39:35","modified_gmt":"2026-05-01T07:39:35","slug":"victoria-magniant-applique-takosu-mezzo","status":"publish","type":"product","link":"https:\/\/theinvisiblecollection.com\/fr\/produit\/victoria-magniant-applique-takosu-mezzo\/","title":{"rendered":"Applique Takosu Mezzo"},"content":{"rendered":"<p style=\"text-align: justify;\">L&#8217;applique murale Takosu, r\u00e9alis\u00e9e en laiton cintr\u00e9e, est fa\u00e7onn\u00e9e dans des ateliers de ferronnerie fran\u00e7ais, chacun avec son savoir-faire unique. Nous explorons une large gamme de textures, avec des finitions bross\u00e9es et patin\u00e9es, ainsi que des couleurs sur-mesure. La tige en verre est souffl\u00e9e \u00e0 la bouche par un artisan- verrier fran\u00e7ais puis sabl\u00e9e pour diffuser harmonieusement la lumini\u00e8re.<\/p>\n","protected":false},"excerpt":{"rendered":"<p>Applique photographi\u00e9e ici en laiton anthracite, finition bross\u00e9e<br \/>\nR\u00e9flecteurs en laiton<br \/>\nVerre borosilicate souffl\u00e9, ampoule LED incluse, 2700K 12W, blanc chaud<br \/>\nExt\u00e9rieur en laiton \u00e9galement disponible en polimiroir, bross\u00e9, bleu persill\u00e9 et vieux rose<br \/>\n<span style=\"text-decoration: underline;\"><a href=\"https:\/\/theinvisiblecollection.com\/wp-content\/uploads\/2022\/10\/TheInvisibleCollection_VictoriaMagniant_LightingCollection_BrassFinishes-1.jpg\" target=\"_blank\" rel=\"noopener\">D\u00e9couvrez les finitions en laiton ici<\/a><\/span><br \/>\nFinitions et dimensions sur-mesure sur demande<\/p>\n<p>L 28 x l 20 x H 12 cm<\/p>\n<p class=\"p1\">Fabriqu\u00e9e \u00e0 la main en France<br \/>\nD\u00e9lais de fabrication : 12 &#8211; 14 semaines<\/p>\n<p class=\"p3\"><span class=\"s1\"><a href=\"https:\/\/www.theinvisiblecollection.com\/fr\/demande-de-devis\/?product_id=54073\">Contactez-nous pour toute demande de devis ou de renseignement<\/a><\/span><\/p>\n","protected":false},"featured_media":5678158,"template":"","meta":{"_acf_changed":false,"content-type":"","_themeisle_gutenberg_block_has_review":false},"product_brand":[],"product_cat":[8975,12507,19977],"product_tag":[11173,22790,31477,8954,8990,9048,9060,9200,9237,10910],"product_designer":[11131],"comfabric":[],"manufacturer":[21268],"reporting_designer":[37391],"samplecomfabric":[],"designer_clubroom":[],"class_list":{"0":"post-54073","1":"product","2":"type-product","3":"status-publish","4":"has-post-thumbnail","6":"product_cat-appliques-murales","7":"product_cat-luminaires","8":"product_cat-accessoires-de-salle-de-bain","9":"product_tag-victoria-magniant-fr-2","10":"product_tag-disponible-immediatement","11":"product_tag-st-curvy-fr","12":"product_tag-laiton-fr-2","13":"product_tag-applique-murale","14":"product_tag-lampe","15":"product_tag-verre","16":"product_tag-luminaire-fr-2","17":"product_tag-lampe-fr-2","18":"product_tag-salle-de-bain","19":"product_designer-victoria-magniant-fr","20":"manufacturer-victoria-magniant-galerie-fr","21":"reporting_designer-victoria-magniant","22":"exhibitions-paris-fr","24":"first","25":"instock","26":"taxable","27":"shipping-taxable","28":"purchasable","29":"product-type-variable"},"acf":[],"_links":{"self":[{"href":"https:\/\/theinvisiblecollection.com\/fr\/wp-json\/wp\/v2\/product\/54073","targetHints":{"allow":["GET"]}}],"collection":[{"href":"https:\/\/theinvisiblecollection.com\/fr\/wp-json\/wp\/v2\/product"}],"about":[{"href":"https:\/\/theinvisiblecollection.com\/fr\/wp-json\/wp\/v2\/types\/product"}],"wp:featuredmedia":[{"embeddable":true,"href":"https:\/\/theinvisiblecollection.com\/fr\/wp-json\/wp\/v2\/media\/5678158"}],"wp:attachment":[{"href":"https:\/\/theinvisiblecollection.com\/fr\/wp-json\/wp\/v2\/media?parent=54073"}],"wp:term":[{"taxonomy":"product_brand","embeddable":true,"href":"https:\/\/theinvisiblecollection.com\/fr\/wp-json\/wp\/v2\/product_brand?post=54073"},{"taxonomy":"product_cat","embeddable":true,"href":"https:\/\/theinvisiblecollection.com\/fr\/wp-json\/wp\/v2\/product_cat?post=54073"},{"taxonomy":"product_tag","embeddable":true,"href":"https:\/\/theinvisiblecollection.com\/fr\/wp-json\/wp\/v2\/product_tag?post=54073"},{"taxonomy":"product_designer","embeddable":true,"href":"https:\/\/theinvisiblecollection.com\/fr\/wp-json\/wp\/v2\/product_designer?post=54073"},{"taxonomy":"comfabric","embeddable":true,"href":"https:\/\/theinvisiblecollection.com\/fr\/wp-json\/wp\/v2\/comfabric?post=54073"},{"taxonomy":"manufacturer","embeddable":true,"href":"https:\/\/theinvisiblecollection.com\/fr\/wp-json\/wp\/v2\/manufacturer?post=54073"},{"taxonomy":"reporting_designer","embeddable":true,"href":"https:\/\/theinvisiblecollection.com\/fr\/wp-json\/wp\/v2\/reporting_designer?post=54073"},{"taxonomy":"samplecomfabric","embeddable":true,"href":"https:\/\/theinvisiblecollection.com\/fr\/wp-json\/wp\/v2\/samplecomfabric?post=54073"},{"taxonomy":"clubroom_product_designer","embeddable":true,"href":"https:\/\/theinvisiblecollection.com\/fr\/wp-json\/wp\/v2\/designer_clubroom?post=54073"}],"curies":[{"name":"wp","href":"https:\/\/api.w.org\/{rel}","templated":true}]}}