{"id":54141,"date":"2020-07-13T12:43:12","date_gmt":"2020-07-13T12:43:12","guid":{"rendered":"https:\/\/www.theinvisiblecollection.com\/?post_type=product&#038;p=54141"},"modified":"2026-05-01T07:39:35","modified_gmt":"2026-05-01T07:39:35","slug":"jean-michel-frank-fauteuil-club","status":"publish","type":"product","link":"https:\/\/theinvisiblecollection.com\/fr\/produit\/jean-michel-frank-fauteuil-club\/","title":{"rendered":"Fauteuil Club"},"content":{"rendered":"","protected":false},"excerpt":{"rendered":"<p>Co-con\u00e7u avec Adolphe Chanaux<br \/>\nJean-Michel Frank r\u00e9\u00e9dit\u00e9 par Ecart International<br \/>\nStructure en tissu ou en cuir tendu, coussins en demi duvet<br \/>\nSabots en ch\u00eane massif vernis<br \/>\nDisponible en tissu et cuir Ecart, en blanc sans tissu ou cuir<br \/>\n<a href=\"https:\/\/www.theinvisiblecollection.com\/wp-content\/uploads\/2020\/06\/TIC_Ecart_Samples_Fabric_compressed.pdf\" target=\"_blank\" rel=\"noopener\">D\u00e9couvrez la s\u00e9lection de tissus Ecart ici<\/a><br \/>\n<a href=\"https:\/\/www.theinvisiblecollection.com\/wp-content\/uploads\/2020\/06\/TIC_Ecart_Samples_Leather_compressed.pdf\" target=\"_blank\" rel=\"noopener\">D\u00e9couvrez la s\u00e9lection de cuirs Ecart ici<\/a><\/p>\n<p>L 86 x P 87 x H 73 cm<br \/>\nTissu requis : 8 m<\/p>\n<p>Indisponible aux Etats-Unis<br \/>\nFabriqu\u00e9 \u00e0 la main en France<br \/>\nD\u00e9lais de production : 12 \u2013 14 semaines<\/p>\n<p><a href=\"https:\/\/www.theinvisiblecollection.com\/fr\/contact-produit\/?product_id=54141\" target=\"_blank\" rel=\"noopener\">Contactez-nous pour toute demande de devis ou de renseignements\u00a0<\/a><\/p>\n<p>&nbsp;<\/p>\n","protected":false},"featured_media":5838984,"template":"","meta":{"_acf_changed":false,"content-type":"","_themeisle_gutenberg_block_has_review":false},"product_brand":[],"product_cat":[8945,12499],"product_tag":[8944,8993,11097,11098,11099,11235,35206],"product_designer":[10154,10638],"comfabric":[29238],"manufacturer":[16874],"reporting_designer":[37612],"samplecomfabric":[29926],"designer_clubroom":[],"class_list":{"0":"post-54141","1":"product","2":"type-product","3":"status-publish","4":"has-post-thumbnail","6":"product_cat-fauteuils","7":"product_cat-assises","8":"product_tag-canape","9":"product_tag-salon","10":"product_tag-ecart-fr","11":"product_tag-ecart-international-fr","12":"product_tag-tissu-ecart","13":"product_tag-reedition-fr-fr","14":"product_tag-exclusive-fr","15":"product_designer-jean-michel-frank-fr","16":"product_designer-ecart-international-fr","17":"comfabric-ecart-international-atelier-fr","18":"manufacturer-ecart-international-argentat","19":"reporting_designer-ecart-international","20":"samplecomfabric-ecart-international-atelier-fr","22":"first","23":"instock","24":"taxable","25":"shipping-taxable","26":"purchasable","27":"product-type-variable"},"acf":[],"_links":{"self":[{"href":"https:\/\/theinvisiblecollection.com\/fr\/wp-json\/wp\/v2\/product\/54141","targetHints":{"allow":["GET"]}}],"collection":[{"href":"https:\/\/theinvisiblecollection.com\/fr\/wp-json\/wp\/v2\/product"}],"about":[{"href":"https:\/\/theinvisiblecollection.com\/fr\/wp-json\/wp\/v2\/types\/product"}],"wp:featuredmedia":[{"embeddable":true,"href":"https:\/\/theinvisiblecollection.com\/fr\/wp-json\/wp\/v2\/media\/5838984"}],"wp:attachment":[{"href":"https:\/\/theinvisiblecollection.com\/fr\/wp-json\/wp\/v2\/media?parent=54141"}],"wp:term":[{"taxonomy":"product_brand","embeddable":true,"href":"https:\/\/theinvisiblecollection.com\/fr\/wp-json\/wp\/v2\/product_brand?post=54141"},{"taxonomy":"product_cat","embeddable":true,"href":"https:\/\/theinvisiblecollection.com\/fr\/wp-json\/wp\/v2\/product_cat?post=54141"},{"taxonomy":"product_tag","embeddable":true,"href":"https:\/\/theinvisiblecollection.com\/fr\/wp-json\/wp\/v2\/product_tag?post=54141"},{"taxonomy":"product_designer","embeddable":true,"href":"https:\/\/theinvisiblecollection.com\/fr\/wp-json\/wp\/v2\/product_designer?post=54141"},{"taxonomy":"comfabric","embeddable":true,"href":"https:\/\/theinvisiblecollection.com\/fr\/wp-json\/wp\/v2\/comfabric?post=54141"},{"taxonomy":"manufacturer","embeddable":true,"href":"https:\/\/theinvisiblecollection.com\/fr\/wp-json\/wp\/v2\/manufacturer?post=54141"},{"taxonomy":"reporting_designer","embeddable":true,"href":"https:\/\/theinvisiblecollection.com\/fr\/wp-json\/wp\/v2\/reporting_designer?post=54141"},{"taxonomy":"samplecomfabric","embeddable":true,"href":"https:\/\/theinvisiblecollection.com\/fr\/wp-json\/wp\/v2\/samplecomfabric?post=54141"},{"taxonomy":"clubroom_product_designer","embeddable":true,"href":"https:\/\/theinvisiblecollection.com\/fr\/wp-json\/wp\/v2\/designer_clubroom?post=54141"}],"curies":[{"name":"wp","href":"https:\/\/api.w.org\/{rel}","templated":true}]}}