{"id":54225,"date":"2020-07-13T15:24:33","date_gmt":"2020-07-13T15:24:33","guid":{"rendered":"https:\/\/www.theinvisiblecollection.com\/?post_type=product&#038;p=54225"},"modified":"2026-05-01T07:39:35","modified_gmt":"2026-05-01T07:39:35","slug":"jean-michel-frank-tables-gigognes-1925","status":"publish","type":"product","link":"https:\/\/theinvisiblecollection.com\/fr\/produit\/jean-michel-frank-tables-gigognes-1925\/","title":{"rendered":"Tables Gigognes 1925"},"content":{"rendered":"<div class=\"product__description\">\n<div class=\"rte\">\n<div class=\"metafield-rich_text_field\">\n<p>Les Tables Gigognes, dessin\u00e9es vers 1925 par Jean-Michel Frank, adoptent la forme d\u2019un U invers\u00e9, reflet de l\u2019int\u00e9r\u00eat marqu\u00e9 du d\u00e9corateur pour les lignes \u00e9pur\u00e9es du mobilier chinois.<\/p>\n<\/div>\n<\/div>\n<\/div>\n","protected":false},"excerpt":{"rendered":"<p>Jean-Michel Frank r\u00e9\u00e9dit\u00e9es par Ecart International<br \/>\nPlateaux et structure en sycomore, parchemin ou galuchat<br \/>\nTeintes disponibles : naturel, marron, weng\u00e9 et noir<br \/>\n<a href=\"https:\/\/www.theinvisiblecollection.com\/wp-content\/uploads\/2020\/06\/TIC_Ecart_Sample_Wood_Ecart_Design_FR.pdf\" target=\"_blank\" rel=\"noopener\">D\u00e9couvrez la s\u00e9lection de bois Ecart ici<\/a><\/p>\n<p>Disponible en deux versions:<br \/>\nCh\u00eane : \u00a0L 130 x l 85 x H 32 cm<br \/>\nSycomore\/Parchemin\/Galuchat : L 120 x l 60 x H 35 cm<\/p>\n<p>Indisponible aux Etats-Unis<br \/>\nFabriqu\u00e9e \u00e0 la main en France<br \/>\nD\u00e9lais de production : 12 \u2013 14 semaines<\/p>\n<p><a href=\"https:\/\/www.theinvisiblecollection.com\/fr\/contact-produit\/?product_id=54197\">Contactez-nous pour toute demande de devis ou de renseignements\u00a0<\/a><\/p>\n","protected":false},"featured_media":5867285,"template":"","meta":{"_acf_changed":false,"content-type":"","_themeisle_gutenberg_block_has_review":false},"product_brand":[],"product_cat":[7509,12503],"product_tag":[35327,8993,11097,11098,11235,35206],"product_designer":[10154,10638],"comfabric":[],"manufacturer":[16874],"reporting_designer":[37612],"samplecomfabric":[],"designer_clubroom":[],"class_list":{"0":"post-54225","1":"product","2":"type-product","3":"status-publish","4":"has-post-thumbnail","6":"product_cat-tables-basses-dappoint","7":"product_cat-tables-fr","8":"product_tag-re-edition-fr","9":"product_tag-salon","10":"product_tag-ecart-fr","11":"product_tag-ecart-international-fr","12":"product_tag-reedition-fr-fr","13":"product_tag-exclusive-fr","14":"product_designer-jean-michel-frank-fr","15":"product_designer-ecart-international-fr","16":"manufacturer-ecart-international-argentat","17":"reporting_designer-ecart-international","19":"first","20":"instock","21":"taxable","22":"shipping-taxable","23":"purchasable","24":"product-type-variable"},"acf":[],"_links":{"self":[{"href":"https:\/\/theinvisiblecollection.com\/fr\/wp-json\/wp\/v2\/product\/54225","targetHints":{"allow":["GET"]}}],"collection":[{"href":"https:\/\/theinvisiblecollection.com\/fr\/wp-json\/wp\/v2\/product"}],"about":[{"href":"https:\/\/theinvisiblecollection.com\/fr\/wp-json\/wp\/v2\/types\/product"}],"wp:featuredmedia":[{"embeddable":true,"href":"https:\/\/theinvisiblecollection.com\/fr\/wp-json\/wp\/v2\/media\/5867285"}],"wp:attachment":[{"href":"https:\/\/theinvisiblecollection.com\/fr\/wp-json\/wp\/v2\/media?parent=54225"}],"wp:term":[{"taxonomy":"product_brand","embeddable":true,"href":"https:\/\/theinvisiblecollection.com\/fr\/wp-json\/wp\/v2\/product_brand?post=54225"},{"taxonomy":"product_cat","embeddable":true,"href":"https:\/\/theinvisiblecollection.com\/fr\/wp-json\/wp\/v2\/product_cat?post=54225"},{"taxonomy":"product_tag","embeddable":true,"href":"https:\/\/theinvisiblecollection.com\/fr\/wp-json\/wp\/v2\/product_tag?post=54225"},{"taxonomy":"product_designer","embeddable":true,"href":"https:\/\/theinvisiblecollection.com\/fr\/wp-json\/wp\/v2\/product_designer?post=54225"},{"taxonomy":"comfabric","embeddable":true,"href":"https:\/\/theinvisiblecollection.com\/fr\/wp-json\/wp\/v2\/comfabric?post=54225"},{"taxonomy":"manufacturer","embeddable":true,"href":"https:\/\/theinvisiblecollection.com\/fr\/wp-json\/wp\/v2\/manufacturer?post=54225"},{"taxonomy":"reporting_designer","embeddable":true,"href":"https:\/\/theinvisiblecollection.com\/fr\/wp-json\/wp\/v2\/reporting_designer?post=54225"},{"taxonomy":"samplecomfabric","embeddable":true,"href":"https:\/\/theinvisiblecollection.com\/fr\/wp-json\/wp\/v2\/samplecomfabric?post=54225"},{"taxonomy":"clubroom_product_designer","embeddable":true,"href":"https:\/\/theinvisiblecollection.com\/fr\/wp-json\/wp\/v2\/designer_clubroom?post=54225"}],"curies":[{"name":"wp","href":"https:\/\/api.w.org\/{rel}","templated":true}]}}