{"id":54724,"date":"2024-06-19T10:51:15","date_gmt":"2024-06-19T10:51:15","guid":{"rendered":"https:\/\/www.theinvisiblecollection.com\/?post_type=product&#038;p=54724"},"modified":"2026-05-01T07:39:35","modified_gmt":"2026-05-01T07:39:35","slug":"studio-haos-table-basse-2020-01","status":"publish","type":"product","link":"https:\/\/theinvisiblecollection.com\/fr\/produit\/studio-haos-table-basse-2020-01\/","title":{"rendered":"Table Basse 2020.01"},"content":{"rendered":"<p style=\"text-align: justify;\">L&#8217;atelier impose une signature forte et nuanc\u00e9e qui doit sa singularit\u00e9 \u00e0 l&#8217;association entre l&#8217;expression brute et radicale des formes sculpturales et la ma\u00eetrise de lignes sophistiqu\u00e9es et raffin\u00e9es. Son travail s&#8217;inscrit dans la tradition des Arts D\u00e9coratifs fran\u00e7ais, mais doit sa sp\u00e9cificit\u00e9 \u00e0 cet \u00e9quilibre atteint entre brutalit\u00e9 et sophistication, ainsi qu&#8217;\u00e0 la recherche d&#8217;une forme de beaut\u00e9 intemporelle, presque asc\u00e9tique.<\/p>\n","protected":false},"excerpt":{"rendered":"<p>\u00c9dition limit\u00e9e : 30 pi\u00e8ces sign\u00e9es et num\u00e9rot\u00e9es<br \/>\nTable basse photographi\u00e9e ici par paire, en ch\u00eane massif<br \/>\nAutres bois et dimensions sur-mesure sur demande<\/p>\n<p>Simple :<br \/>\nL 160 x P 70 x H 35 cm<\/p>\n<p>Paire :<br \/>\nL 160 x P 140 x H 35 cm<\/p>\n<p>Fabriqu\u00e9e \u00e0 la main en France<br \/>\nD\u00e9lais de fabrication : 8 semaines<\/p>\n<p class=\"p1\"><span style=\"text-decoration: underline;\"><span class=\"s1\"><a href=\"https:\/\/www.theinvisiblecollection.com\/fr\/demande-de-devis\/?product_id=54724\">Contactez-nous pour toute demande de devis ou de renseignements<\/a><\/span><\/span><\/p>\n","protected":false},"featured_media":54811,"template":"","meta":{"_acf_changed":false,"content-type":"","_themeisle_gutenberg_block_has_review":false},"product_brand":[],"product_cat":[7509,12503],"product_tag":[8855,8993,9066,14925,33319],"product_designer":[11320],"comfabric":[],"manufacturer":[19803],"reporting_designer":[37170],"samplecomfabric":[],"designer_clubroom":[],"class_list":{"0":"post-54724","1":"product","2":"type-product","3":"status-publish","4":"has-post-thumbnail","6":"product_cat-tables-basses-dappoint","7":"product_cat-tables-fr","8":"product_tag-table-fr-3","9":"product_tag-salon","10":"product_tag-table-basse","11":"product_tag-hpfav-fr","12":"product_tag-edition-limitee","13":"pa_size-paire","14":"pa_size-singulier","15":"product_designer-haos-fr","16":"manufacturer-studio-haos-atelier-lisbon-fr","17":"reporting_designer-haos","19":"first","20":"instock","21":"taxable","22":"shipping-taxable","23":"purchasable","24":"product-type-variable"},"acf":[],"_links":{"self":[{"href":"https:\/\/theinvisiblecollection.com\/fr\/wp-json\/wp\/v2\/product\/54724","targetHints":{"allow":["GET"]}}],"collection":[{"href":"https:\/\/theinvisiblecollection.com\/fr\/wp-json\/wp\/v2\/product"}],"about":[{"href":"https:\/\/theinvisiblecollection.com\/fr\/wp-json\/wp\/v2\/types\/product"}],"wp:featuredmedia":[{"embeddable":true,"href":"https:\/\/theinvisiblecollection.com\/fr\/wp-json\/wp\/v2\/media\/54811"}],"wp:attachment":[{"href":"https:\/\/theinvisiblecollection.com\/fr\/wp-json\/wp\/v2\/media?parent=54724"}],"wp:term":[{"taxonomy":"product_brand","embeddable":true,"href":"https:\/\/theinvisiblecollection.com\/fr\/wp-json\/wp\/v2\/product_brand?post=54724"},{"taxonomy":"product_cat","embeddable":true,"href":"https:\/\/theinvisiblecollection.com\/fr\/wp-json\/wp\/v2\/product_cat?post=54724"},{"taxonomy":"product_tag","embeddable":true,"href":"https:\/\/theinvisiblecollection.com\/fr\/wp-json\/wp\/v2\/product_tag?post=54724"},{"taxonomy":"product_designer","embeddable":true,"href":"https:\/\/theinvisiblecollection.com\/fr\/wp-json\/wp\/v2\/product_designer?post=54724"},{"taxonomy":"comfabric","embeddable":true,"href":"https:\/\/theinvisiblecollection.com\/fr\/wp-json\/wp\/v2\/comfabric?post=54724"},{"taxonomy":"manufacturer","embeddable":true,"href":"https:\/\/theinvisiblecollection.com\/fr\/wp-json\/wp\/v2\/manufacturer?post=54724"},{"taxonomy":"reporting_designer","embeddable":true,"href":"https:\/\/theinvisiblecollection.com\/fr\/wp-json\/wp\/v2\/reporting_designer?post=54724"},{"taxonomy":"samplecomfabric","embeddable":true,"href":"https:\/\/theinvisiblecollection.com\/fr\/wp-json\/wp\/v2\/samplecomfabric?post=54724"},{"taxonomy":"clubroom_product_designer","embeddable":true,"href":"https:\/\/theinvisiblecollection.com\/fr\/wp-json\/wp\/v2\/designer_clubroom?post=54724"}],"curies":[{"name":"wp","href":"https:\/\/api.w.org\/{rel}","templated":true}]}}