{"id":5484588,"date":"2024-09-05T15:50:08","date_gmt":"2024-09-05T15:50:08","guid":{"rendered":"https:\/\/theinvisiblecollection.com\/?post_type=product&#038;p=5484588"},"modified":"2026-05-01T07:37:33","modified_gmt":"2026-05-01T07:37:33","slug":"marion-stora-lit-le-baiser","status":"publish","type":"product","link":"https:\/\/theinvisiblecollection.com\/fr\/produit\/marion-stora-lit-le-baiser\/","title":{"rendered":"Lit Le Baiser"},"content":{"rendered":"<p style=\"text-align: justify;\">Nombre de grands peintres, photographes et sculpteurs ont explor\u00e9 l&#8217;amour sous toutes ses formes, cherchant \u00e0 capturer le lien \u00e9ternel d&#8217;un baiser. Avec la m\u00eame approche artistique, les brodeuses de Lesage Int\u00e9rieurs ont cr\u00e9\u00e9 une \u0153uvre unique pour Marion Stora. Le Baiser se compose d&#8217;un lit et d&#8217;une t\u00eate de lit sur mesure, r\u00e9alis\u00e9s gr\u00e2ce aux gestes et techniques compl\u00e9mentaires d\u2019artisans fran\u00e7ais d\u2019excellence. Le choix des mat\u00e9riaux, des textures et la fluidit\u00e9 des lignes trouvent leur inspiration dans la nature. La structure en ch\u00eane int\u00e8gre des tables d&#8217;appoint en laiton bross\u00e9, tandis que la t\u00eate de lit est agr\u00e9ment\u00e9e d&#8217;un panneau central pr\u00e9sentant le motif brod\u00e9 de deux personnes s&#8217;embrassant, flanqu\u00e9 de deux panneaux lat\u00e9raux en daim. La literie est r\u00e9alis\u00e9e sur mesure par Le Lit National pour en \u00e9pouser les courbes. Chaque pi\u00e8ce est unique et enti\u00e8rement r\u00e9alis\u00e9e \u00e0 la main ; les dimensions et les teintes peuvent varier l\u00e9g\u00e8rement.<\/p>\n<p>&nbsp;<\/p>\n","protected":false},"excerpt":{"rendered":"<p>Nombre de grands peintres, photographes et sculpteurs ont explor\u00e9 l&#8217;amour sous toutes ses formes, cherchant \u00e0 capturer le lien \u00e9ternel d&#8217;un baiser. Avec la m\u00eame approche artistique, les brodeuses de Lesage Int\u00e9rieurs ont cr\u00e9\u00e9 une \u0153uvre unique pour Marion Stora. Le Baiser se compose d&#8217;un lit et d&#8217;une t\u00eate de lit sur mesure, r\u00e9alis\u00e9s gr\u00e2ce [&hellip;]<\/p>\n","protected":false},"featured_media":5824430,"template":"","meta":{"_acf_changed":false,"content-type":"","_themeisle_gutenberg_block_has_review":false},"product_brand":[],"product_cat":[7909,12501],"product_tag":[22790,35206],"product_designer":[26993,35491],"comfabric":[],"manufacturer":[23077,35485],"reporting_designer":[37809],"samplecomfabric":[],"designer_clubroom":[],"class_list":{"0":"post-5484588","1":"product","2":"type-product","3":"status-publish","4":"has-post-thumbnail","6":"product_cat-lits","7":"product_cat-chambre-a-coucher","8":"product_tag-disponible-immediatement","9":"product_tag-exclusive-fr","10":"product_designer-marion-stora-fr","11":"product_designer-lit-national-fr","12":"manufacturer-racines-atelier-du-lude-fr","13":"manufacturer-lit-national-fr","14":"reporting_designer-marion-stora","15":"exhibitions-paris-fr","17":"first","18":"instock","19":"taxable","20":"shipping-taxable","21":"purchasable","22":"product-type-variable"},"acf":[],"_links":{"self":[{"href":"https:\/\/theinvisiblecollection.com\/fr\/wp-json\/wp\/v2\/product\/5484588","targetHints":{"allow":["GET"]}}],"collection":[{"href":"https:\/\/theinvisiblecollection.com\/fr\/wp-json\/wp\/v2\/product"}],"about":[{"href":"https:\/\/theinvisiblecollection.com\/fr\/wp-json\/wp\/v2\/types\/product"}],"wp:featuredmedia":[{"embeddable":true,"href":"https:\/\/theinvisiblecollection.com\/fr\/wp-json\/wp\/v2\/media\/5824430"}],"wp:attachment":[{"href":"https:\/\/theinvisiblecollection.com\/fr\/wp-json\/wp\/v2\/media?parent=5484588"}],"wp:term":[{"taxonomy":"product_brand","embeddable":true,"href":"https:\/\/theinvisiblecollection.com\/fr\/wp-json\/wp\/v2\/product_brand?post=5484588"},{"taxonomy":"product_cat","embeddable":true,"href":"https:\/\/theinvisiblecollection.com\/fr\/wp-json\/wp\/v2\/product_cat?post=5484588"},{"taxonomy":"product_tag","embeddable":true,"href":"https:\/\/theinvisiblecollection.com\/fr\/wp-json\/wp\/v2\/product_tag?post=5484588"},{"taxonomy":"product_designer","embeddable":true,"href":"https:\/\/theinvisiblecollection.com\/fr\/wp-json\/wp\/v2\/product_designer?post=5484588"},{"taxonomy":"comfabric","embeddable":true,"href":"https:\/\/theinvisiblecollection.com\/fr\/wp-json\/wp\/v2\/comfabric?post=5484588"},{"taxonomy":"manufacturer","embeddable":true,"href":"https:\/\/theinvisiblecollection.com\/fr\/wp-json\/wp\/v2\/manufacturer?post=5484588"},{"taxonomy":"reporting_designer","embeddable":true,"href":"https:\/\/theinvisiblecollection.com\/fr\/wp-json\/wp\/v2\/reporting_designer?post=5484588"},{"taxonomy":"samplecomfabric","embeddable":true,"href":"https:\/\/theinvisiblecollection.com\/fr\/wp-json\/wp\/v2\/samplecomfabric?post=5484588"},{"taxonomy":"clubroom_product_designer","embeddable":true,"href":"https:\/\/theinvisiblecollection.com\/fr\/wp-json\/wp\/v2\/designer_clubroom?post=5484588"}],"curies":[{"name":"wp","href":"https:\/\/api.w.org\/{rel}","templated":true}]}}