{"id":5486357,"date":"2024-09-05T16:01:58","date_gmt":"2024-09-05T16:01:58","guid":{"rendered":"https:\/\/theinvisiblecollection.com\/?post_type=product&#038;p=5486357"},"modified":"2026-05-01T07:37:33","modified_gmt":"2026-05-01T07:37:33","slug":"marion-stora-paravent-ornament","status":"publish","type":"product","link":"https:\/\/theinvisiblecollection.com\/fr\/produit\/marion-stora-paravent-ornament\/","title":{"rendered":"Paravent Ornament"},"content":{"rendered":"<p style=\"text-align: justify;\">Le Paravent Ornament de Marion Stora \u00e9voque des souvenirs d&#8217;artefacts africains traditionnels, r\u00e9interpr\u00e9t\u00e9s avec des techniques contemporaines par des artisans fran\u00e7ais. Le cadre, fabriqu\u00e9 en laiton patin\u00e9, se d\u00e9ploie en cinq panneaux, chacun pr\u00e9sentant des cordes tombantes de pi\u00e8ces ovales fabriqu\u00e9es \u00e0 la main en cuivre \u00e9maill\u00e9. Un design fantastique \u00e0 l&#8217;intersection de la fonctionnalit\u00e9 et de l&#8217;art.<\/p>\n","protected":false},"excerpt":{"rendered":"<p>Le Paravent Ornament de Marion Stora \u00e9voque des souvenirs d&#8217;artefacts africains traditionnels, r\u00e9interpr\u00e9t\u00e9s avec des techniques contemporaines par des artisans fran\u00e7ais. Le cadre, fabriqu\u00e9 en laiton patin\u00e9, se d\u00e9ploie en cinq panneaux, chacun pr\u00e9sentant des cordes tombantes de pi\u00e8ces ovales fabriqu\u00e9es \u00e0 la main en cuivre \u00e9maill\u00e9. Un design fantastique \u00e0 l&#8217;intersection de la fonctionnalit\u00e9 [&hellip;]<\/p>\n","protected":false},"featured_media":5824425,"template":"","meta":{"_acf_changed":false,"content-type":"","_themeisle_gutenberg_block_has_review":false},"product_brand":[],"product_cat":[7517,8978],"product_tag":[22790,35206],"product_designer":[26993],"comfabric":[],"manufacturer":[31419],"reporting_designer":[37809],"samplecomfabric":[],"designer_clubroom":[],"class_list":{"0":"post-5486357","1":"product","2":"type-product","3":"status-publish","4":"has-post-thumbnail","6":"product_cat-deco-fr","7":"product_cat-paravents","8":"product_tag-disponible-immediatement","9":"product_tag-exclusive-fr","10":"product_designer-marion-stora-fr","11":"manufacturer-passementerie-verrie-pickup-marion-stora-fr","12":"reporting_designer-marion-stora","13":"exhibitions-londres-fr","15":"first","16":"instock","17":"taxable","18":"shipping-taxable","19":"purchasable","20":"product-type-simple"},"acf":[],"_links":{"self":[{"href":"https:\/\/theinvisiblecollection.com\/fr\/wp-json\/wp\/v2\/product\/5486357","targetHints":{"allow":["GET"]}}],"collection":[{"href":"https:\/\/theinvisiblecollection.com\/fr\/wp-json\/wp\/v2\/product"}],"about":[{"href":"https:\/\/theinvisiblecollection.com\/fr\/wp-json\/wp\/v2\/types\/product"}],"wp:featuredmedia":[{"embeddable":true,"href":"https:\/\/theinvisiblecollection.com\/fr\/wp-json\/wp\/v2\/media\/5824425"}],"wp:attachment":[{"href":"https:\/\/theinvisiblecollection.com\/fr\/wp-json\/wp\/v2\/media?parent=5486357"}],"wp:term":[{"taxonomy":"product_brand","embeddable":true,"href":"https:\/\/theinvisiblecollection.com\/fr\/wp-json\/wp\/v2\/product_brand?post=5486357"},{"taxonomy":"product_cat","embeddable":true,"href":"https:\/\/theinvisiblecollection.com\/fr\/wp-json\/wp\/v2\/product_cat?post=5486357"},{"taxonomy":"product_tag","embeddable":true,"href":"https:\/\/theinvisiblecollection.com\/fr\/wp-json\/wp\/v2\/product_tag?post=5486357"},{"taxonomy":"product_designer","embeddable":true,"href":"https:\/\/theinvisiblecollection.com\/fr\/wp-json\/wp\/v2\/product_designer?post=5486357"},{"taxonomy":"comfabric","embeddable":true,"href":"https:\/\/theinvisiblecollection.com\/fr\/wp-json\/wp\/v2\/comfabric?post=5486357"},{"taxonomy":"manufacturer","embeddable":true,"href":"https:\/\/theinvisiblecollection.com\/fr\/wp-json\/wp\/v2\/manufacturer?post=5486357"},{"taxonomy":"reporting_designer","embeddable":true,"href":"https:\/\/theinvisiblecollection.com\/fr\/wp-json\/wp\/v2\/reporting_designer?post=5486357"},{"taxonomy":"samplecomfabric","embeddable":true,"href":"https:\/\/theinvisiblecollection.com\/fr\/wp-json\/wp\/v2\/samplecomfabric?post=5486357"},{"taxonomy":"clubroom_product_designer","embeddable":true,"href":"https:\/\/theinvisiblecollection.com\/fr\/wp-json\/wp\/v2\/designer_clubroom?post=5486357"}],"curies":[{"name":"wp","href":"https:\/\/api.w.org\/{rel}","templated":true}]}}