{"id":5487016,"date":"2024-09-05T15:59:10","date_gmt":"2024-09-05T15:59:10","guid":{"rendered":"https:\/\/theinvisiblecollection.com\/?post_type=product&#038;p=5487016"},"modified":"2026-05-08T04:38:49","modified_gmt":"2026-05-08T04:38:49","slug":"marion-stora-valet-constantin","status":"publish","type":"product","link":"https:\/\/theinvisiblecollection.com\/fr\/produit\/marion-stora-valet-constantin\/","title":{"rendered":"Valet Constantin"},"content":{"rendered":"<p style=\"text-align: justify;\">Au fil du temps, certains objets ont perdu leur fonction et sont devenus obsol\u00e8tes. Cependant, certains sont si joliment con\u00e7us et portent une telle aura de nostalgie qu&#8217;il serait dommage de s&#8217;en passer. Le valet Constantin de Marion Stora en fit partie : un design \u00e9l\u00e9gant et intemporel qui rehausse le d\u00e9cor, qu\u2019il soit contemporain ou minimaliste.<\/p>\n","protected":false},"excerpt":{"rendered":"<p>Au fil du temps, certains objets ont perdu leur fonction et sont devenus obsol\u00e8tes. Cependant, certains sont si joliment con\u00e7us et portent une telle aura de nostalgie qu&#8217;il serait dommage de s&#8217;en passer. Le valet Constantin de Marion Stora en fit partie : un design \u00e9l\u00e9gant et intemporel qui rehausse le d\u00e9cor, qu\u2019il soit contemporain [&hellip;]<\/p>\n","protected":false},"featured_media":5824448,"template":"","meta":{"_acf_changed":false,"content-type":"","_themeisle_gutenberg_block_has_review":false},"product_brand":[],"product_cat":[7517,19973],"product_tag":[22790,35206],"product_designer":[26993],"comfabric":[],"manufacturer":[36363],"reporting_designer":[37809],"samplecomfabric":[],"designer_clubroom":[],"class_list":{"0":"post-5487016","1":"product","2":"type-product","3":"status-publish","4":"has-post-thumbnail","6":"product_cat-deco-fr","7":"product_cat-accessoires-pour-la-maison","8":"product_tag-disponible-immediatement","9":"product_tag-exclusive-fr","10":"pa_finish-avec-passementerie","11":"pa_finish-sans-passementerie","12":"product_designer-marion-stora-fr","13":"manufacturer-atelier-souchet-pick-up-marion-stora-fr","14":"reporting_designer-marion-stora","16":"first","17":"instock","18":"taxable","19":"shipping-taxable","20":"purchasable","21":"product-type-variable"},"acf":[],"_links":{"self":[{"href":"https:\/\/theinvisiblecollection.com\/fr\/wp-json\/wp\/v2\/product\/5487016","targetHints":{"allow":["GET"]}}],"collection":[{"href":"https:\/\/theinvisiblecollection.com\/fr\/wp-json\/wp\/v2\/product"}],"about":[{"href":"https:\/\/theinvisiblecollection.com\/fr\/wp-json\/wp\/v2\/types\/product"}],"wp:featuredmedia":[{"embeddable":true,"href":"https:\/\/theinvisiblecollection.com\/fr\/wp-json\/wp\/v2\/media\/5824448"}],"wp:attachment":[{"href":"https:\/\/theinvisiblecollection.com\/fr\/wp-json\/wp\/v2\/media?parent=5487016"}],"wp:term":[{"taxonomy":"product_brand","embeddable":true,"href":"https:\/\/theinvisiblecollection.com\/fr\/wp-json\/wp\/v2\/product_brand?post=5487016"},{"taxonomy":"product_cat","embeddable":true,"href":"https:\/\/theinvisiblecollection.com\/fr\/wp-json\/wp\/v2\/product_cat?post=5487016"},{"taxonomy":"product_tag","embeddable":true,"href":"https:\/\/theinvisiblecollection.com\/fr\/wp-json\/wp\/v2\/product_tag?post=5487016"},{"taxonomy":"product_designer","embeddable":true,"href":"https:\/\/theinvisiblecollection.com\/fr\/wp-json\/wp\/v2\/product_designer?post=5487016"},{"taxonomy":"comfabric","embeddable":true,"href":"https:\/\/theinvisiblecollection.com\/fr\/wp-json\/wp\/v2\/comfabric?post=5487016"},{"taxonomy":"manufacturer","embeddable":true,"href":"https:\/\/theinvisiblecollection.com\/fr\/wp-json\/wp\/v2\/manufacturer?post=5487016"},{"taxonomy":"reporting_designer","embeddable":true,"href":"https:\/\/theinvisiblecollection.com\/fr\/wp-json\/wp\/v2\/reporting_designer?post=5487016"},{"taxonomy":"samplecomfabric","embeddable":true,"href":"https:\/\/theinvisiblecollection.com\/fr\/wp-json\/wp\/v2\/samplecomfabric?post=5487016"},{"taxonomy":"clubroom_product_designer","embeddable":true,"href":"https:\/\/theinvisiblecollection.com\/fr\/wp-json\/wp\/v2\/designer_clubroom?post=5487016"}],"curies":[{"name":"wp","href":"https:\/\/api.w.org\/{rel}","templated":true}]}}