{"id":5487783,"date":"2024-09-03T15:14:07","date_gmt":"2024-09-03T15:14:07","guid":{"rendered":"https:\/\/theinvisiblecollection.com\/?post_type=product&#038;p=5487783"},"modified":"2026-05-01T07:37:33","modified_gmt":"2026-05-01T07:37:33","slug":"laclaux-lustre-alba","status":"publish","type":"product","link":"https:\/\/theinvisiblecollection.com\/fr\/produit\/laclaux-lustre-alba\/","title":{"rendered":"Lustre Alba"},"content":{"rendered":"<p>Un jardin enchant\u00e9 \u00e0 la beaut\u00e9 sauvage et intemporelle. Fabriqu\u00e9 dans la r\u00e9gion de Naples, ce lustre incarne l\u2019excellence de l\u2019artisanat italien.\u00a0Il est compos\u00e9 de 88 grenades en c\u00e9ramique \u00e9maill\u00e9e et minutieusement peintes \u00e0 la main et Illumin\u00e9 par 17 corolles florales en p\u00e2te de verre ambr\u00e9e. Chaque pi\u00e8ce est une oeuvre unique \u00e0 l\u2019allure audacieuse offrant une luminosit\u00e9 douce et chaleureuse.<\/p>\n","protected":false},"excerpt":{"rendered":"<p>Un jardin enchant\u00e9 \u00e0 la beaut\u00e9 sauvage et intemporelle. Fabriqu\u00e9 dans la r\u00e9gion de Naples, ce lustre incarne l\u2019excellence de l\u2019artisanat italien.\u00a0Il est compos\u00e9 de 88 grenades en c\u00e9ramique \u00e9maill\u00e9e et minutieusement peintes \u00e0 la main et Illumin\u00e9 par 17 corolles florales en p\u00e2te de verre ambr\u00e9e. Chaque pi\u00e8ce est une oeuvre unique \u00e0 l\u2019allure [&hellip;]<\/p>\n","protected":false},"featured_media":5484504,"template":"","meta":{"_acf_changed":false,"content-type":"","_themeisle_gutenberg_block_has_review":false},"product_brand":[],"product_cat":[8961,12507],"product_tag":[11335,35206],"product_designer":[31423],"comfabric":[],"manufacturer":[31425],"reporting_designer":[37262],"samplecomfabric":[],"designer_clubroom":[],"class_list":{"0":"post-5487783","1":"product","2":"type-product","3":"status-publish","4":"has-post-thumbnail","6":"product_cat-suspensions","7":"product_cat-luminaires","8":"product_tag-eco-design","9":"product_tag-exclusive-fr","10":"pa_size-grand-fr","11":"pa_size-moyenne-l-70-x-l-82-x-h-41-cm","12":"product_designer-laclaux-fr","13":"manufacturer-premier-logistics-art-interiors-pickup-laclaux-fr","14":"reporting_designer-laclaux","16":"first","17":"instock","18":"taxable","19":"shipping-taxable","20":"purchasable","21":"product-type-variable"},"acf":[],"_links":{"self":[{"href":"https:\/\/theinvisiblecollection.com\/fr\/wp-json\/wp\/v2\/product\/5487783","targetHints":{"allow":["GET"]}}],"collection":[{"href":"https:\/\/theinvisiblecollection.com\/fr\/wp-json\/wp\/v2\/product"}],"about":[{"href":"https:\/\/theinvisiblecollection.com\/fr\/wp-json\/wp\/v2\/types\/product"}],"wp:featuredmedia":[{"embeddable":true,"href":"https:\/\/theinvisiblecollection.com\/fr\/wp-json\/wp\/v2\/media\/5484504"}],"wp:attachment":[{"href":"https:\/\/theinvisiblecollection.com\/fr\/wp-json\/wp\/v2\/media?parent=5487783"}],"wp:term":[{"taxonomy":"product_brand","embeddable":true,"href":"https:\/\/theinvisiblecollection.com\/fr\/wp-json\/wp\/v2\/product_brand?post=5487783"},{"taxonomy":"product_cat","embeddable":true,"href":"https:\/\/theinvisiblecollection.com\/fr\/wp-json\/wp\/v2\/product_cat?post=5487783"},{"taxonomy":"product_tag","embeddable":true,"href":"https:\/\/theinvisiblecollection.com\/fr\/wp-json\/wp\/v2\/product_tag?post=5487783"},{"taxonomy":"product_designer","embeddable":true,"href":"https:\/\/theinvisiblecollection.com\/fr\/wp-json\/wp\/v2\/product_designer?post=5487783"},{"taxonomy":"comfabric","embeddable":true,"href":"https:\/\/theinvisiblecollection.com\/fr\/wp-json\/wp\/v2\/comfabric?post=5487783"},{"taxonomy":"manufacturer","embeddable":true,"href":"https:\/\/theinvisiblecollection.com\/fr\/wp-json\/wp\/v2\/manufacturer?post=5487783"},{"taxonomy":"reporting_designer","embeddable":true,"href":"https:\/\/theinvisiblecollection.com\/fr\/wp-json\/wp\/v2\/reporting_designer?post=5487783"},{"taxonomy":"samplecomfabric","embeddable":true,"href":"https:\/\/theinvisiblecollection.com\/fr\/wp-json\/wp\/v2\/samplecomfabric?post=5487783"},{"taxonomy":"clubroom_product_designer","embeddable":true,"href":"https:\/\/theinvisiblecollection.com\/fr\/wp-json\/wp\/v2\/designer_clubroom?post=5487783"}],"curies":[{"name":"wp","href":"https:\/\/api.w.org\/{rel}","templated":true}]}}