{"id":5487948,"date":"2024-09-05T15:34:19","date_gmt":"2024-09-05T15:34:19","guid":{"rendered":"https:\/\/theinvisiblecollection.com\/?post_type=product&#038;p=5487948"},"modified":"2026-05-01T07:37:33","modified_gmt":"2026-05-01T07:37:33","slug":"marion-stora-bureau-ilya","status":"publish","type":"product","link":"https:\/\/theinvisiblecollection.com\/fr\/produit\/marion-stora-bureau-ilya\/","title":{"rendered":"Bureau Ilya"},"content":{"rendered":"<p>S&#8217;inscrivant dans un m\u00eame vocabulaire de lignes organiques, avec un plateau courbe et des pieds galets d\u00e9sax\u00e9s, que la table de salle \u00e0 manger La Mona &#8211; pr\u00e9sent\u00e9e dans la collection Opening Acts &#8211; bureau, table basse et gu\u00e9ridon d\u00e9gagent une force sereine. Les pi\u00e8tements en fa\u00efence \u00e9maill\u00e9e sont d\u00e9velopp\u00e9s en la Manufacture de Charolles, \u00e9tablie depuis 1844 en Bourgogne. Les plateaux, r\u00e9alis\u00e9s par Beno\u00eet de Combret, se parent de finitions brutalistes et sophistiqu\u00e9es \u00e0 la fois ; le ch\u00eane est goug\u00e9 main pour la table basse, bois massif rabot\u00e9 sur le bureau, du noyer rabot\u00e9 et goug\u00e9 sur la tranche surplombe lui le gu\u00e9ridon.<\/p>\n","protected":false},"excerpt":{"rendered":"<p>S&#8217;inscrivant dans un m\u00eame vocabulaire de lignes organiques, avec un plateau courbe et des pieds galets d\u00e9sax\u00e9s, que la table de salle \u00e0 manger La Mona &#8211; pr\u00e9sent\u00e9e dans la collection Opening Acts &#8211; bureau, table basse et gu\u00e9ridon d\u00e9gagent une force sereine. Les pi\u00e8tements en fa\u00efence \u00e9maill\u00e9e sont d\u00e9velopp\u00e9s en la Manufacture de Charolles, [&hellip;]<\/p>\n","protected":false},"featured_media":5824446,"template":"","meta":{"_acf_changed":false,"content-type":"","_themeisle_gutenberg_block_has_review":false},"product_brand":[],"product_cat":[7704,12503],"product_tag":[31475,35206],"product_designer":[26993],"comfabric":[],"manufacturer":[36363],"reporting_designer":[37809],"samplecomfabric":[],"designer_clubroom":[],"class_list":{"0":"post-5487948","1":"product","2":"type-product","3":"status-publish","4":"has-post-thumbnail","6":"product_cat-bureaux-fr","7":"product_cat-tables-fr","8":"product_tag-st-ceramic-fr","9":"product_tag-exclusive-fr","10":"product_designer-marion-stora-fr","11":"manufacturer-atelier-souchet-pick-up-marion-stora-fr","12":"reporting_designer-marion-stora","14":"first","15":"onbackorder","16":"taxable","17":"shipping-taxable","18":"purchasable","19":"product-type-variable"},"acf":[],"_links":{"self":[{"href":"https:\/\/theinvisiblecollection.com\/fr\/wp-json\/wp\/v2\/product\/5487948","targetHints":{"allow":["GET"]}}],"collection":[{"href":"https:\/\/theinvisiblecollection.com\/fr\/wp-json\/wp\/v2\/product"}],"about":[{"href":"https:\/\/theinvisiblecollection.com\/fr\/wp-json\/wp\/v2\/types\/product"}],"wp:featuredmedia":[{"embeddable":true,"href":"https:\/\/theinvisiblecollection.com\/fr\/wp-json\/wp\/v2\/media\/5824446"}],"wp:attachment":[{"href":"https:\/\/theinvisiblecollection.com\/fr\/wp-json\/wp\/v2\/media?parent=5487948"}],"wp:term":[{"taxonomy":"product_brand","embeddable":true,"href":"https:\/\/theinvisiblecollection.com\/fr\/wp-json\/wp\/v2\/product_brand?post=5487948"},{"taxonomy":"product_cat","embeddable":true,"href":"https:\/\/theinvisiblecollection.com\/fr\/wp-json\/wp\/v2\/product_cat?post=5487948"},{"taxonomy":"product_tag","embeddable":true,"href":"https:\/\/theinvisiblecollection.com\/fr\/wp-json\/wp\/v2\/product_tag?post=5487948"},{"taxonomy":"product_designer","embeddable":true,"href":"https:\/\/theinvisiblecollection.com\/fr\/wp-json\/wp\/v2\/product_designer?post=5487948"},{"taxonomy":"comfabric","embeddable":true,"href":"https:\/\/theinvisiblecollection.com\/fr\/wp-json\/wp\/v2\/comfabric?post=5487948"},{"taxonomy":"manufacturer","embeddable":true,"href":"https:\/\/theinvisiblecollection.com\/fr\/wp-json\/wp\/v2\/manufacturer?post=5487948"},{"taxonomy":"reporting_designer","embeddable":true,"href":"https:\/\/theinvisiblecollection.com\/fr\/wp-json\/wp\/v2\/reporting_designer?post=5487948"},{"taxonomy":"samplecomfabric","embeddable":true,"href":"https:\/\/theinvisiblecollection.com\/fr\/wp-json\/wp\/v2\/samplecomfabric?post=5487948"},{"taxonomy":"clubroom_product_designer","embeddable":true,"href":"https:\/\/theinvisiblecollection.com\/fr\/wp-json\/wp\/v2\/designer_clubroom?post=5487948"}],"curies":[{"name":"wp","href":"https:\/\/api.w.org\/{rel}","templated":true}]}}