{"id":5488089,"date":"2024-09-10T10:52:05","date_gmt":"2024-09-10T10:52:05","guid":{"rendered":"https:\/\/theinvisiblecollection.com\/?post_type=product&#038;p=5488089"},"modified":"2026-05-08T04:38:49","modified_gmt":"2026-05-08T04:38:49","slug":"laclaux-canape-after-club","status":"publish","type":"product","link":"https:\/\/theinvisiblecollection.com\/fr\/produit\/laclaux-canape-after-club\/","title":{"rendered":"Canap\u00e9 After Club"},"content":{"rendered":"<p style=\"text-align: justify;\">Des lignes g\u00e9n\u00e9reuses pour un confort intemporel. Fabriqu\u00e9 \u00e0 la main dans les Vosges dans un atelier au savoir-faire pr\u00e9cis et authentique. Ce canap\u00e9 est la d\u00e9finition m\u00eame du confort Laclaux : un accueil souple et moelleux puis une tenue ferme et durable. Ses dimensions sont g\u00e9n\u00e9reuses, ses bras larges et son assise profonde. Il est rev\u00eatu d\u2019une housse en lin lavable et agr\u00e9ment\u00e9e de poches lat\u00e9rales pouvant accueillir livres et magazines.<\/p>\n","protected":false},"excerpt":{"rendered":"<p>Des lignes g\u00e9n\u00e9reuses pour un confort intemporel. Fabriqu\u00e9 \u00e0 la main dans les Vosges dans un atelier au savoir-faire pr\u00e9cis et authentique. Ce canap\u00e9 est la d\u00e9finition m\u00eame du confort Laclaux : un accueil souple et moelleux puis une tenue ferme et durable. Ses dimensions sont g\u00e9n\u00e9reuses, ses bras larges et son assise profonde. Il [&hellip;]<\/p>\n","protected":false},"featured_media":5641581,"template":"","meta":{"_acf_changed":false,"content-type":"","_themeisle_gutenberg_block_has_review":false},"product_brand":[],"product_cat":[8976,12499],"product_tag":[11335,14925,35206],"product_designer":[31423],"comfabric":[35965],"manufacturer":[31425],"reporting_designer":[37262],"samplecomfabric":[35967],"designer_clubroom":[],"class_list":{"0":"post-5488089","1":"product","2":"type-product","3":"status-publish","4":"has-post-thumbnail","6":"product_cat-canapes","7":"product_cat-assises","8":"product_tag-eco-design","9":"product_tag-hpfav-fr","10":"product_tag-exclusive-fr","11":"pa_size-l-280-x-l-100-x-h-80-fr","12":"pa_size-petit-fr","13":"product_designer-laclaux-fr","14":"comfabric-laclaux-fr","15":"manufacturer-premier-logistics-art-interiors-pickup-laclaux-fr","16":"reporting_designer-laclaux-fr","17":"samplecomfabric-laclaux-fr","19":"first","20":"instock","21":"taxable","22":"shipping-taxable","23":"purchasable","24":"product-type-variable"},"acf":[],"_links":{"self":[{"href":"https:\/\/theinvisiblecollection.com\/fr\/wp-json\/wp\/v2\/product\/5488089","targetHints":{"allow":["GET"]}}],"collection":[{"href":"https:\/\/theinvisiblecollection.com\/fr\/wp-json\/wp\/v2\/product"}],"about":[{"href":"https:\/\/theinvisiblecollection.com\/fr\/wp-json\/wp\/v2\/types\/product"}],"wp:featuredmedia":[{"embeddable":true,"href":"https:\/\/theinvisiblecollection.com\/fr\/wp-json\/wp\/v2\/media\/5641581"}],"wp:attachment":[{"href":"https:\/\/theinvisiblecollection.com\/fr\/wp-json\/wp\/v2\/media?parent=5488089"}],"wp:term":[{"taxonomy":"product_brand","embeddable":true,"href":"https:\/\/theinvisiblecollection.com\/fr\/wp-json\/wp\/v2\/product_brand?post=5488089"},{"taxonomy":"product_cat","embeddable":true,"href":"https:\/\/theinvisiblecollection.com\/fr\/wp-json\/wp\/v2\/product_cat?post=5488089"},{"taxonomy":"product_tag","embeddable":true,"href":"https:\/\/theinvisiblecollection.com\/fr\/wp-json\/wp\/v2\/product_tag?post=5488089"},{"taxonomy":"product_designer","embeddable":true,"href":"https:\/\/theinvisiblecollection.com\/fr\/wp-json\/wp\/v2\/product_designer?post=5488089"},{"taxonomy":"comfabric","embeddable":true,"href":"https:\/\/theinvisiblecollection.com\/fr\/wp-json\/wp\/v2\/comfabric?post=5488089"},{"taxonomy":"manufacturer","embeddable":true,"href":"https:\/\/theinvisiblecollection.com\/fr\/wp-json\/wp\/v2\/manufacturer?post=5488089"},{"taxonomy":"reporting_designer","embeddable":true,"href":"https:\/\/theinvisiblecollection.com\/fr\/wp-json\/wp\/v2\/reporting_designer?post=5488089"},{"taxonomy":"samplecomfabric","embeddable":true,"href":"https:\/\/theinvisiblecollection.com\/fr\/wp-json\/wp\/v2\/samplecomfabric?post=5488089"},{"taxonomy":"clubroom_product_designer","embeddable":true,"href":"https:\/\/theinvisiblecollection.com\/fr\/wp-json\/wp\/v2\/designer_clubroom?post=5488089"}],"curies":[{"name":"wp","href":"https:\/\/api.w.org\/{rel}","templated":true}]}}