{"id":5488094,"date":"2024-09-06T12:54:01","date_gmt":"2024-09-06T12:54:01","guid":{"rendered":"https:\/\/theinvisiblecollection.com\/?post_type=product&#038;p=5488094"},"modified":"2026-05-01T07:37:33","modified_gmt":"2026-05-01T07:37:33","slug":"hamrei-fauteuil-bum-bum","status":"publish","type":"product","link":"https:\/\/theinvisiblecollection.com\/fr\/produit\/hamrei-fauteuil-bum-bum\/","title":{"rendered":"Fauteuil Bum Bum"},"content":{"rendered":"<p style=\"text-align: justify;\">Le fauteuil parfait n\u2019existe pas\u2026le fauteuil Bum Bum est un exploit de confort extr\u00eame et de savoir-faire artisanal. Combinant un cadre en bois massif, des sangles et des ressorts traditionnels, des couches de mousse sculpt\u00e9es \u00e0 la main et des pieds en bois textur\u00e9, il en r\u00e9sulte une pi\u00e8ce artisanale magnifique offrant soutien et confort. Pr\u00e9sent\u00e9 ici en fausse fourrure de lapin bleue, incroyablement douce au toucher, il est \u00e9galement disponible dans d\u2019autres tissus.<\/p>\n","protected":false},"excerpt":{"rendered":"<p>Le fauteuil parfait n\u2019existe pas\u2026le fauteuil Bum Bum est un exploit de confort extr\u00eame et de savoir-faire artisanal. Combinant un cadre en bois massif, des sangles et des ressorts traditionnels, des couches de mousse sculpt\u00e9es \u00e0 la main et des pieds en bois textur\u00e9, il en r\u00e9sulte une pi\u00e8ce artisanale magnifique offrant soutien et confort. [&hellip;]<\/p>\n","protected":false},"featured_media":5488017,"template":"","meta":{"_acf_changed":false,"content-type":"","_themeisle_gutenberg_block_has_review":false},"product_brand":[],"product_cat":[8945,12499],"product_tag":[],"product_designer":[15640],"comfabric":[28924],"manufacturer":[26775],"reporting_designer":[37793],"samplecomfabric":[30792],"designer_clubroom":[],"class_list":{"0":"post-5488094","1":"product","2":"type-product","3":"status-publish","4":"has-post-thumbnail","6":"product_cat-fauteuils","7":"product_cat-assises","8":"product_designer-hamrei-fr","9":"comfabric-hamrei-atelier-lisbon-matinha-fr","10":"manufacturer-hamrei-atelier-lisbon-matinha-fr","11":"reporting_designer-hamrei","12":"samplecomfabric-hamrei-atelier-lisbon-matinha-fr","14":"first","15":"instock","16":"taxable","17":"shipping-taxable","18":"purchasable","19":"product-type-variable"},"acf":[],"_links":{"self":[{"href":"https:\/\/theinvisiblecollection.com\/fr\/wp-json\/wp\/v2\/product\/5488094","targetHints":{"allow":["GET"]}}],"collection":[{"href":"https:\/\/theinvisiblecollection.com\/fr\/wp-json\/wp\/v2\/product"}],"about":[{"href":"https:\/\/theinvisiblecollection.com\/fr\/wp-json\/wp\/v2\/types\/product"}],"wp:featuredmedia":[{"embeddable":true,"href":"https:\/\/theinvisiblecollection.com\/fr\/wp-json\/wp\/v2\/media\/5488017"}],"wp:attachment":[{"href":"https:\/\/theinvisiblecollection.com\/fr\/wp-json\/wp\/v2\/media?parent=5488094"}],"wp:term":[{"taxonomy":"product_brand","embeddable":true,"href":"https:\/\/theinvisiblecollection.com\/fr\/wp-json\/wp\/v2\/product_brand?post=5488094"},{"taxonomy":"product_cat","embeddable":true,"href":"https:\/\/theinvisiblecollection.com\/fr\/wp-json\/wp\/v2\/product_cat?post=5488094"},{"taxonomy":"product_tag","embeddable":true,"href":"https:\/\/theinvisiblecollection.com\/fr\/wp-json\/wp\/v2\/product_tag?post=5488094"},{"taxonomy":"product_designer","embeddable":true,"href":"https:\/\/theinvisiblecollection.com\/fr\/wp-json\/wp\/v2\/product_designer?post=5488094"},{"taxonomy":"comfabric","embeddable":true,"href":"https:\/\/theinvisiblecollection.com\/fr\/wp-json\/wp\/v2\/comfabric?post=5488094"},{"taxonomy":"manufacturer","embeddable":true,"href":"https:\/\/theinvisiblecollection.com\/fr\/wp-json\/wp\/v2\/manufacturer?post=5488094"},{"taxonomy":"reporting_designer","embeddable":true,"href":"https:\/\/theinvisiblecollection.com\/fr\/wp-json\/wp\/v2\/reporting_designer?post=5488094"},{"taxonomy":"samplecomfabric","embeddable":true,"href":"https:\/\/theinvisiblecollection.com\/fr\/wp-json\/wp\/v2\/samplecomfabric?post=5488094"},{"taxonomy":"clubroom_product_designer","embeddable":true,"href":"https:\/\/theinvisiblecollection.com\/fr\/wp-json\/wp\/v2\/designer_clubroom?post=5488094"}],"curies":[{"name":"wp","href":"https:\/\/api.w.org\/{rel}","templated":true}]}}