{"id":5488166,"date":"2024-09-03T13:57:40","date_gmt":"2024-09-03T13:57:40","guid":{"rendered":"https:\/\/theinvisiblecollection.com\/?post_type=product&#038;p=5488166"},"modified":"2026-05-01T07:37:33","modified_gmt":"2026-05-01T07:37:33","slug":"laclaux-fauteuil-sunset","status":"publish","type":"product","link":"https:\/\/theinvisiblecollection.com\/fr\/produit\/laclaux-fauteuil-sunset\/","title":{"rendered":"Fauteuil Sunset"},"content":{"rendered":"<p><span class=\"NormalTextRun SCXW7488397 BCX8\">Un fauteuil sculptural au confort enveloppant, familier <\/span><span class=\"NormalTextRun SCXW7488397 BCX8\">et tactile<\/span><span class=\"NormalTextRun SCXW7488397 BCX8\">. Ce fauteuil <\/span><span class=\"NormalTextRun SCXW7488397 BCX8\">est<\/span> <span class=\"NormalTextRun SCXW7488397 BCX8\">r\u00e9alis\u00e9<\/span><span class=\"NormalTextRun SCXW7488397 BCX8\"> \u00e0 la main <\/span><span class=\"NormalTextRun SCXW7488397 BCX8\">en<\/span> <span class=\"NormalTextRun SCXW7488397 BCX8\">rotin<\/span><span class=\"NormalTextRun SCXW7488397 BCX8\"> naturel non <\/span><span class=\"NormalTextRun SCXW7488397 BCX8\">\u00e9corc\u00e9<\/span><span class=\"NormalTextRun SCXW7488397 BCX8\">.\u00a0 Son assise assure une tenue et un confort g\u00e9n\u00e9reux, ses <\/span><span class=\"NormalTextRun SCXW7488397 BCX8\">coussins<\/span> <span class=\"NormalTextRun SCXW7488397 BCX8\">en<\/span> <span class=\"NormalTextRun SCXW7488397 BCX8\">lin<\/span> <span class=\"NormalTextRun SCXW7488397 BCX8\">lav\u00e9<\/span> <span class=\"NormalTextRun SCXW7488397 BCX8\">mettent<\/span> <span class=\"NormalTextRun SCXW7488397 BCX8\">parfaitement<\/span> <span class=\"NormalTextRun SCXW7488397 BCX8\">en<\/span> <span class=\"NormalTextRun SCXW7488397 BCX8\">valeur<\/span><span class=\"NormalTextRun SCXW7488397 BCX8\"> les <\/span><span class=\"NormalTextRun SCXW7488397 BCX8\">irr\u00e9gularit\u00e9s<\/span><span class=\"NormalTextRun SCXW7488397 BCX8\"> des <\/span><span class=\"NormalTextRun SCXW7488397 BCX8\">f<\/span><span class=\"NormalTextRun SCXW7488397 BCX8\">ibres<\/span> <span class=\"NormalTextRun SCXW7488397 BCX8\">n<\/span><span class=\"NormalTextRun SCXW7488397 BCX8\">aturelles<\/span> <span class=\"NormalTextRun SCXW7488397 BCX8\">de <\/span><span class=\"NormalTextRun SCXW7488397 BCX8\">s<\/span><span class=\"NormalTextRun SCXW7488397 BCX8\">a<\/span> <span class=\"NormalTextRun SCXW7488397 BCX8\">structure.<\/span><\/p>\n","protected":false},"excerpt":{"rendered":"<p>Un fauteuil sculptural au confort enveloppant, familier et tactile. Ce fauteuil est r\u00e9alis\u00e9 \u00e0 la main en rotin naturel non \u00e9corc\u00e9.\u00a0 Son assise assure une tenue et un confort g\u00e9n\u00e9reux, ses coussins en lin lav\u00e9 mettent parfaitement en valeur les irr\u00e9gularit\u00e9s des fibres naturelles de sa structure.<\/p>\n","protected":false},"featured_media":5484294,"template":"","meta":{"_acf_changed":false,"content-type":"","_themeisle_gutenberg_block_has_review":false},"product_brand":[],"product_cat":[8945,12499],"product_tag":[11335,35206],"product_designer":[31423],"comfabric":[35965],"manufacturer":[31425],"reporting_designer":[37262],"samplecomfabric":[35967],"designer_clubroom":[],"class_list":{"0":"post-5488166","1":"product","2":"type-product","3":"status-publish","4":"has-post-thumbnail","6":"product_cat-fauteuils","7":"product_cat-assises","8":"product_tag-eco-design","9":"product_tag-exclusive-fr","10":"pa_fabric-en-blanc-sans-tissu-fr","11":"pa_fabric-tissu-tel-que-photographie","12":"product_designer-laclaux-fr","13":"comfabric-laclaux-fr","14":"manufacturer-premier-logistics-art-interiors-pickup-laclaux-fr","15":"reporting_designer-laclaux","16":"samplecomfabric-laclaux-fr","18":"first","19":"instock","20":"taxable","21":"shipping-taxable","22":"purchasable","23":"product-type-variable"},"acf":[],"_links":{"self":[{"href":"https:\/\/theinvisiblecollection.com\/fr\/wp-json\/wp\/v2\/product\/5488166","targetHints":{"allow":["GET"]}}],"collection":[{"href":"https:\/\/theinvisiblecollection.com\/fr\/wp-json\/wp\/v2\/product"}],"about":[{"href":"https:\/\/theinvisiblecollection.com\/fr\/wp-json\/wp\/v2\/types\/product"}],"wp:featuredmedia":[{"embeddable":true,"href":"https:\/\/theinvisiblecollection.com\/fr\/wp-json\/wp\/v2\/media\/5484294"}],"wp:attachment":[{"href":"https:\/\/theinvisiblecollection.com\/fr\/wp-json\/wp\/v2\/media?parent=5488166"}],"wp:term":[{"taxonomy":"product_brand","embeddable":true,"href":"https:\/\/theinvisiblecollection.com\/fr\/wp-json\/wp\/v2\/product_brand?post=5488166"},{"taxonomy":"product_cat","embeddable":true,"href":"https:\/\/theinvisiblecollection.com\/fr\/wp-json\/wp\/v2\/product_cat?post=5488166"},{"taxonomy":"product_tag","embeddable":true,"href":"https:\/\/theinvisiblecollection.com\/fr\/wp-json\/wp\/v2\/product_tag?post=5488166"},{"taxonomy":"product_designer","embeddable":true,"href":"https:\/\/theinvisiblecollection.com\/fr\/wp-json\/wp\/v2\/product_designer?post=5488166"},{"taxonomy":"comfabric","embeddable":true,"href":"https:\/\/theinvisiblecollection.com\/fr\/wp-json\/wp\/v2\/comfabric?post=5488166"},{"taxonomy":"manufacturer","embeddable":true,"href":"https:\/\/theinvisiblecollection.com\/fr\/wp-json\/wp\/v2\/manufacturer?post=5488166"},{"taxonomy":"reporting_designer","embeddable":true,"href":"https:\/\/theinvisiblecollection.com\/fr\/wp-json\/wp\/v2\/reporting_designer?post=5488166"},{"taxonomy":"samplecomfabric","embeddable":true,"href":"https:\/\/theinvisiblecollection.com\/fr\/wp-json\/wp\/v2\/samplecomfabric?post=5488166"},{"taxonomy":"clubroom_product_designer","embeddable":true,"href":"https:\/\/theinvisiblecollection.com\/fr\/wp-json\/wp\/v2\/designer_clubroom?post=5488166"}],"curies":[{"name":"wp","href":"https:\/\/api.w.org\/{rel}","templated":true}]}}