{"id":5488169,"date":"2024-09-05T15:22:06","date_gmt":"2024-09-05T15:22:06","guid":{"rendered":"https:\/\/theinvisiblecollection.com\/?post_type=product&#038;p=5488169"},"modified":"2026-05-01T07:37:33","modified_gmt":"2026-05-01T07:37:33","slug":"marion-stora-table-basse-cosima","status":"publish","type":"product","link":"https:\/\/theinvisiblecollection.com\/fr\/produit\/marion-stora-table-basse-cosima\/","title":{"rendered":"Table Basse Cosima"},"content":{"rendered":"<p style=\"text-align: justify;\">La table basse Cosima de Marion Stora se caract\u00e9rise par des proportions \u00e9tonnantes et un jeu de textures. Le plateau, courbe et fin, repose sur des pieds galets robustes et extra-larges en fa\u00efence \u00e9maill\u00e9e. Une pi\u00e8ce remarquable enti\u00e8rement r\u00e9alis\u00e9e \u00e0 la main.<\/p>\n","protected":false},"excerpt":{"rendered":"<p>La table basse Cosima de Marion Stora se caract\u00e9rise par des proportions \u00e9tonnantes et un jeu de textures. Le plateau, courbe et fin, repose sur des pieds galets robustes et extra-larges en fa\u00efence \u00e9maill\u00e9e. Une pi\u00e8ce remarquable enti\u00e8rement r\u00e9alis\u00e9e \u00e0 la main.<\/p>\n","protected":false},"featured_media":5824443,"template":"","meta":{"_acf_changed":false,"content-type":"","_themeisle_gutenberg_block_has_review":false},"product_brand":[],"product_cat":[7509,12503],"product_tag":[31475,35206],"product_designer":[26993],"comfabric":[],"manufacturer":[36363],"reporting_designer":[37809],"samplecomfabric":[],"designer_clubroom":[],"class_list":{"0":"post-5488169","1":"product","2":"type-product","3":"status-publish","4":"has-post-thumbnail","6":"product_cat-tables-basses-dappoint","7":"product_cat-tables-fr","8":"product_tag-st-ceramic-fr","9":"product_tag-exclusive-fr","10":"product_designer-marion-stora-fr","11":"manufacturer-atelier-souchet-pick-up-marion-stora-fr","12":"reporting_designer-marion-stora","14":"first","15":"onbackorder","16":"taxable","17":"shipping-taxable","18":"purchasable","19":"product-type-variable"},"acf":[],"_links":{"self":[{"href":"https:\/\/theinvisiblecollection.com\/fr\/wp-json\/wp\/v2\/product\/5488169","targetHints":{"allow":["GET"]}}],"collection":[{"href":"https:\/\/theinvisiblecollection.com\/fr\/wp-json\/wp\/v2\/product"}],"about":[{"href":"https:\/\/theinvisiblecollection.com\/fr\/wp-json\/wp\/v2\/types\/product"}],"wp:featuredmedia":[{"embeddable":true,"href":"https:\/\/theinvisiblecollection.com\/fr\/wp-json\/wp\/v2\/media\/5824443"}],"wp:attachment":[{"href":"https:\/\/theinvisiblecollection.com\/fr\/wp-json\/wp\/v2\/media?parent=5488169"}],"wp:term":[{"taxonomy":"product_brand","embeddable":true,"href":"https:\/\/theinvisiblecollection.com\/fr\/wp-json\/wp\/v2\/product_brand?post=5488169"},{"taxonomy":"product_cat","embeddable":true,"href":"https:\/\/theinvisiblecollection.com\/fr\/wp-json\/wp\/v2\/product_cat?post=5488169"},{"taxonomy":"product_tag","embeddable":true,"href":"https:\/\/theinvisiblecollection.com\/fr\/wp-json\/wp\/v2\/product_tag?post=5488169"},{"taxonomy":"product_designer","embeddable":true,"href":"https:\/\/theinvisiblecollection.com\/fr\/wp-json\/wp\/v2\/product_designer?post=5488169"},{"taxonomy":"comfabric","embeddable":true,"href":"https:\/\/theinvisiblecollection.com\/fr\/wp-json\/wp\/v2\/comfabric?post=5488169"},{"taxonomy":"manufacturer","embeddable":true,"href":"https:\/\/theinvisiblecollection.com\/fr\/wp-json\/wp\/v2\/manufacturer?post=5488169"},{"taxonomy":"reporting_designer","embeddable":true,"href":"https:\/\/theinvisiblecollection.com\/fr\/wp-json\/wp\/v2\/reporting_designer?post=5488169"},{"taxonomy":"samplecomfabric","embeddable":true,"href":"https:\/\/theinvisiblecollection.com\/fr\/wp-json\/wp\/v2\/samplecomfabric?post=5488169"},{"taxonomy":"clubroom_product_designer","embeddable":true,"href":"https:\/\/theinvisiblecollection.com\/fr\/wp-json\/wp\/v2\/designer_clubroom?post=5488169"}],"curies":[{"name":"wp","href":"https:\/\/api.w.org\/{rel}","templated":true}]}}