{"id":5488273,"date":"2024-09-03T14:26:34","date_gmt":"2024-09-03T14:26:34","guid":{"rendered":"https:\/\/theinvisiblecollection.com\/?post_type=product&#038;p=5488273"},"modified":"2026-05-01T07:37:33","modified_gmt":"2026-05-01T07:37:33","slug":"laclaux-table-louisa","status":"publish","type":"product","link":"https:\/\/theinvisiblecollection.com\/fr\/produit\/laclaux-table-louisa\/","title":{"rendered":"Table Louisa"},"content":{"rendered":"<p style=\"text-align: justify;\"><span class=\"TextRun SCXW182347000 BCX8\" lang=\"FR-FR\" xml:lang=\"FR-FR\" data-contrast=\"none\"><span class=\"NormalTextRun SCXW182347000 BCX8\">Des lignes qui \u00e9l\u00e8vent. Un style organique et joyeux, une table vivante et durable. Son plateau <\/span><span class=\"NormalTextRun SCXW182347000 BCX8\">est<\/span> <span class=\"NormalTextRun SCXW182347000 BCX8\">r\u00e9alis\u00e9<\/span> <span class=\"NormalTextRun SCXW182347000 BCX8\">en<\/span> <span class=\"NormalTextRun SCXW182347000 BCX8\">stuc<\/span> <span class=\"NormalTextRun SCXW182347000 BCX8\">marbre<\/span><span class=\"NormalTextRun SCXW182347000 BCX8\"> par <\/span><span class=\"NormalTextRun SCXW182347000 BCX8\">l\u2019atelier<\/span><span class=\"NormalTextRun SCXW182347000 BCX8\"> Louis Del Boca. Un savoir-faire artisanal, au <\/span><span class=\"NormalTextRun SCXW182347000 BCX8\">geste<\/span><span class=\"NormalTextRun SCXW182347000 BCX8\"> ancestral, <\/span><span class=\"NormalTextRun SCXW182347000 BCX8\">empreint<\/span> <span class=\"NormalTextRun SCXW182347000 BCX8\">d<\/span><span class=\"NormalTextRun SCXW182347000 BCX8\">\u2019<\/span><span class=\"NormalTextRun SCXW182347000 BCX8\">\u00e9motion<\/span><span class=\"NormalTextRun SCXW182347000 BCX8\"> et de transmission. <\/span><span class=\"NormalTextRun SCXW182347000 BCX8\">Sa structure et son <\/span><span class=\"NormalTextRun SCXW182347000 BCX8\">pi<\/span><span class=\"NormalTextRun SCXW182347000 BCX8\">\u00e9<\/span><span class=\"NormalTextRun SCXW182347000 BCX8\">tement<\/span> <span class=\"NormalTextRun SCXW182347000 BCX8\">sont<\/span> <span class=\"NormalTextRun SCXW182347000 BCX8\">en<\/span> <span class=\"NormalTextRun SCXW182347000 BCX8\">c\u00e8dre<\/span> <span class=\"NormalTextRun SCXW182347000 BCX8\">sabl\u00e9<\/span><span class=\"NormalTextRun SCXW182347000 BCX8\"> et <\/span><span class=\"NormalTextRun SCXW182347000 BCX8\">teint\u00e9<\/span> <span class=\"NormalTextRun SCXW182347000 BCX8\">miel<\/span><span class=\"NormalTextRun SCXW182347000 BCX8\">. Elles <\/span><span class=\"NormalTextRun SCXW182347000 BCX8\">mettent<\/span> <span class=\"NormalTextRun SCXW182347000 BCX8\">en<\/span> <span class=\"NormalTextRun SCXW182347000 BCX8\">valeur<\/span><span class=\"NormalTextRun SCXW182347000 BCX8\"> les <\/span><span class=\"NormalTextRun SCXW182347000 BCX8\">veines<\/span><span class=\"NormalTextRun SCXW182347000 BCX8\"> et la texture du <\/span><span class=\"NormalTextRun SCXW182347000 BCX8\">bois<\/span> <span class=\"NormalTextRun SCXW182347000 BCX8\">pour dialoguer <\/span><span class=\"NormalTextRun SCXW182347000 BCX8\">harmonieusement<\/span><span class=\"NormalTextRun SCXW182347000 BCX8\"> avec les <\/span><span class=\"NormalTextRun SCXW182347000 BCX8\">ondulations<\/span><span class=\"NormalTextRun SCXW182347000 BCX8\"> du plateau. <\/span><span class=\"NormalTextRun SCXW182347000 BCX8\">Chaque<\/span> <span class=\"NormalTextRun SCXW182347000 BCX8\">d\u00e9tail<\/span> <span class=\"NormalTextRun SCXW182347000 BCX8\">t\u00e9moigne<\/span><span class=\"NormalTextRun SCXW182347000 BCX8\"> de <\/span><span class=\"NormalTextRun SCXW182347000 BCX8\">l\u2019engagement<\/span><span class=\"NormalTextRun SCXW182347000 BCX8\"> des artisans \u00e0 <\/span><span class=\"NormalTextRun SCXW182347000 BCX8\">cr\u00e9er<\/span> <span class=\"NormalTextRun SCXW182347000 BCX8\">une<\/span><span class=\"NormalTextRun SCXW182347000 BCX8\"> pi\u00e8ce unique, <\/span><span class=\"NormalTextRun SCXW182347000 BCX8\">o\u00f9<\/span><span class=\"NormalTextRun SCXW182347000 BCX8\"> la <\/span><span class=\"NormalTextRun SCXW182347000 BCX8\">beaut\u00e9<\/span><span class=\"NormalTextRun SCXW182347000 BCX8\"> du <\/span><span class=\"NormalTextRun SCXW182347000 BCX8\">mat\u00e9riau<\/span><span class=\"NormalTextRun SCXW182347000 BCX8\"> et la <\/span><span class=\"NormalTextRun SCXW182347000 BCX8\">pr\u00e9cision<\/span><span class=\"NormalTextRun SCXW182347000 BCX8\"> du <\/span><span class=\"NormalTextRun SCXW182347000 BCX8\">geste<\/span><span class=\"NormalTextRun SCXW182347000 BCX8\"> se <\/span><span class=\"NormalTextRun SCXW182347000 BCX8\">rencontrent<\/span><span class=\"NormalTextRun SCXW182347000 BCX8\">.<\/span><\/span><span class=\"EOP SCXW182347000 BCX8\" data-ccp-props=\"{&quot;201341983&quot;:0,&quot;335559740&quot;:259}\">\u00a0<\/span><\/p>\n","protected":false},"excerpt":{"rendered":"<p>Des lignes qui \u00e9l\u00e8vent. Un style organique et joyeux, une table vivante et durable. Son plateau est r\u00e9alis\u00e9 en stuc marbre par l\u2019atelier Louis Del Boca. Un savoir-faire artisanal, au geste ancestral, empreint d\u2019\u00e9motion et de transmission. Sa structure et son pi\u00e9tement sont en c\u00e8dre sabl\u00e9 et teint\u00e9 miel. Elles mettent en valeur les veines [&hellip;]<\/p>\n","protected":false},"featured_media":5484402,"template":"","meta":{"_acf_changed":false,"content-type":"","_themeisle_gutenberg_block_has_review":false},"product_brand":[],"product_cat":[8977,12503],"product_tag":[11335,35206],"product_designer":[31423],"comfabric":[],"manufacturer":[31425],"reporting_designer":[37262],"samplecomfabric":[],"designer_clubroom":[],"class_list":{"0":"post-5488273","1":"product","2":"type-product","3":"status-publish","4":"has-post-thumbnail","6":"product_cat-tables-salle-a-manger","7":"product_cat-tables-fr","8":"product_tag-eco-design","9":"product_tag-exclusive-fr","10":"product_designer-laclaux-fr","11":"manufacturer-premier-logistics-art-interiors-pickup-laclaux-fr","12":"reporting_designer-laclaux","14":"first","15":"onbackorder","16":"taxable","17":"shipping-taxable","18":"purchasable","19":"product-type-simple"},"acf":[],"_links":{"self":[{"href":"https:\/\/theinvisiblecollection.com\/fr\/wp-json\/wp\/v2\/product\/5488273","targetHints":{"allow":["GET"]}}],"collection":[{"href":"https:\/\/theinvisiblecollection.com\/fr\/wp-json\/wp\/v2\/product"}],"about":[{"href":"https:\/\/theinvisiblecollection.com\/fr\/wp-json\/wp\/v2\/types\/product"}],"wp:featuredmedia":[{"embeddable":true,"href":"https:\/\/theinvisiblecollection.com\/fr\/wp-json\/wp\/v2\/media\/5484402"}],"wp:attachment":[{"href":"https:\/\/theinvisiblecollection.com\/fr\/wp-json\/wp\/v2\/media?parent=5488273"}],"wp:term":[{"taxonomy":"product_brand","embeddable":true,"href":"https:\/\/theinvisiblecollection.com\/fr\/wp-json\/wp\/v2\/product_brand?post=5488273"},{"taxonomy":"product_cat","embeddable":true,"href":"https:\/\/theinvisiblecollection.com\/fr\/wp-json\/wp\/v2\/product_cat?post=5488273"},{"taxonomy":"product_tag","embeddable":true,"href":"https:\/\/theinvisiblecollection.com\/fr\/wp-json\/wp\/v2\/product_tag?post=5488273"},{"taxonomy":"product_designer","embeddable":true,"href":"https:\/\/theinvisiblecollection.com\/fr\/wp-json\/wp\/v2\/product_designer?post=5488273"},{"taxonomy":"comfabric","embeddable":true,"href":"https:\/\/theinvisiblecollection.com\/fr\/wp-json\/wp\/v2\/comfabric?post=5488273"},{"taxonomy":"manufacturer","embeddable":true,"href":"https:\/\/theinvisiblecollection.com\/fr\/wp-json\/wp\/v2\/manufacturer?post=5488273"},{"taxonomy":"reporting_designer","embeddable":true,"href":"https:\/\/theinvisiblecollection.com\/fr\/wp-json\/wp\/v2\/reporting_designer?post=5488273"},{"taxonomy":"samplecomfabric","embeddable":true,"href":"https:\/\/theinvisiblecollection.com\/fr\/wp-json\/wp\/v2\/samplecomfabric?post=5488273"},{"taxonomy":"clubroom_product_designer","embeddable":true,"href":"https:\/\/theinvisiblecollection.com\/fr\/wp-json\/wp\/v2\/designer_clubroom?post=5488273"}],"curies":[{"name":"wp","href":"https:\/\/api.w.org\/{rel}","templated":true}]}}