{"id":5496015,"date":"2024-09-05T08:45:05","date_gmt":"2024-09-05T08:45:05","guid":{"rendered":"https:\/\/theinvisiblecollection.com\/?post_type=product&#038;p=5496015"},"modified":"2026-05-06T08:13:01","modified_gmt":"2026-05-06T08:13:01","slug":"laclaux-chaise-baci-hibiscus","status":"publish","type":"product","link":"https:\/\/theinvisiblecollection.com\/fr\/produit\/laclaux-chaise-baci-hibiscus\/","title":{"rendered":"Chaise Baci Hibiscus"},"content":{"rendered":"<p>Des formes habiles et sculpturales, un savoir-faire au service du confort.\u00a0Sa structure en fr\u00eane d\u00e9licatement bross\u00e9 et teint\u00e9 met en valeur le dessin de ses lignes ondoyantes. Tapiss\u00e9e en lin, son dossier bicolore offre un contraste subtil et harmonieux.<\/p>\n","protected":false},"excerpt":{"rendered":"<p>Des formes habiles et sculpturales, un savoir-faire au service du confort.\u00a0Sa structure en fr\u00eane d\u00e9licatement bross\u00e9 et teint\u00e9 met en valeur le dessin de ses lignes ondoyantes. Tapiss\u00e9e en lin, son dossier bicolore offre un contraste subtil et harmonieux.<\/p>\n","protected":false},"featured_media":5486311,"template":"","meta":{"_acf_changed":false,"content-type":"","_themeisle_gutenberg_block_has_review":false},"product_brand":[],"product_cat":[8962,12499],"product_tag":[11335,35206],"product_designer":[31423],"comfabric":[35965],"manufacturer":[31425],"reporting_designer":[37262],"samplecomfabric":[35967],"designer_clubroom":[],"class_list":{"0":"post-5496015","1":"product","2":"type-product","3":"status-publish","4":"has-post-thumbnail","6":"product_cat-chaises","7":"product_cat-assises","8":"product_tag-eco-design","9":"product_tag-exclusive-fr","10":"product_designer-laclaux-fr","11":"comfabric-laclaux-fr","12":"manufacturer-premier-logistics-art-interiors-pickup-laclaux-fr","13":"reporting_designer-laclaux-fr","14":"samplecomfabric-laclaux-fr","16":"first","17":"instock","18":"taxable","19":"shipping-taxable","20":"purchasable","21":"product-type-variable"},"acf":[],"_links":{"self":[{"href":"https:\/\/theinvisiblecollection.com\/fr\/wp-json\/wp\/v2\/product\/5496015","targetHints":{"allow":["GET"]}}],"collection":[{"href":"https:\/\/theinvisiblecollection.com\/fr\/wp-json\/wp\/v2\/product"}],"about":[{"href":"https:\/\/theinvisiblecollection.com\/fr\/wp-json\/wp\/v2\/types\/product"}],"wp:featuredmedia":[{"embeddable":true,"href":"https:\/\/theinvisiblecollection.com\/fr\/wp-json\/wp\/v2\/media\/5486311"}],"wp:attachment":[{"href":"https:\/\/theinvisiblecollection.com\/fr\/wp-json\/wp\/v2\/media?parent=5496015"}],"wp:term":[{"taxonomy":"product_brand","embeddable":true,"href":"https:\/\/theinvisiblecollection.com\/fr\/wp-json\/wp\/v2\/product_brand?post=5496015"},{"taxonomy":"product_cat","embeddable":true,"href":"https:\/\/theinvisiblecollection.com\/fr\/wp-json\/wp\/v2\/product_cat?post=5496015"},{"taxonomy":"product_tag","embeddable":true,"href":"https:\/\/theinvisiblecollection.com\/fr\/wp-json\/wp\/v2\/product_tag?post=5496015"},{"taxonomy":"product_designer","embeddable":true,"href":"https:\/\/theinvisiblecollection.com\/fr\/wp-json\/wp\/v2\/product_designer?post=5496015"},{"taxonomy":"comfabric","embeddable":true,"href":"https:\/\/theinvisiblecollection.com\/fr\/wp-json\/wp\/v2\/comfabric?post=5496015"},{"taxonomy":"manufacturer","embeddable":true,"href":"https:\/\/theinvisiblecollection.com\/fr\/wp-json\/wp\/v2\/manufacturer?post=5496015"},{"taxonomy":"reporting_designer","embeddable":true,"href":"https:\/\/theinvisiblecollection.com\/fr\/wp-json\/wp\/v2\/reporting_designer?post=5496015"},{"taxonomy":"samplecomfabric","embeddable":true,"href":"https:\/\/theinvisiblecollection.com\/fr\/wp-json\/wp\/v2\/samplecomfabric?post=5496015"},{"taxonomy":"clubroom_product_designer","embeddable":true,"href":"https:\/\/theinvisiblecollection.com\/fr\/wp-json\/wp\/v2\/designer_clubroom?post=5496015"}],"curies":[{"name":"wp","href":"https:\/\/api.w.org\/{rel}","templated":true}]}}