{"id":5506452,"date":"2024-08-30T10:55:10","date_gmt":"2024-08-30T10:55:10","guid":{"rendered":"https:\/\/theinvisiblecollection.com\/?post_type=product&#038;p=5506452"},"modified":"2026-05-01T07:37:33","modified_gmt":"2026-05-01T07:37:33","slug":"nordic-knots-tapis-elder-marine","status":"publish","type":"product","link":"https:\/\/theinvisiblecollection.com\/fr\/produit\/nordic-knots-tapis-elder-marine\/","title":{"rendered":"Tapis Elder Marine"},"content":{"rendered":"<p style=\"text-align: justify;\"><span class=\"TextRun SCXW244068833 BCX8\" lang=\"FR-FR\" xml:lang=\"FR-FR\" data-contrast=\"auto\"><span class=\"NormalTextRun SCXW244068833 BCX8\">L&#8217;artisanat d\u2019art rencontre la cr\u00e9ativit\u00e9 contemporaine dans Elder, un design doux et textur\u00e9 d\u00e9fini par des motifs minimalistes et des teintes sourdes. Nou\u00e9 \u00e0 la main \u00e0 partir de laine de Sardaigne en utilisant d&#8217;anciennes techniques de tissage artisanales, il est con\u00e7u pour transcender les g\u00e9n\u00e9rations et les tendances. Elder est fabriqu\u00e9 \u00e0 la main en petites s\u00e9ries. Seuls quelques exemplaires de chaque taille sont disponibles.<\/span><\/span><span class=\"EOP SCXW244068833 BCX8\" data-ccp-props=\"{&quot;201341983&quot;:0,&quot;335559740&quot;:259}\">\u00a0<\/span><\/p>\n","protected":false},"excerpt":{"rendered":"<p>L&#8217;artisanat d\u2019art rencontre la cr\u00e9ativit\u00e9 contemporaine dans Elder, un design doux et textur\u00e9 d\u00e9fini par des motifs minimalistes et des teintes sourdes. Nou\u00e9 \u00e0 la main \u00e0 partir de laine de Sardaigne en utilisant d&#8217;anciennes techniques de tissage artisanales, il est con\u00e7u pour transcender les g\u00e9n\u00e9rations et les tendances. Elder est fabriqu\u00e9 \u00e0 la main [&hellip;]<\/p>\n","protected":false},"featured_media":5449032,"template":"","meta":{"_acf_changed":false,"content-type":"","_themeisle_gutenberg_block_has_review":false},"product_brand":[],"product_cat":[8183,12540],"product_tag":[],"product_designer":[31649],"comfabric":[],"manufacturer":[],"reporting_designer":[37437],"samplecomfabric":[],"designer_clubroom":[],"class_list":{"0":"post-5506452","1":"product","2":"type-product","3":"status-publish","4":"has-post-thumbnail","6":"product_cat-tapis-noues-a-la-main","7":"product_cat-tapis-fr","8":"pa_size-large-fr-2","9":"pa_size-moyen","10":"pa_size-petit","11":"pa_size-us-grand-pour-le-marche-americain-uniquement","12":"pa_size-us-moyen-pour-le-marche-americain-uniquement","13":"pa_size-us-petit-pour-le-marche-americain-uniquement","14":"product_designer-nordic-knots-fr","15":"reporting_designer-nordic-knots","17":"first","18":"instock","19":"taxable","20":"shipping-taxable","21":"purchasable","22":"product-type-variable"},"acf":[],"_links":{"self":[{"href":"https:\/\/theinvisiblecollection.com\/fr\/wp-json\/wp\/v2\/product\/5506452","targetHints":{"allow":["GET"]}}],"collection":[{"href":"https:\/\/theinvisiblecollection.com\/fr\/wp-json\/wp\/v2\/product"}],"about":[{"href":"https:\/\/theinvisiblecollection.com\/fr\/wp-json\/wp\/v2\/types\/product"}],"wp:featuredmedia":[{"embeddable":true,"href":"https:\/\/theinvisiblecollection.com\/fr\/wp-json\/wp\/v2\/media\/5449032"}],"wp:attachment":[{"href":"https:\/\/theinvisiblecollection.com\/fr\/wp-json\/wp\/v2\/media?parent=5506452"}],"wp:term":[{"taxonomy":"product_brand","embeddable":true,"href":"https:\/\/theinvisiblecollection.com\/fr\/wp-json\/wp\/v2\/product_brand?post=5506452"},{"taxonomy":"product_cat","embeddable":true,"href":"https:\/\/theinvisiblecollection.com\/fr\/wp-json\/wp\/v2\/product_cat?post=5506452"},{"taxonomy":"product_tag","embeddable":true,"href":"https:\/\/theinvisiblecollection.com\/fr\/wp-json\/wp\/v2\/product_tag?post=5506452"},{"taxonomy":"product_designer","embeddable":true,"href":"https:\/\/theinvisiblecollection.com\/fr\/wp-json\/wp\/v2\/product_designer?post=5506452"},{"taxonomy":"comfabric","embeddable":true,"href":"https:\/\/theinvisiblecollection.com\/fr\/wp-json\/wp\/v2\/comfabric?post=5506452"},{"taxonomy":"manufacturer","embeddable":true,"href":"https:\/\/theinvisiblecollection.com\/fr\/wp-json\/wp\/v2\/manufacturer?post=5506452"},{"taxonomy":"reporting_designer","embeddable":true,"href":"https:\/\/theinvisiblecollection.com\/fr\/wp-json\/wp\/v2\/reporting_designer?post=5506452"},{"taxonomy":"samplecomfabric","embeddable":true,"href":"https:\/\/theinvisiblecollection.com\/fr\/wp-json\/wp\/v2\/samplecomfabric?post=5506452"},{"taxonomy":"clubroom_product_designer","embeddable":true,"href":"https:\/\/theinvisiblecollection.com\/fr\/wp-json\/wp\/v2\/designer_clubroom?post=5506452"}],"curies":[{"name":"wp","href":"https:\/\/api.w.org\/{rel}","templated":true}]}}