{"id":5506506,"date":"2024-08-30T11:44:02","date_gmt":"2024-08-30T11:44:02","guid":{"rendered":"https:\/\/theinvisiblecollection.com\/?post_type=product&#038;p=5506506"},"modified":"2026-05-01T07:37:33","modified_gmt":"2026-05-01T07:37:33","slug":"nordic-knots-tapis-ruban-noue","status":"publish","type":"product","link":"https:\/\/theinvisiblecollection.com\/fr\/produit\/nordic-knots-tapis-ruban-noue\/","title":{"rendered":"Tapis Ruban Nou\u00e9"},"content":{"rendered":"<p><span class=\"NormalTextRun SCXW226172778 BCX8\">Con\u00e7u par Campbell-Rey avec une sensibilit\u00e9 color\u00e9e et influenc\u00e9e par l&#8217;Art d\u00e9co, le tapis <\/span><span class=\"NormalTextRun SpellingErrorV2Themed SCXW226172778 BCX8\">Folding Ribbon<\/span><span class=\"NormalTextRun SCXW226172778 BCX8\">\u00a0reprend les motifs floraux du style gustavien, le n\u00e9oclassicisme du Nord. Avec des \u00e9l\u00e9ments qui sont une interpr\u00e9tation moderne de la couronne et du ruban pliant typiques du mobilier gustavien de la fin du XVIIIe si\u00e8cle, ainsi que des id\u00e9es inspir\u00e9es de l&#8217;histoire de l&#8217;art des jardins, ce tapis rose framboise et ambre, avec un motif en trompe-l&#8217;\u0153il en 3D, semble \u00e9tonnamment moderne malgr\u00e9 ses racines dans une esth\u00e9tique vieille de 250 ans. <\/span><span class=\"NormalTextRun SpellingErrorV2Themed SCXW226172778 BCX8\">Folding<\/span> <span class=\"NormalTextRun SpellingErrorV2Themed SCXW226172778 BCX8\">Ribbon<\/span><span class=\"NormalTextRun SCXW226172778 BCX8\"> est fabriqu\u00e9 \u00e0 la main en petites s\u00e9ries. Seuls quelques exemplaires de chaque taille sont disponibles.\u00a0<\/span><\/p>\n","protected":false},"excerpt":{"rendered":"<p>Con\u00e7u par Campbell-Rey avec une sensibilit\u00e9 color\u00e9e et influenc\u00e9e par l&#8217;Art d\u00e9co, le tapis Folding Ribbon\u00a0reprend les motifs floraux du style gustavien, le n\u00e9oclassicisme du Nord. Avec des \u00e9l\u00e9ments qui sont une interpr\u00e9tation moderne de la couronne et du ruban pliant typiques du mobilier gustavien de la fin du XVIIIe si\u00e8cle, ainsi que des id\u00e9es [&hellip;]<\/p>\n","protected":false},"featured_media":5679957,"template":"","meta":{"_acf_changed":false,"content-type":"","_themeisle_gutenberg_block_has_review":false},"product_brand":[],"product_cat":[8183,12540],"product_tag":[],"product_designer":[14078,31649],"comfabric":[],"manufacturer":[],"reporting_designer":[37437],"samplecomfabric":[],"designer_clubroom":[],"class_list":{"0":"post-5506506","1":"product","2":"type-product","3":"status-publish","4":"has-post-thumbnail","6":"product_cat-tapis-noues-a-la-main","7":"product_cat-tapis-fr","8":"pa_size-large-fr-2","9":"pa_size-moyen","10":"pa_size-petit","11":"pa_size-us-grand-pour-le-marche-americain-uniquement","12":"pa_size-us-moyen-pour-le-marche-americain-uniquement","13":"pa_size-us-petit-pour-le-marche-americain-uniquement","14":"product_designer-campbell-rey-fr","15":"product_designer-nordic-knots-fr","16":"reporting_designer-nordic-knots","18":"first","19":"instock","20":"taxable","21":"shipping-taxable","22":"purchasable","23":"product-type-variable"},"acf":[],"_links":{"self":[{"href":"https:\/\/theinvisiblecollection.com\/fr\/wp-json\/wp\/v2\/product\/5506506","targetHints":{"allow":["GET"]}}],"collection":[{"href":"https:\/\/theinvisiblecollection.com\/fr\/wp-json\/wp\/v2\/product"}],"about":[{"href":"https:\/\/theinvisiblecollection.com\/fr\/wp-json\/wp\/v2\/types\/product"}],"wp:featuredmedia":[{"embeddable":true,"href":"https:\/\/theinvisiblecollection.com\/fr\/wp-json\/wp\/v2\/media\/5679957"}],"wp:attachment":[{"href":"https:\/\/theinvisiblecollection.com\/fr\/wp-json\/wp\/v2\/media?parent=5506506"}],"wp:term":[{"taxonomy":"product_brand","embeddable":true,"href":"https:\/\/theinvisiblecollection.com\/fr\/wp-json\/wp\/v2\/product_brand?post=5506506"},{"taxonomy":"product_cat","embeddable":true,"href":"https:\/\/theinvisiblecollection.com\/fr\/wp-json\/wp\/v2\/product_cat?post=5506506"},{"taxonomy":"product_tag","embeddable":true,"href":"https:\/\/theinvisiblecollection.com\/fr\/wp-json\/wp\/v2\/product_tag?post=5506506"},{"taxonomy":"product_designer","embeddable":true,"href":"https:\/\/theinvisiblecollection.com\/fr\/wp-json\/wp\/v2\/product_designer?post=5506506"},{"taxonomy":"comfabric","embeddable":true,"href":"https:\/\/theinvisiblecollection.com\/fr\/wp-json\/wp\/v2\/comfabric?post=5506506"},{"taxonomy":"manufacturer","embeddable":true,"href":"https:\/\/theinvisiblecollection.com\/fr\/wp-json\/wp\/v2\/manufacturer?post=5506506"},{"taxonomy":"reporting_designer","embeddable":true,"href":"https:\/\/theinvisiblecollection.com\/fr\/wp-json\/wp\/v2\/reporting_designer?post=5506506"},{"taxonomy":"samplecomfabric","embeddable":true,"href":"https:\/\/theinvisiblecollection.com\/fr\/wp-json\/wp\/v2\/samplecomfabric?post=5506506"},{"taxonomy":"clubroom_product_designer","embeddable":true,"href":"https:\/\/theinvisiblecollection.com\/fr\/wp-json\/wp\/v2\/designer_clubroom?post=5506506"}],"curies":[{"name":"wp","href":"https:\/\/api.w.org\/{rel}","templated":true}]}}