{"id":5506667,"date":"2024-08-30T12:11:00","date_gmt":"2024-08-30T12:11:00","guid":{"rendered":"https:\/\/theinvisiblecollection.com\/?post_type=product&#038;p=5506667"},"modified":"2026-05-08T04:38:49","modified_gmt":"2026-05-08T04:38:49","slug":"nordic-knots-tapis-grille","status":"publish","type":"product","link":"https:\/\/theinvisiblecollection.com\/fr\/produit\/nordic-knots-tapis-grille\/","title":{"rendered":"Tapis Grille"},"content":{"rendered":"<p style=\"text-align: justify;\"><span data-contrast=\"auto\">Une collection minimaliste qui fait r\u00e9f\u00e9rence \u00e0 l&#8217;un des principes fondamentaux du design &#8211; l&#8217;utilisation d&#8217;une grille pour atteindre l&#8217;\u00e9quilibre et l&#8217;harmonie, en guidant la composition, les proportions et l&#8217;espace. De la cr\u00e9ation du nombre d&#8217;or par De Vinci au plan de l&#8217;architecte, la grille est pr\u00e9sente en arri\u00e8re-plan pour aider \u00e0 cr\u00e9er les plus belles expressions. La collection Grid a \u00e9t\u00e9 cr\u00e9\u00e9e pour faire de m\u00eame &#8211; pour \u00eatre la base des plus belles maisons. Le tapis Grid Chestnut\/White cream pr\u00e9sente un motif \u00e0 poils coup\u00e9s en laine de Nouvelle-Z\u00e9lande pour une grande qualit\u00e9 et un toucher doux. La collection Grid de Nordic Knots est fabriqu\u00e9e \u00e0 la main en petites s\u00e9ries. Seuls quelques exemplaires de chaque taille sont disponibles. <\/span><span data-ccp-props=\"{&quot;201341983&quot;:0,&quot;335559740&quot;:259}\">\u00a0<\/span><\/p>\n<p style=\"text-align: justify;\"><span data-contrast=\"auto\">\u00a0<\/span><span data-ccp-props=\"{&quot;201341983&quot;:0,&quot;335559740&quot;:259}\">\u00a0<\/span><\/p>\n","protected":false},"excerpt":{"rendered":"<p>Une collection minimaliste qui fait r\u00e9f\u00e9rence \u00e0 l&#8217;un des principes fondamentaux du design &#8211; l&#8217;utilisation d&#8217;une grille pour atteindre l&#8217;\u00e9quilibre et l&#8217;harmonie, en guidant la composition, les proportions et l&#8217;espace. De la cr\u00e9ation du nombre d&#8217;or par De Vinci au plan de l&#8217;architecte, la grille est pr\u00e9sente en arri\u00e8re-plan pour aider \u00e0 cr\u00e9er les plus [&hellip;]<\/p>\n","protected":false},"featured_media":5679844,"template":"","meta":{"_acf_changed":false,"content-type":"","_themeisle_gutenberg_block_has_review":false},"product_brand":[],"product_cat":[12540,17999],"product_tag":[],"product_designer":[31649],"comfabric":[],"manufacturer":[],"reporting_designer":[37437],"samplecomfabric":[],"designer_clubroom":[],"class_list":{"0":"post-5506667","1":"product","2":"type-product","3":"status-publish","4":"has-post-thumbnail","6":"product_cat-tapis-fr","7":"product_cat-tisses-a-la-main","8":"pa_size-large-fr-2","9":"pa_size-moyen-fr","10":"pa_size-petit","11":"pa_size-us-grand-pour-le-marche-americain-uniquement","12":"pa_size-us-moyen-pour-le-marche-americain-uniquement","13":"pa_size-us-petit-pour-le-marche-americain-uniquement","14":"product_designer-nordic-knots-fr","15":"reporting_designer-nordic-knots","17":"first","18":"instock","19":"taxable","20":"shipping-taxable","21":"purchasable","22":"product-type-variable"},"acf":[],"_links":{"self":[{"href":"https:\/\/theinvisiblecollection.com\/fr\/wp-json\/wp\/v2\/product\/5506667","targetHints":{"allow":["GET"]}}],"collection":[{"href":"https:\/\/theinvisiblecollection.com\/fr\/wp-json\/wp\/v2\/product"}],"about":[{"href":"https:\/\/theinvisiblecollection.com\/fr\/wp-json\/wp\/v2\/types\/product"}],"wp:featuredmedia":[{"embeddable":true,"href":"https:\/\/theinvisiblecollection.com\/fr\/wp-json\/wp\/v2\/media\/5679844"}],"wp:attachment":[{"href":"https:\/\/theinvisiblecollection.com\/fr\/wp-json\/wp\/v2\/media?parent=5506667"}],"wp:term":[{"taxonomy":"product_brand","embeddable":true,"href":"https:\/\/theinvisiblecollection.com\/fr\/wp-json\/wp\/v2\/product_brand?post=5506667"},{"taxonomy":"product_cat","embeddable":true,"href":"https:\/\/theinvisiblecollection.com\/fr\/wp-json\/wp\/v2\/product_cat?post=5506667"},{"taxonomy":"product_tag","embeddable":true,"href":"https:\/\/theinvisiblecollection.com\/fr\/wp-json\/wp\/v2\/product_tag?post=5506667"},{"taxonomy":"product_designer","embeddable":true,"href":"https:\/\/theinvisiblecollection.com\/fr\/wp-json\/wp\/v2\/product_designer?post=5506667"},{"taxonomy":"comfabric","embeddable":true,"href":"https:\/\/theinvisiblecollection.com\/fr\/wp-json\/wp\/v2\/comfabric?post=5506667"},{"taxonomy":"manufacturer","embeddable":true,"href":"https:\/\/theinvisiblecollection.com\/fr\/wp-json\/wp\/v2\/manufacturer?post=5506667"},{"taxonomy":"reporting_designer","embeddable":true,"href":"https:\/\/theinvisiblecollection.com\/fr\/wp-json\/wp\/v2\/reporting_designer?post=5506667"},{"taxonomy":"samplecomfabric","embeddable":true,"href":"https:\/\/theinvisiblecollection.com\/fr\/wp-json\/wp\/v2\/samplecomfabric?post=5506667"},{"taxonomy":"clubroom_product_designer","embeddable":true,"href":"https:\/\/theinvisiblecollection.com\/fr\/wp-json\/wp\/v2\/designer_clubroom?post=5506667"}],"curies":[{"name":"wp","href":"https:\/\/api.w.org\/{rel}","templated":true}]}}