{"id":5506842,"date":"2024-08-30T13:55:14","date_gmt":"2024-08-30T13:55:14","guid":{"rendered":"https:\/\/theinvisiblecollection.com\/?post_type=product&#038;p=5506842"},"modified":"2026-05-01T07:37:33","modified_gmt":"2026-05-01T07:37:33","slug":"nordic-knots-tapis-jute-runner","status":"publish","type":"product","link":"https:\/\/theinvisiblecollection.com\/fr\/produit\/nordic-knots-tapis-jute-runner\/","title":{"rendered":"Tapis Jute Runner"},"content":{"rendered":"<p style=\"text-align: justify;\"><span class=\"NormalTextRun SCXW206210465 BCX8\">La collection Jute est tiss\u00e9e avec des fibres v\u00e9g\u00e9tales solides et enti\u00e8rement naturelles dans un design rustique moderne. Disponible dans une vari\u00e9t\u00e9 de motifs graphiques et d&#8217;accents de couleur stimulants &#8211; cr\u00e8me, noir et rouge, la signature de Nordic <\/span><span class=\"NormalTextRun SpellingErrorV2Themed SCXW206210465 BCX8\">Knots<\/span><span class=\"NormalTextRun SCXW206210465 BCX8\"> &#8211; ce tapis est une belle base pour n&#8217;importe quelle pi\u00e8ce, qu&#8217;elle soit \u00e0 la campagne ou \u00e0 la ville. Chaque tapis est tiss\u00e9 \u00e0 la main avec des d\u00e9tails irr\u00e9guliers pour cr\u00e9er de belles imperfections qui rendent chaque pi\u00e8ce unique. Les tapis sont r\u00e9sistants et durables, avec une texture qui vieillit merveilleusement bien. Le tapis de jute est fabriqu\u00e9 \u00e0 la main en petites s\u00e9ries, et il n&#8217;en existe que <\/span><span class=\"NormalTextRun ContextualSpellingAndGrammarErrorV2Themed SCXW206210465 BCX8\">quelques uns<\/span><span class=\"NormalTextRun SCXW206210465 BCX8\"> dans chaque taille. <\/span><\/p>\n","protected":false},"excerpt":{"rendered":"<p>La collection Jute est tiss\u00e9e avec des fibres v\u00e9g\u00e9tales solides et enti\u00e8rement naturelles dans un design rustique moderne. Disponible dans une vari\u00e9t\u00e9 de motifs graphiques et d&#8217;accents de couleur stimulants &#8211; cr\u00e8me, noir et rouge, la signature de Nordic Knots &#8211; ce tapis est une belle base pour n&#8217;importe quelle pi\u00e8ce, qu&#8217;elle soit \u00e0 la [&hellip;]<\/p>\n","protected":false},"featured_media":5679935,"template":"","meta":{"_acf_changed":false,"content-type":"","_themeisle_gutenberg_block_has_review":false},"product_brand":[],"product_cat":[12540,17999],"product_tag":[],"product_designer":[31649],"comfabric":[],"manufacturer":[],"reporting_designer":[37437],"samplecomfabric":[],"designer_clubroom":[],"class_list":{"0":"post-5506842","1":"product","2":"type-product","3":"status-publish","4":"has-post-thumbnail","6":"product_cat-tapis-fr","7":"product_cat-tisses-a-la-main","8":"pa_color-creme-fr","9":"pa_color-noir-fr","10":"pa_size-grand-fr","11":"pa_size-petit","12":"pa_size-us-grand-pour-le-marche-americain-uniquement","13":"pa_size-us-moyen-pour-le-marche-americain-uniquement","14":"pa_size-us-petit-pour-le-marche-americain-uniquement","15":"product_designer-nordic-knots-fr","16":"reporting_designer-nordic-knots","18":"first","19":"instock","20":"taxable","21":"shipping-taxable","22":"purchasable","23":"product-type-variable"},"acf":[],"_links":{"self":[{"href":"https:\/\/theinvisiblecollection.com\/fr\/wp-json\/wp\/v2\/product\/5506842","targetHints":{"allow":["GET"]}}],"collection":[{"href":"https:\/\/theinvisiblecollection.com\/fr\/wp-json\/wp\/v2\/product"}],"about":[{"href":"https:\/\/theinvisiblecollection.com\/fr\/wp-json\/wp\/v2\/types\/product"}],"wp:featuredmedia":[{"embeddable":true,"href":"https:\/\/theinvisiblecollection.com\/fr\/wp-json\/wp\/v2\/media\/5679935"}],"wp:attachment":[{"href":"https:\/\/theinvisiblecollection.com\/fr\/wp-json\/wp\/v2\/media?parent=5506842"}],"wp:term":[{"taxonomy":"product_brand","embeddable":true,"href":"https:\/\/theinvisiblecollection.com\/fr\/wp-json\/wp\/v2\/product_brand?post=5506842"},{"taxonomy":"product_cat","embeddable":true,"href":"https:\/\/theinvisiblecollection.com\/fr\/wp-json\/wp\/v2\/product_cat?post=5506842"},{"taxonomy":"product_tag","embeddable":true,"href":"https:\/\/theinvisiblecollection.com\/fr\/wp-json\/wp\/v2\/product_tag?post=5506842"},{"taxonomy":"product_designer","embeddable":true,"href":"https:\/\/theinvisiblecollection.com\/fr\/wp-json\/wp\/v2\/product_designer?post=5506842"},{"taxonomy":"comfabric","embeddable":true,"href":"https:\/\/theinvisiblecollection.com\/fr\/wp-json\/wp\/v2\/comfabric?post=5506842"},{"taxonomy":"manufacturer","embeddable":true,"href":"https:\/\/theinvisiblecollection.com\/fr\/wp-json\/wp\/v2\/manufacturer?post=5506842"},{"taxonomy":"reporting_designer","embeddable":true,"href":"https:\/\/theinvisiblecollection.com\/fr\/wp-json\/wp\/v2\/reporting_designer?post=5506842"},{"taxonomy":"samplecomfabric","embeddable":true,"href":"https:\/\/theinvisiblecollection.com\/fr\/wp-json\/wp\/v2\/samplecomfabric?post=5506842"},{"taxonomy":"clubroom_product_designer","embeddable":true,"href":"https:\/\/theinvisiblecollection.com\/fr\/wp-json\/wp\/v2\/designer_clubroom?post=5506842"}],"curies":[{"name":"wp","href":"https:\/\/api.w.org\/{rel}","templated":true}]}}