{"id":5506902,"date":"2024-09-02T10:21:04","date_gmt":"2024-09-02T10:21:04","guid":{"rendered":"https:\/\/theinvisiblecollection.com\/?post_type=product&#038;p=5506902"},"modified":"2026-05-01T07:37:33","modified_gmt":"2026-05-01T07:37:33","slug":"nordic-knots-tapis-moderne","status":"publish","type":"product","link":"https:\/\/theinvisiblecollection.com\/fr\/produit\/nordic-knots-tapis-moderne\/","title":{"rendered":"Tapis Moderne"},"content":{"rendered":"<p><span class=\"NormalTextRun SCXW177291077 BCX8\">Cette collection s&#8217;inspire de l&#8217;\u00e9l\u00e9gance intemporelle du design su\u00e9dois du d\u00e9but du XXe si\u00e8cle. Nous aimerions la consid\u00e9rer comme une \u0153uvre d&#8217;art pour votre sol, donnant \u00e0 votre pi\u00e8ce une touche de modernit\u00e9. Ce tapis \u00e0 poils coup\u00e9s est fabriqu\u00e9 en laine de Nouvelle-Z\u00e9lande, ce qui lui conf\u00e8re une grande qualit\u00e9 et un toucher doux. Le Modern <\/span><span class=\"NormalTextRun SpellingErrorV2Themed SCXW177291077 BCX8\">Rug<\/span><span class=\"NormalTextRun SCXW177291077 BCX8\"> de Nordic <\/span><span class=\"NormalTextRun SpellingErrorV2Themed SCXW177291077 BCX8\">Knots<\/span><span class=\"NormalTextRun SCXW177291077 BCX8\"> est fabriqu\u00e9 \u00e0 la main en petites s\u00e9ries, avec seulement quelques exemplaires disponibles dans chaque taille.<\/span><\/p>\n","protected":false},"excerpt":{"rendered":"<p>Cette collection s&#8217;inspire de l&#8217;\u00e9l\u00e9gance intemporelle du design su\u00e9dois du d\u00e9but du XXe si\u00e8cle. Nous aimerions la consid\u00e9rer comme une \u0153uvre d&#8217;art pour votre sol, donnant \u00e0 votre pi\u00e8ce une touche de modernit\u00e9. Ce tapis \u00e0 poils coup\u00e9s est fabriqu\u00e9 en laine de Nouvelle-Z\u00e9lande, ce qui lui conf\u00e8re une grande qualit\u00e9 et un toucher doux. [&hellip;]<\/p>\n","protected":false},"featured_media":5679849,"template":"","meta":{"_acf_changed":false,"content-type":"","_themeisle_gutenberg_block_has_review":false},"product_brand":[],"product_cat":[12540,17999],"product_tag":[],"product_designer":[31649],"comfabric":[],"manufacturer":[],"reporting_designer":[37437],"samplecomfabric":[],"designer_clubroom":[],"class_list":{"0":"post-5506902","1":"product","2":"type-product","3":"status-publish","4":"has-post-thumbnail","6":"product_cat-tapis-fr","7":"product_cat-tisses-a-la-main","8":"pa_size-large-fr-2","9":"pa_size-moyen","10":"pa_size-petit","11":"pa_size-us-grand-pour-le-marche-americain-uniquement","12":"pa_size-us-moyen-pour-le-marche-americain-uniquement","13":"pa_size-us-petit-pour-le-marche-americain-uniquement","14":"product_designer-nordic-knots-fr","15":"reporting_designer-nordic-knots","17":"first","18":"instock","19":"taxable","20":"shipping-taxable","21":"purchasable","22":"product-type-variable"},"acf":[],"_links":{"self":[{"href":"https:\/\/theinvisiblecollection.com\/fr\/wp-json\/wp\/v2\/product\/5506902","targetHints":{"allow":["GET"]}}],"collection":[{"href":"https:\/\/theinvisiblecollection.com\/fr\/wp-json\/wp\/v2\/product"}],"about":[{"href":"https:\/\/theinvisiblecollection.com\/fr\/wp-json\/wp\/v2\/types\/product"}],"wp:featuredmedia":[{"embeddable":true,"href":"https:\/\/theinvisiblecollection.com\/fr\/wp-json\/wp\/v2\/media\/5679849"}],"wp:attachment":[{"href":"https:\/\/theinvisiblecollection.com\/fr\/wp-json\/wp\/v2\/media?parent=5506902"}],"wp:term":[{"taxonomy":"product_brand","embeddable":true,"href":"https:\/\/theinvisiblecollection.com\/fr\/wp-json\/wp\/v2\/product_brand?post=5506902"},{"taxonomy":"product_cat","embeddable":true,"href":"https:\/\/theinvisiblecollection.com\/fr\/wp-json\/wp\/v2\/product_cat?post=5506902"},{"taxonomy":"product_tag","embeddable":true,"href":"https:\/\/theinvisiblecollection.com\/fr\/wp-json\/wp\/v2\/product_tag?post=5506902"},{"taxonomy":"product_designer","embeddable":true,"href":"https:\/\/theinvisiblecollection.com\/fr\/wp-json\/wp\/v2\/product_designer?post=5506902"},{"taxonomy":"comfabric","embeddable":true,"href":"https:\/\/theinvisiblecollection.com\/fr\/wp-json\/wp\/v2\/comfabric?post=5506902"},{"taxonomy":"manufacturer","embeddable":true,"href":"https:\/\/theinvisiblecollection.com\/fr\/wp-json\/wp\/v2\/manufacturer?post=5506902"},{"taxonomy":"reporting_designer","embeddable":true,"href":"https:\/\/theinvisiblecollection.com\/fr\/wp-json\/wp\/v2\/reporting_designer?post=5506902"},{"taxonomy":"samplecomfabric","embeddable":true,"href":"https:\/\/theinvisiblecollection.com\/fr\/wp-json\/wp\/v2\/samplecomfabric?post=5506902"},{"taxonomy":"clubroom_product_designer","embeddable":true,"href":"https:\/\/theinvisiblecollection.com\/fr\/wp-json\/wp\/v2\/designer_clubroom?post=5506902"}],"curies":[{"name":"wp","href":"https:\/\/api.w.org\/{rel}","templated":true}]}}