{"id":5506928,"date":"2024-09-02T12:36:01","date_gmt":"2024-09-02T12:36:01","guid":{"rendered":"https:\/\/theinvisiblecollection.com\/?post_type=product&#038;p=5506928"},"modified":"2026-05-08T04:38:49","modified_gmt":"2026-05-08T04:38:49","slug":"nordic-knots-tapis-nomad","status":"publish","type":"product","link":"https:\/\/theinvisiblecollection.com\/fr\/produit\/nordic-knots-tapis-nomad\/","title":{"rendered":"Tapis Nomad"},"content":{"rendered":"<p style=\"text-align: justify;\"><span class=\"TextRun SCXW256626823 BCX8\" lang=\"FR-FR\" xml:lang=\"FR-FR\" data-contrast=\"auto\"><span class=\"NormalTextRun SCXW256626823 BCX8\">Inspir\u00e9e par l&#8217;h\u00e9ritage des tatouages nomades nordiques, la marque a fait appel au c\u00e9l\u00e8bre tatoueur Erik <\/span><span class=\"NormalTextRun SpellingErrorV2Themed SCXW256626823 BCX8\">L\u00f6\u00f6f<\/span><span class=\"NormalTextRun SCXW256626823 BCX8\"> du Stockholm <\/span><span class=\"NormalTextRun SpellingErrorV2Themed SCXW256626823 BCX8\">Classic<\/span><span class=\"NormalTextRun SCXW256626823 BCX8\"> Tattoo Studio pour cr\u00e9er un motif unique destin\u00e9 aux nomades modernes du monde entier. Le tapis Nomad est nou\u00e9 \u00e0 la main avec de la laine de haute qualit\u00e9, avec un poil de laine hirsute de 42 mm pour une sensation de confort. O\u00f9 que vous ayez \u00e9t\u00e9 et o\u00f9 que vous alliez, le tapis Nomad vous permettra de vous sentir comme chez vous. La collection Nomad est fabriqu\u00e9e en petites s\u00e9ries, avec seulement quelques exemplaires disponibles dans chaque taille.<\/span><\/span><span class=\"EOP SCXW256626823 BCX8\" data-ccp-props=\"{&quot;201341983&quot;:0,&quot;335559740&quot;:259}\">\u00a0<\/span><\/p>\n","protected":false},"excerpt":{"rendered":"<p>Inspir\u00e9e par l&#8217;h\u00e9ritage des tatouages nomades nordiques, la marque a fait appel au c\u00e9l\u00e8bre tatoueur Erik L\u00f6\u00f6f du Stockholm Classic Tattoo Studio pour cr\u00e9er un motif unique destin\u00e9 aux nomades modernes du monde entier. Le tapis Nomad est nou\u00e9 \u00e0 la main avec de la laine de haute qualit\u00e9, avec un poil de laine hirsute [&hellip;]<\/p>\n","protected":false},"featured_media":5679859,"template":"","meta":{"_acf_changed":false,"content-type":"","_themeisle_gutenberg_block_has_review":false},"product_brand":[],"product_cat":[8183,12540],"product_tag":[],"product_designer":[31649],"comfabric":[],"manufacturer":[],"reporting_designer":[37437],"samplecomfabric":[],"designer_clubroom":[],"class_list":{"0":"post-5506928","1":"product","2":"type-product","3":"status-publish","4":"has-post-thumbnail","6":"product_cat-tapis-noues-a-la-main","7":"product_cat-tapis-fr","8":"pa_size-large-fr-2","9":"pa_size-moyenne-l-70-x-l-82-x-h-41-cm","10":"pa_size-petit","11":"pa_size-us-grand-pour-le-marche-americain-uniquement","12":"pa_size-us-moyen-pour-le-marche-americain-uniquement","13":"pa_size-us-petit-pour-le-marche-americain-uniquement","14":"product_designer-nordic-knots-fr","15":"reporting_designer-nordic-knots","17":"first","18":"instock","19":"taxable","20":"shipping-taxable","21":"purchasable","22":"product-type-variable"},"acf":[],"_links":{"self":[{"href":"https:\/\/theinvisiblecollection.com\/fr\/wp-json\/wp\/v2\/product\/5506928","targetHints":{"allow":["GET"]}}],"collection":[{"href":"https:\/\/theinvisiblecollection.com\/fr\/wp-json\/wp\/v2\/product"}],"about":[{"href":"https:\/\/theinvisiblecollection.com\/fr\/wp-json\/wp\/v2\/types\/product"}],"wp:featuredmedia":[{"embeddable":true,"href":"https:\/\/theinvisiblecollection.com\/fr\/wp-json\/wp\/v2\/media\/5679859"}],"wp:attachment":[{"href":"https:\/\/theinvisiblecollection.com\/fr\/wp-json\/wp\/v2\/media?parent=5506928"}],"wp:term":[{"taxonomy":"product_brand","embeddable":true,"href":"https:\/\/theinvisiblecollection.com\/fr\/wp-json\/wp\/v2\/product_brand?post=5506928"},{"taxonomy":"product_cat","embeddable":true,"href":"https:\/\/theinvisiblecollection.com\/fr\/wp-json\/wp\/v2\/product_cat?post=5506928"},{"taxonomy":"product_tag","embeddable":true,"href":"https:\/\/theinvisiblecollection.com\/fr\/wp-json\/wp\/v2\/product_tag?post=5506928"},{"taxonomy":"product_designer","embeddable":true,"href":"https:\/\/theinvisiblecollection.com\/fr\/wp-json\/wp\/v2\/product_designer?post=5506928"},{"taxonomy":"comfabric","embeddable":true,"href":"https:\/\/theinvisiblecollection.com\/fr\/wp-json\/wp\/v2\/comfabric?post=5506928"},{"taxonomy":"manufacturer","embeddable":true,"href":"https:\/\/theinvisiblecollection.com\/fr\/wp-json\/wp\/v2\/manufacturer?post=5506928"},{"taxonomy":"reporting_designer","embeddable":true,"href":"https:\/\/theinvisiblecollection.com\/fr\/wp-json\/wp\/v2\/reporting_designer?post=5506928"},{"taxonomy":"samplecomfabric","embeddable":true,"href":"https:\/\/theinvisiblecollection.com\/fr\/wp-json\/wp\/v2\/samplecomfabric?post=5506928"},{"taxonomy":"clubroom_product_designer","embeddable":true,"href":"https:\/\/theinvisiblecollection.com\/fr\/wp-json\/wp\/v2\/designer_clubroom?post=5506928"}],"curies":[{"name":"wp","href":"https:\/\/api.w.org\/{rel}","templated":true}]}}